{"id":5338,"date":"2022-11-29T13:18:12","date_gmt":"2022-11-29T12:18:12","guid":{"rendered":"https:\/\/mflhhmub.lucusprueba.es\/omgeving\/vall-de-nuria\/"},"modified":"2022-11-29T13:19:17","modified_gmt":"2022-11-29T12:19:17","slug":"vall-de-nuria","status":"publish","type":"page","link":"https:\/\/elsroures.com\/nl\/omgeving\/vall-de-nuria\/","title":{"rendered":"Vall de N\u00faria"},"content":{"rendered":"\n<div class=\"wp-block-cover alignfull cover-page is-style-no-margin margin-bottom\"><span aria-hidden=\"true\" class=\"wp-block-cover__background has-background-dim-20 has-background-dim\"><\/span><img loading=\"lazy\" decoding=\"async\" width=\"1024\" height=\"424\" class=\"wp-block-cover__image-background wp-image-760\" alt=\"\" src=\"https:\/\/elsroures.com\/wp-content\/uploads\/pobles-06.webp\" data-object-fit=\"cover\" srcset=\"https:\/\/elsroures.com\/wp-content\/uploads\/pobles-06.webp 1024w, https:\/\/elsroures.com\/wp-content\/uploads\/pobles-06-768x318.webp 768w\" sizes=\"auto, (max-width: 1024px) 100vw, 1024px\" \/><div class=\"wp-block-cover__inner-container is-layout-flow wp-block-cover-is-layout-flow\">\n<div class=\"wp-block-group is-layout-constrained wp-container-core-group-is-layout-f843088e wp-block-group-is-layout-constrained\"><h1 class=\"has-text-align-center wp-block-post-title has-text-color has-blank-white-color\">Vall de N\u00faria<\/h1>\n\n<div id=\"wp-block-booking-widget-block_4412efe4401eb69780eb3a0a8d51f1d5\" class=\"wp-block-booking-widget has-text-align-left\">\n        <div class=\"booking-widget-wrapper\"><script>\n            document.addEventListener('DOMContentLoaded', function () {\n\n                var widget = new MasterWidget('widgetBookingContainer9269', {\n                    lang: 'nl',idProperty: '64',class: 'widget_columns',target: '_blank',dropdown: true,\n                    url: 'https:\/\/booking.elsroures.com'\n                });\n\n\n            });\n\n            <\/script><div id=\"widgetBookingContainer9269\"> <\/div><\/div>\n        <div class=\"booking-button-wrapper\"><\/div>\n<\/div>\n<\/div>\n\n\n\n<p>\/<\/p>\n<\/div><\/div>\n\n<p class=\"has-text-align-center has-blank-dark-grey-color has-text-color\" style=\"margin-bottom:10vh\">Het bergstation <strong>Vall de N\u00faria<\/strong>, met zijn unieke natuurlijke en landschappelijke rijkdom, ligt in de oostelijke Pyrenee\u00ebn, in de gemeente Queralbs. Het domineert een van de hoogste punten in de Vall de Ribes en wordt omringd door toppen van bijna 3.000 meter, waaruit vele bronnen en beekjes ontspringen.<\/p>\n\n<div class=\"wp-block-media-text alignfull is-stacked-on-mobile\" style=\"margin-bottom:10vh\"><figure class=\"wp-block-media-text__media\"><img loading=\"lazy\" decoding=\"async\" width=\"1280\" height=\"960\" src=\"https:\/\/elsroures.com\/wp-content\/uploads\/nuria-01-1.webp\" alt=\"\" class=\"wp-image-5333 size-full\" srcset=\"https:\/\/elsroures.com\/wp-content\/uploads\/nuria-01-1.webp 1280w, https:\/\/elsroures.com\/wp-content\/uploads\/nuria-01-1-1024x768.webp 1024w, https:\/\/elsroures.com\/wp-content\/uploads\/nuria-01-1-768x576.webp 768w\" sizes=\"auto, (max-width: 1280px) 100vw, 1280px\" \/><\/figure><div class=\"wp-block-media-text__content\">\n<p class=\"has-blank-dark-grey-color has-text-color\">We raden je aan om te genieten van dit <strong>spectaculaire hooggebergtelandschap<\/strong> met een uniek vervoermiddel: de trencremallera, de enige manier om de Vall de N\u00faria te bereiken. Het rek heeft een route van 12,5 km en overbrugt een hoogteverschil van meer dan 1.000 meter. Gebruikers ervaren vanaf het eerste moment een veelvoud aan sensaties: ze genieten van de schoonheid en de spectaculairheid van het landschap dat de N\u00faria-kogge doorkruist. De tandradtrein Vall de N\u00faria kan worden genomen vanuit Ribes de Freser of vanuit Queralbs.<\/p>\n\n\n\n<p class=\"has-blank-dark-grey-color has-text-color\">In de zomer kunt u genieten van vele activiteiten, zoals een boottocht, boogschieten, minigolf, ori\u00ebntatiecircuits, wandelen, ruiterpaden, pretpark, het hol van de marmotten en vele andere&#8230;<\/p>\n\n\n\n<div class=\"wp-block-buttons is-layout-flex wp-block-buttons-is-layout-flex\">\n<div class=\"wp-block-button is-style-outline is-style-outline--1\"><a class=\"wp-block-button__link has-blank-dark-grey-color has-text-color wp-element-button\" href=\"https:\/\/www.valldenuria.cat\/estiu\/\" target=\"_blank\" rel=\"noreferrer noopener\">Meer informatie<\/a><\/div>\n<\/div>\n<\/div><\/div>\n","protected":false},"excerpt":{"rendered":"<p>Het bergstation Vall de N\u00faria, met zijn unieke natuurlijke en landschappelijke rijkdom, ligt in de oostelijke Pyrenee\u00ebn, in de gemeente Queralbs. Het domineert een van&#8230;<\/p>\n","protected":false},"author":1,"featured_media":0,"parent":3333,"menu_order":3,"comment_status":"closed","ping_status":"closed","template":"","meta":{"_acf_changed":false,"footnotes":""},"class_list":["post-5338","page","type-page","status-publish","hentry"],"acf":[],"yoast_head":"<!-- This site is optimized with the Yoast SEO plugin v27.3 - https:\/\/yoast.com\/product\/yoast-seo-wordpress\/ -->\n<title>Vall de N\u00faria | Els Roures<\/title>\n<meta name=\"robots\" content=\"index, follow, max-snippet:-1, max-image-preview:large, max-video-preview:-1\" \/>\n<link rel=\"canonical\" href=\"https:\/\/elsroures.com\/nl\/omgeving\/vall-de-nuria\/\" \/>\n<meta property=\"og:locale\" content=\"nl_NL\" \/>\n<meta property=\"og:type\" content=\"article\" \/>\n<meta property=\"og:title\" content=\"Vall de N\u00faria | Els Roures\" \/>\n<meta property=\"og:description\" content=\"Het bergstation Vall de N\u00faria, met zijn unieke natuurlijke en landschappelijke rijkdom, ligt in de oostelijke Pyrenee\u00ebn, in de gemeente Queralbs. Het domineert een van...\" \/>\n<meta property=\"og:url\" content=\"https:\/\/elsroures.com\/nl\/omgeving\/vall-de-nuria\/\" \/>\n<meta property=\"og:site_name\" content=\"Els Roures\" \/>\n<meta property=\"article:modified_time\" content=\"2022-11-29T12:19:17+00:00\" \/>\n<meta property=\"og:image\" content=\"https:\/\/elsroures.com\/wp-content\/uploads\/pobles-06.webp\" \/>\n<meta name=\"twitter:card\" content=\"summary_large_image\" \/>\n<meta name=\"twitter:label1\" content=\"Geschatte leestijd\" \/>\n\t<meta name=\"twitter:data1\" content=\"1 minuut\" \/>\n<script type=\"application\/ld+json\" class=\"yoast-schema-graph\">{\"@context\":\"https:\\\/\\\/schema.org\",\"@graph\":[{\"@type\":\"WebPage\",\"@id\":\"https:\\\/\\\/elsroures.com\\\/nl\\\/omgeving\\\/vall-de-nuria\\\/\",\"url\":\"https:\\\/\\\/elsroures.com\\\/nl\\\/omgeving\\\/vall-de-nuria\\\/\",\"name\":\"Vall de N\u00faria | Els Roures\",\"isPartOf\":{\"@id\":\"https:\\\/\\\/elsroures.com\\\/nl\\\/#website\"},\"primaryImageOfPage\":{\"@id\":\"https:\\\/\\\/elsroures.com\\\/nl\\\/omgeving\\\/vall-de-nuria\\\/#primaryimage\"},\"image\":{\"@id\":\"https:\\\/\\\/elsroures.com\\\/nl\\\/omgeving\\\/vall-de-nuria\\\/#primaryimage\"},\"thumbnailUrl\":\"https:\\\/\\\/elsroures.com\\\/wp-content\\\/uploads\\\/pobles-06.webp\",\"datePublished\":\"2022-11-29T12:18:12+00:00\",\"dateModified\":\"2022-11-29T12:19:17+00:00\",\"breadcrumb\":{\"@id\":\"https:\\\/\\\/elsroures.com\\\/nl\\\/omgeving\\\/vall-de-nuria\\\/#breadcrumb\"},\"inLanguage\":\"nl-NL\",\"potentialAction\":[{\"@type\":\"ReadAction\",\"target\":[\"https:\\\/\\\/elsroures.com\\\/nl\\\/omgeving\\\/vall-de-nuria\\\/\"]}]},{\"@type\":\"ImageObject\",\"inLanguage\":\"nl-NL\",\"@id\":\"https:\\\/\\\/elsroures.com\\\/nl\\\/omgeving\\\/vall-de-nuria\\\/#primaryimage\",\"url\":\"https:\\\/\\\/elsroures.com\\\/wp-content\\\/uploads\\\/pobles-06.webp\",\"contentUrl\":\"https:\\\/\\\/elsroures.com\\\/wp-content\\\/uploads\\\/pobles-06.webp\"},{\"@type\":\"BreadcrumbList\",\"@id\":\"https:\\\/\\\/elsroures.com\\\/nl\\\/omgeving\\\/vall-de-nuria\\\/#breadcrumb\",\"itemListElement\":[{\"@type\":\"ListItem\",\"position\":1,\"name\":\"Thuis\",\"item\":\"https:\\\/\\\/elsroures.com\\\/nl\\\/\"},{\"@type\":\"ListItem\",\"position\":2,\"name\":\"Omgeving\",\"item\":\"https:\\\/\\\/elsroures.com\\\/nl\\\/entorn\\\/\"},{\"@type\":\"ListItem\",\"position\":3,\"name\":\"Vall de N\u00faria\"}]},{\"@type\":\"WebSite\",\"@id\":\"https:\\\/\\\/elsroures.com\\\/nl\\\/#website\",\"url\":\"https:\\\/\\\/elsroures.com\\\/nl\\\/\",\"name\":\"Els Roures\",\"description\":\"Otro sitio realizado con WordPress\",\"publisher\":{\"@id\":\"https:\\\/\\\/elsroures.com\\\/nl\\\/#organization\"},\"potentialAction\":[{\"@type\":\"SearchAction\",\"target\":{\"@type\":\"EntryPoint\",\"urlTemplate\":\"https:\\\/\\\/elsroures.com\\\/nl\\\/?s={search_term_string}\"},\"query-input\":{\"@type\":\"PropertyValueSpecification\",\"valueRequired\":true,\"valueName\":\"search_term_string\"}}],\"inLanguage\":\"nl-NL\"},{\"@type\":\"Organization\",\"@id\":\"https:\\\/\\\/elsroures.com\\\/nl\\\/#organization\",\"name\":\"Els Roures\",\"url\":\"https:\\\/\\\/elsroures.com\\\/nl\\\/\",\"logo\":{\"@type\":\"ImageObject\",\"inLanguage\":\"nl-NL\",\"@id\":\"https:\\\/\\\/elsroures.com\\\/nl\\\/#\\\/schema\\\/logo\\\/image\\\/\",\"url\":\"https:\\\/\\\/elsroures.com\\\/wp-content\\\/uploads\\\/logo-01.svg\",\"contentUrl\":\"https:\\\/\\\/elsroures.com\\\/wp-content\\\/uploads\\\/logo-01.svg\",\"width\":\"2048\",\"height\":\"2048\",\"caption\":\"Els Roures\"},\"image\":{\"@id\":\"https:\\\/\\\/elsroures.com\\\/nl\\\/#\\\/schema\\\/logo\\\/image\\\/\"},\"sameAs\":[\"https:\\\/\\\/www.instagram.com\\\/campingelsroures\\\/\"]}]}<\/script>\n<!-- \/ Yoast SEO plugin. -->","yoast_head_json":{"title":"Vall de N\u00faria | Els Roures","robots":{"index":"index","follow":"follow","max-snippet":"max-snippet:-1","max-image-preview":"max-image-preview:large","max-video-preview":"max-video-preview:-1"},"canonical":"https:\/\/elsroures.com\/nl\/omgeving\/vall-de-nuria\/","og_locale":"nl_NL","og_type":"article","og_title":"Vall de N\u00faria | Els Roures","og_description":"Het bergstation Vall de N\u00faria, met zijn unieke natuurlijke en landschappelijke rijkdom, ligt in de oostelijke Pyrenee\u00ebn, in de gemeente Queralbs. Het domineert een van...","og_url":"https:\/\/elsroures.com\/nl\/omgeving\/vall-de-nuria\/","og_site_name":"Els Roures","article_modified_time":"2022-11-29T12:19:17+00:00","og_image":[{"url":"https:\/\/elsroures.com\/wp-content\/uploads\/pobles-06.webp","type":"","width":"","height":""}],"twitter_card":"summary_large_image","twitter_misc":{"Geschatte leestijd":"1 minuut"},"schema":{"@context":"https:\/\/schema.org","@graph":[{"@type":"WebPage","@id":"https:\/\/elsroures.com\/nl\/omgeving\/vall-de-nuria\/","url":"https:\/\/elsroures.com\/nl\/omgeving\/vall-de-nuria\/","name":"Vall de N\u00faria | Els Roures","isPartOf":{"@id":"https:\/\/elsroures.com\/nl\/#website"},"primaryImageOfPage":{"@id":"https:\/\/elsroures.com\/nl\/omgeving\/vall-de-nuria\/#primaryimage"},"image":{"@id":"https:\/\/elsroures.com\/nl\/omgeving\/vall-de-nuria\/#primaryimage"},"thumbnailUrl":"https:\/\/elsroures.com\/wp-content\/uploads\/pobles-06.webp","datePublished":"2022-11-29T12:18:12+00:00","dateModified":"2022-11-29T12:19:17+00:00","breadcrumb":{"@id":"https:\/\/elsroures.com\/nl\/omgeving\/vall-de-nuria\/#breadcrumb"},"inLanguage":"nl-NL","potentialAction":[{"@type":"ReadAction","target":["https:\/\/elsroures.com\/nl\/omgeving\/vall-de-nuria\/"]}]},{"@type":"ImageObject","inLanguage":"nl-NL","@id":"https:\/\/elsroures.com\/nl\/omgeving\/vall-de-nuria\/#primaryimage","url":"https:\/\/elsroures.com\/wp-content\/uploads\/pobles-06.webp","contentUrl":"https:\/\/elsroures.com\/wp-content\/uploads\/pobles-06.webp"},{"@type":"BreadcrumbList","@id":"https:\/\/elsroures.com\/nl\/omgeving\/vall-de-nuria\/#breadcrumb","itemListElement":[{"@type":"ListItem","position":1,"name":"Thuis","item":"https:\/\/elsroures.com\/nl\/"},{"@type":"ListItem","position":2,"name":"Omgeving","item":"https:\/\/elsroures.com\/nl\/entorn\/"},{"@type":"ListItem","position":3,"name":"Vall de N\u00faria"}]},{"@type":"WebSite","@id":"https:\/\/elsroures.com\/nl\/#website","url":"https:\/\/elsroures.com\/nl\/","name":"Els Roures","description":"Otro sitio realizado con WordPress","publisher":{"@id":"https:\/\/elsroures.com\/nl\/#organization"},"potentialAction":[{"@type":"SearchAction","target":{"@type":"EntryPoint","urlTemplate":"https:\/\/elsroures.com\/nl\/?s={search_term_string}"},"query-input":{"@type":"PropertyValueSpecification","valueRequired":true,"valueName":"search_term_string"}}],"inLanguage":"nl-NL"},{"@type":"Organization","@id":"https:\/\/elsroures.com\/nl\/#organization","name":"Els Roures","url":"https:\/\/elsroures.com\/nl\/","logo":{"@type":"ImageObject","inLanguage":"nl-NL","@id":"https:\/\/elsroures.com\/nl\/#\/schema\/logo\/image\/","url":"https:\/\/elsroures.com\/wp-content\/uploads\/logo-01.svg","contentUrl":"https:\/\/elsroures.com\/wp-content\/uploads\/logo-01.svg","width":"2048","height":"2048","caption":"Els Roures"},"image":{"@id":"https:\/\/elsroures.com\/nl\/#\/schema\/logo\/image\/"},"sameAs":["https:\/\/www.instagram.com\/campingelsroures\/"]}]}},"_links":{"self":[{"href":"https:\/\/elsroures.com\/nl\/wp-json\/wp\/v2\/pages\/5338","targetHints":{"allow":["GET"]}}],"collection":[{"href":"https:\/\/elsroures.com\/nl\/wp-json\/wp\/v2\/pages"}],"about":[{"href":"https:\/\/elsroures.com\/nl\/wp-json\/wp\/v2\/types\/page"}],"author":[{"embeddable":true,"href":"https:\/\/elsroures.com\/nl\/wp-json\/wp\/v2\/users\/1"}],"replies":[{"embeddable":true,"href":"https:\/\/elsroures.com\/nl\/wp-json\/wp\/v2\/comments?post=5338"}],"version-history":[{"count":1,"href":"https:\/\/elsroures.com\/nl\/wp-json\/wp\/v2\/pages\/5338\/revisions"}],"predecessor-version":[{"id":5339,"href":"https:\/\/elsroures.com\/nl\/wp-json\/wp\/v2\/pages\/5338\/revisions\/5339"}],"up":[{"embeddable":true,"href":"https:\/\/elsroures.com\/nl\/wp-json\/wp\/v2\/pages\/3333"}],"wp:attachment":[{"href":"https:\/\/elsroures.com\/nl\/wp-json\/wp\/v2\/media?parent=5338"}],"curies":[{"name":"wp","href":"https:\/\/api.w.org\/{rel}","templated":true}]}}