{"id":5102,"date":"2022-06-01T08:31:15","date_gmt":"2022-06-01T06:31:15","guid":{"rendered":"https:\/\/mflhhmub.lucusprueba.es\/omgeving\/activiteiten\/"},"modified":"2022-11-21T12:51:23","modified_gmt":"2022-11-21T11:51:23","slug":"activiteiten","status":"publish","type":"page","link":"https:\/\/elsroures.com\/nl\/omgeving\/activiteiten\/","title":{"rendered":"Activiteiten"},"content":{"rendered":"\n<div class=\"wp-block-cover alignfull cover-page is-style-no-margin margin-bottom\"><span aria-hidden=\"true\" class=\"wp-block-cover__background has-background-dim-20 has-background-dim\"><\/span><img loading=\"lazy\" decoding=\"async\" width=\"1600\" height=\"800\" class=\"wp-block-cover__image-background wp-image-778\" alt=\"\" src=\"https:\/\/elsroures.com\/wp-content\/uploads\/activitats-05.webp\" data-object-fit=\"cover\" srcset=\"https:\/\/elsroures.com\/wp-content\/uploads\/activitats-05.webp 1600w, https:\/\/elsroures.com\/wp-content\/uploads\/activitats-05-1024x512.webp 1024w, https:\/\/elsroures.com\/wp-content\/uploads\/activitats-05-768x384.webp 768w, https:\/\/elsroures.com\/wp-content\/uploads\/activitats-05-1536x768.webp 1536w\" sizes=\"auto, (max-width: 1600px) 100vw, 1600px\" \/><div class=\"wp-block-cover__inner-container is-layout-flow wp-block-cover-is-layout-flow\">\n<div class=\"wp-block-group is-layout-constrained wp-container-core-group-is-layout-f843088e wp-block-group-is-layout-constrained\">\n<h3 class=\"has-text-align-center text-shadow animation--init wp-block-heading\">Omgeving<\/h3>\n\n\n<h1 class=\"has-text-align-center  animation--init wp-block-post-title has-text-color has-blank-white-color\">Activiteiten<\/h1>\n\n<div id=\"wp-block-booking-widget-block_43c2274f10311585f22be73a1492ab44\" class=\"wp-block-booking-widget margin-bottom animation--init has-text-align-left margin-bottom animation--init\">\n        <div class=\"booking-widget-wrapper\"><script>\n            document.addEventListener('DOMContentLoaded', function () {\n\n                var widget = new MasterWidget('widgetBookingContainer2577', {\n                    lang: 'nl',idProperty: '64',class: 'widget_columns',target: '_blank',dropdown: true,\n                    url: 'https:\/\/booking.elsroures.com'\n                });\n\n\n            });\n\n            <\/script><div id=\"widgetBookingContainer2577\"> <\/div><\/div>\n        <div class=\"booking-button-wrapper\"><\/div>\n<\/div>\n\n\n\n<div class=\"wp-block-buttons alignfull page-tabs is-content-justification-center is-layout-flex wp-container-core-buttons-is-layout-a89b3969 wp-block-buttons-is-layout-flex\">\n<div class=\"wp-block-button\"><a class=\"wp-block-button__link has-blank-white-color has-blank-dark-green-background-color has-text-color has-background wp-element-button\" href=\"https:\/\/elsroures.com\/nl\/omgeving\/natuur\/\"><strong>NATURE<\/strong><\/a><\/div>\n\n\n\n<div class=\"wp-block-button current-tab\"><a class=\"wp-block-button__link has-blank-black-color has-blank-white-background-color has-text-color has-background wp-element-button\" href=\"https:\/\/elsroures.com\/activitats\/\"><strong>ACTIVITEITEN<\/strong><\/a><\/div>\n\n\n\n<div class=\"wp-block-button\"><a class=\"wp-block-button__link has-blank-white-color has-blank-dark-green-background-color has-text-color has-background wp-element-button\" href=\"https:\/\/elsroures.com\/nl\/omgeving\/steden\/\"><strong>STEDEN<\/strong><\/a><\/div>\n<\/div>\n<\/div>\n<\/div><\/div>\n\n\n\n<h2 class=\"has-text-align-center wp-block-heading\">Activiteiten rondom Camping les Roures<\/h2>\n\n\n\n<p class=\"has-text-align-center has-blank-dark-grey-color has-text-color\">Hieronder beschrijven we veel activiteiten en excursies die kunnen worden gedaan rond de Camping les Roures en Vall de Camprodon.<\/p>\n\n\n\n<p class=\"has-text-align-center margin-bottom has-blank-dark-grey-color has-text-color\">Zie dan hier onze mini-gids versie die <a rel=\"noreferrer noopener\" href=\"https:\/\/elsroures.com\/wp-content\/uploads\/atractius-al-voltant-del-camping-2016.pdf\" target=\"_blank\">U comfortabel thuis kunt raadplegen<\/a>!<\/p>\n\n\n\n<div class=\"wp-block-group alignfull media-block is-layout-constrained wp-container-core-group-is-layout-400bda7f wp-block-group-is-layout-constrained\">\n<div class=\"wp-block-media-text alignwide has-media-on-the-right is-stacked-on-mobile\" style=\"grid-template-columns:auto 45%\"><div class=\"wp-block-media-text__content\">\n<h3 class=\"wp-block-heading\">Via Romana Capsacosta<\/h3>\n\n\n\n<p class=\"has-blank-dark-grey-color has-text-color\">In de Ripoll\u00e8s streek liep de Via Ania, \u00e9\u00e9n van de aftakkingen van de <strong>Via Augusta<\/strong>. Deze ging van Figueres naar de bergen, en daarna via de Bianya vlakte naar Capsacosta, Ares en Aresals, eindigde de weg in Galli\u00eb. Dankzij restauratiewerkzaamheden is de Via Romana in ere hersteld en getuigt ze in volle glorie van de Romeinse tijd, een periode van groot belang voor ons land. Dit buitengewone bouwwerk bestaat uit een reeks van muren, monumenten en andere elementen onthullen tweeduizend jaar geschiedenis. Gedurende deze wandeling verkleden de deelnemers zich als Romeinen en herbeleven ze de oorsprong van deze weg.<\/p>\n<\/div><figure class=\"wp-block-media-text__media\"><img loading=\"lazy\" decoding=\"async\" width=\"1280\" height=\"720\" src=\"https:\/\/elsroures.com\/wp-content\/uploads\/pobles-via-06.webp\" alt=\"\" class=\"wp-image-766 size-full\" srcset=\"https:\/\/elsroures.com\/wp-content\/uploads\/pobles-via-06.webp 1280w, https:\/\/elsroures.com\/wp-content\/uploads\/pobles-via-06-1024x576.webp 1024w, https:\/\/elsroures.com\/wp-content\/uploads\/pobles-via-06-768x432.webp 768w\" sizes=\"auto, (max-width: 1280px) 100vw, 1280px\" \/><\/figure><\/div>\n<\/div>\n\n\n\n<div class=\"wp-block-media-text alignfull is-stacked-on-mobile margin-bottom\" style=\"grid-template-columns:45% auto\"><figure class=\"wp-block-media-text__media\"><img loading=\"lazy\" decoding=\"async\" width=\"600\" height=\"425\" src=\"https:\/\/elsroures.com\/wp-content\/uploads\/pobles-via-05.webp\" alt=\"\" class=\"wp-image-765 size-full\"\/><\/figure><div class=\"wp-block-media-text__content\">\n<p class=\"has-blank-dark-grey-color has-text-color\">Family Hiking in Via Romana:<\/p>\n\n\n\n<ul class=\"wp-block-list\">\n<li>Duur: 3h 0min<\/li>\n\n\n\n<li>Afstand in km: 8,05 km<\/li>\n\n\n\n<li>Moeilijkheidsgraad: Gemakkelijk<\/li>\n<\/ul>\n<\/div><\/div>\n\n\n\n<div class=\"wp-block-media-text alignfull has-media-on-the-right is-stacked-on-mobile margin-bottom\" style=\"grid-template-columns:auto 55%\"><div class=\"wp-block-media-text__content\">\n<h2 class=\"has-blank-black-color has-text-color wp-block-heading\">Paddestoelen jagers<\/h2>\n\n\n\n<h3 class=\"has-blank-dark-grey-color has-text-color wp-block-heading\">Herfstactiviteit in Camprodon<\/h3>\n\n\n\n<p class=\"has-blank-dark-grey-color has-text-color\">In de omgeving van Camping les Roures vinden we dennen- en beukenbossen waar je kunt wandelen en vind je onder andere de zeer gewaardeerde roodbruine, eekhoorntjesbrood, trompetten. We oefenen, en als we geluk hebben en ze vinden, kunnen we ze koken en proeven. De rijkdom van de inheemse vegetatie bevordert de groei van een grote verscheidenheid aan paddenstoelen zoals eekhoorntjesbrood, lenegues, koningsvoeten, &#8220;fredolics&#8221;, rovellons en een lange et cetera, waardoor de herfst een unieke tijd wordt om jezelf te wijden aan hun oogst in een landschap omgeving die ook uniek is.<\/p>\n<\/div><figure class=\"wp-block-media-text__media\"><img loading=\"lazy\" decoding=\"async\" width=\"1024\" height=\"683\" src=\"https:\/\/elsroures.com\/wp-content\/uploads\/activitats-01.webp\" alt=\"\" class=\"wp-image-774 size-full\" srcset=\"https:\/\/elsroures.com\/wp-content\/uploads\/activitats-01.webp 1024w, https:\/\/elsroures.com\/wp-content\/uploads\/activitats-01-768x512.webp 768w, https:\/\/elsroures.com\/wp-content\/uploads\/activitats-01-900x600.webp 900w, https:\/\/elsroures.com\/wp-content\/uploads\/activitats-01-600x400.webp 600w, https:\/\/elsroures.com\/wp-content\/uploads\/activitats-01-450x300.webp 450w, https:\/\/elsroures.com\/wp-content\/uploads\/activitats-01-225x150.webp 225w\" sizes=\"auto, (max-width: 1024px) 100vw, 1024px\" \/><\/figure><\/div>\n\n\n\n<div class=\"wp-block-media-text alignfull is-stacked-on-mobile margin-bottom\" style=\"grid-template-columns:45% auto\"><figure class=\"wp-block-media-text__media\"><img loading=\"lazy\" decoding=\"async\" width=\"763\" height=\"683\" src=\"https:\/\/elsroures.com\/wp-content\/uploads\/activitats-03.webp\" alt=\"\" class=\"wp-image-776 size-full\"\/><\/figure><div class=\"wp-block-media-text__content\">\n<h3 class=\"wp-block-heading\">Moll\u00f3 Parc, een dierenpark<\/h3>\n\n\n\n<p class=\"has-blank-dark-grey-color has-text-color\"><strong>Moll\u00f3 Parc<\/strong> is een natuurpark gelegen in een bos. Tijdens de rondleiding en door middel van verschillende activiteiten kan de bezoeker de flora waarderen en dennen, eiken, eiken, essen, hulst, alberedes, hagi, enz. leren onderscheiden. en om te genieten van de weiden en de charme van het gemengde bos van de Pyrenee\u00ebn.<\/p>\n\n\n\n<p class=\"has-blank-dark-grey-color has-text-color\">Ideale activiteit om een \u200b\u200bgoede dag door te brengen. In een deel van de route is er een rivier en kun je heerlijk picknicken in een heel mooi gebied.<\/p>\n\n\n\n<div class=\"wp-block-cover is-light floating-element-2\" style=\"min-height:216px;aspect-ratio:unset;\"><span aria-hidden=\"true\" class=\"wp-block-cover__background has-blank-light-grey-background-color has-background-dim-100 has-background-dim\"><\/span><div class=\"wp-block-cover__inner-container is-layout-flow wp-block-cover-is-layout-flow\">\n<div class=\"wp-block-group is-content-justification-left is-nowrap is-layout-flex wp-container-core-group-is-layout-fc9f69e7 wp-block-group-is-layout-flex\">\n<figure class=\"wp-block-image size-full\"><img loading=\"lazy\" decoding=\"async\" width=\"237\" height=\"237\" src=\"https:\/\/elsroures.com\/wp-content\/uploads\/activitats-02.webp\" alt=\"\" class=\"wp-image-775\" srcset=\"https:\/\/elsroures.com\/wp-content\/uploads\/activitats-02.webp 237w, https:\/\/elsroures.com\/wp-content\/uploads\/activitats-02-200x200.webp 200w\" sizes=\"auto, (max-width: 237px) 100vw, 237px\" \/><\/figure>\n\n\n\n<div class=\"wp-block-group is-vertical is-layout-flex wp-container-core-group-is-layout-fe9cc265 wp-block-group-is-layout-flex\">\n<h4 class=\"has-text-font-size wp-block-heading\">MOLL\u00d3 AVONTURENPARK<\/h4>\n\n\n\n<p>Nieuw park met verschillende activiteiten op de bomen zoals zip-lijnen en Tibetaanse bruggen. Er zijn vier circuits met verschillende moeilijkheidsgraden, afhankelijk van lengte en leeftijd. Een daarvan is bedoeld voor kinderen tussen 2 en 5 jaar oud.<\/p>\n<\/div>\n<\/div>\n<\/div><\/div>\n<\/div><\/div>\n","protected":false},"excerpt":{"rendered":"<p>Activiteiten rondom Camping les Roures Hieronder beschrijven we veel activiteiten en excursies die kunnen worden gedaan rond de Camping les Roures en Vall de Camprodon&#8230;.<\/p>\n","protected":false},"author":1,"featured_media":0,"parent":3333,"menu_order":1,"comment_status":"closed","ping_status":"closed","template":"","meta":{"_acf_changed":false,"footnotes":""},"class_list":["post-5102","page","type-page","status-publish","hentry"],"acf":[],"yoast_head":"<!-- This site is optimized with the Yoast SEO plugin v27.3 - https:\/\/yoast.com\/product\/yoast-seo-wordpress\/ -->\n<title>Activiteiten | Els Roures<\/title>\n<meta name=\"robots\" content=\"index, follow, max-snippet:-1, max-image-preview:large, max-video-preview:-1\" \/>\n<link rel=\"canonical\" href=\"https:\/\/elsroures.com\/nl\/omgeving\/activiteiten\/\" \/>\n<meta property=\"og:locale\" content=\"nl_NL\" \/>\n<meta property=\"og:type\" content=\"article\" \/>\n<meta property=\"og:title\" content=\"Activiteiten | Els Roures\" \/>\n<meta property=\"og:description\" content=\"Activiteiten rondom Camping les Roures Hieronder beschrijven we veel activiteiten en excursies die kunnen worden gedaan rond de Camping les Roures en Vall de Camprodon....\" \/>\n<meta property=\"og:url\" content=\"https:\/\/elsroures.com\/nl\/omgeving\/activiteiten\/\" \/>\n<meta property=\"og:site_name\" content=\"Els Roures\" \/>\n<meta property=\"article:modified_time\" content=\"2022-11-21T11:51:23+00:00\" \/>\n<meta property=\"og:image\" content=\"https:\/\/elsroures.com\/wp-content\/uploads\/activitats-05.webp\" \/>\n<meta name=\"twitter:card\" content=\"summary_large_image\" \/>\n<meta name=\"twitter:label1\" content=\"Geschatte leestijd\" \/>\n\t<meta name=\"twitter:data1\" content=\"2 minuten\" \/>\n<script type=\"application\/ld+json\" class=\"yoast-schema-graph\">{\"@context\":\"https:\\\/\\\/schema.org\",\"@graph\":[{\"@type\":\"WebPage\",\"@id\":\"https:\\\/\\\/elsroures.com\\\/nl\\\/omgeving\\\/activiteiten\\\/\",\"url\":\"https:\\\/\\\/elsroures.com\\\/nl\\\/omgeving\\\/activiteiten\\\/\",\"name\":\"Activiteiten | Els Roures\",\"isPartOf\":{\"@id\":\"https:\\\/\\\/elsroures.com\\\/nl\\\/#website\"},\"primaryImageOfPage\":{\"@id\":\"https:\\\/\\\/elsroures.com\\\/nl\\\/omgeving\\\/activiteiten\\\/#primaryimage\"},\"image\":{\"@id\":\"https:\\\/\\\/elsroures.com\\\/nl\\\/omgeving\\\/activiteiten\\\/#primaryimage\"},\"thumbnailUrl\":\"https:\\\/\\\/elsroures.com\\\/wp-content\\\/uploads\\\/activitats-05.webp\",\"datePublished\":\"2022-06-01T06:31:15+00:00\",\"dateModified\":\"2022-11-21T11:51:23+00:00\",\"breadcrumb\":{\"@id\":\"https:\\\/\\\/elsroures.com\\\/nl\\\/omgeving\\\/activiteiten\\\/#breadcrumb\"},\"inLanguage\":\"nl-NL\",\"potentialAction\":[{\"@type\":\"ReadAction\",\"target\":[\"https:\\\/\\\/elsroures.com\\\/nl\\\/omgeving\\\/activiteiten\\\/\"]}]},{\"@type\":\"ImageObject\",\"inLanguage\":\"nl-NL\",\"@id\":\"https:\\\/\\\/elsroures.com\\\/nl\\\/omgeving\\\/activiteiten\\\/#primaryimage\",\"url\":\"https:\\\/\\\/elsroures.com\\\/wp-content\\\/uploads\\\/activitats-05.webp\",\"contentUrl\":\"https:\\\/\\\/elsroures.com\\\/wp-content\\\/uploads\\\/activitats-05.webp\"},{\"@type\":\"BreadcrumbList\",\"@id\":\"https:\\\/\\\/elsroures.com\\\/nl\\\/omgeving\\\/activiteiten\\\/#breadcrumb\",\"itemListElement\":[{\"@type\":\"ListItem\",\"position\":1,\"name\":\"Thuis\",\"item\":\"https:\\\/\\\/elsroures.com\\\/nl\\\/\"},{\"@type\":\"ListItem\",\"position\":2,\"name\":\"Omgeving\",\"item\":\"https:\\\/\\\/elsroures.com\\\/nl\\\/entorn\\\/\"},{\"@type\":\"ListItem\",\"position\":3,\"name\":\"Activiteiten\"}]},{\"@type\":\"WebSite\",\"@id\":\"https:\\\/\\\/elsroures.com\\\/nl\\\/#website\",\"url\":\"https:\\\/\\\/elsroures.com\\\/nl\\\/\",\"name\":\"Els Roures\",\"description\":\"Otro sitio realizado con WordPress\",\"publisher\":{\"@id\":\"https:\\\/\\\/elsroures.com\\\/nl\\\/#organization\"},\"potentialAction\":[{\"@type\":\"SearchAction\",\"target\":{\"@type\":\"EntryPoint\",\"urlTemplate\":\"https:\\\/\\\/elsroures.com\\\/nl\\\/?s={search_term_string}\"},\"query-input\":{\"@type\":\"PropertyValueSpecification\",\"valueRequired\":true,\"valueName\":\"search_term_string\"}}],\"inLanguage\":\"nl-NL\"},{\"@type\":\"Organization\",\"@id\":\"https:\\\/\\\/elsroures.com\\\/nl\\\/#organization\",\"name\":\"Els Roures\",\"url\":\"https:\\\/\\\/elsroures.com\\\/nl\\\/\",\"logo\":{\"@type\":\"ImageObject\",\"inLanguage\":\"nl-NL\",\"@id\":\"https:\\\/\\\/elsroures.com\\\/nl\\\/#\\\/schema\\\/logo\\\/image\\\/\",\"url\":\"https:\\\/\\\/elsroures.com\\\/wp-content\\\/uploads\\\/logo-01.svg\",\"contentUrl\":\"https:\\\/\\\/elsroures.com\\\/wp-content\\\/uploads\\\/logo-01.svg\",\"width\":\"2048\",\"height\":\"2048\",\"caption\":\"Els Roures\"},\"image\":{\"@id\":\"https:\\\/\\\/elsroures.com\\\/nl\\\/#\\\/schema\\\/logo\\\/image\\\/\"},\"sameAs\":[\"https:\\\/\\\/www.instagram.com\\\/campingelsroures\\\/\"]}]}<\/script>\n<!-- \/ Yoast SEO plugin. -->","yoast_head_json":{"title":"Activiteiten | Els Roures","robots":{"index":"index","follow":"follow","max-snippet":"max-snippet:-1","max-image-preview":"max-image-preview:large","max-video-preview":"max-video-preview:-1"},"canonical":"https:\/\/elsroures.com\/nl\/omgeving\/activiteiten\/","og_locale":"nl_NL","og_type":"article","og_title":"Activiteiten | Els Roures","og_description":"Activiteiten rondom Camping les Roures Hieronder beschrijven we veel activiteiten en excursies die kunnen worden gedaan rond de Camping les Roures en Vall de Camprodon....","og_url":"https:\/\/elsroures.com\/nl\/omgeving\/activiteiten\/","og_site_name":"Els Roures","article_modified_time":"2022-11-21T11:51:23+00:00","og_image":[{"url":"https:\/\/elsroures.com\/wp-content\/uploads\/activitats-05.webp","type":"","width":"","height":""}],"twitter_card":"summary_large_image","twitter_misc":{"Geschatte leestijd":"2 minuten"},"schema":{"@context":"https:\/\/schema.org","@graph":[{"@type":"WebPage","@id":"https:\/\/elsroures.com\/nl\/omgeving\/activiteiten\/","url":"https:\/\/elsroures.com\/nl\/omgeving\/activiteiten\/","name":"Activiteiten | Els Roures","isPartOf":{"@id":"https:\/\/elsroures.com\/nl\/#website"},"primaryImageOfPage":{"@id":"https:\/\/elsroures.com\/nl\/omgeving\/activiteiten\/#primaryimage"},"image":{"@id":"https:\/\/elsroures.com\/nl\/omgeving\/activiteiten\/#primaryimage"},"thumbnailUrl":"https:\/\/elsroures.com\/wp-content\/uploads\/activitats-05.webp","datePublished":"2022-06-01T06:31:15+00:00","dateModified":"2022-11-21T11:51:23+00:00","breadcrumb":{"@id":"https:\/\/elsroures.com\/nl\/omgeving\/activiteiten\/#breadcrumb"},"inLanguage":"nl-NL","potentialAction":[{"@type":"ReadAction","target":["https:\/\/elsroures.com\/nl\/omgeving\/activiteiten\/"]}]},{"@type":"ImageObject","inLanguage":"nl-NL","@id":"https:\/\/elsroures.com\/nl\/omgeving\/activiteiten\/#primaryimage","url":"https:\/\/elsroures.com\/wp-content\/uploads\/activitats-05.webp","contentUrl":"https:\/\/elsroures.com\/wp-content\/uploads\/activitats-05.webp"},{"@type":"BreadcrumbList","@id":"https:\/\/elsroures.com\/nl\/omgeving\/activiteiten\/#breadcrumb","itemListElement":[{"@type":"ListItem","position":1,"name":"Thuis","item":"https:\/\/elsroures.com\/nl\/"},{"@type":"ListItem","position":2,"name":"Omgeving","item":"https:\/\/elsroures.com\/nl\/entorn\/"},{"@type":"ListItem","position":3,"name":"Activiteiten"}]},{"@type":"WebSite","@id":"https:\/\/elsroures.com\/nl\/#website","url":"https:\/\/elsroures.com\/nl\/","name":"Els Roures","description":"Otro sitio realizado con WordPress","publisher":{"@id":"https:\/\/elsroures.com\/nl\/#organization"},"potentialAction":[{"@type":"SearchAction","target":{"@type":"EntryPoint","urlTemplate":"https:\/\/elsroures.com\/nl\/?s={search_term_string}"},"query-input":{"@type":"PropertyValueSpecification","valueRequired":true,"valueName":"search_term_string"}}],"inLanguage":"nl-NL"},{"@type":"Organization","@id":"https:\/\/elsroures.com\/nl\/#organization","name":"Els Roures","url":"https:\/\/elsroures.com\/nl\/","logo":{"@type":"ImageObject","inLanguage":"nl-NL","@id":"https:\/\/elsroures.com\/nl\/#\/schema\/logo\/image\/","url":"https:\/\/elsroures.com\/wp-content\/uploads\/logo-01.svg","contentUrl":"https:\/\/elsroures.com\/wp-content\/uploads\/logo-01.svg","width":"2048","height":"2048","caption":"Els Roures"},"image":{"@id":"https:\/\/elsroures.com\/nl\/#\/schema\/logo\/image\/"},"sameAs":["https:\/\/www.instagram.com\/campingelsroures\/"]}]}},"_links":{"self":[{"href":"https:\/\/elsroures.com\/nl\/wp-json\/wp\/v2\/pages\/5102","targetHints":{"allow":["GET"]}}],"collection":[{"href":"https:\/\/elsroures.com\/nl\/wp-json\/wp\/v2\/pages"}],"about":[{"href":"https:\/\/elsroures.com\/nl\/wp-json\/wp\/v2\/types\/page"}],"author":[{"embeddable":true,"href":"https:\/\/elsroures.com\/nl\/wp-json\/wp\/v2\/users\/1"}],"replies":[{"embeddable":true,"href":"https:\/\/elsroures.com\/nl\/wp-json\/wp\/v2\/comments?post=5102"}],"version-history":[{"count":2,"href":"https:\/\/elsroures.com\/nl\/wp-json\/wp\/v2\/pages\/5102\/revisions"}],"predecessor-version":[{"id":5107,"href":"https:\/\/elsroures.com\/nl\/wp-json\/wp\/v2\/pages\/5102\/revisions\/5107"}],"up":[{"embeddable":true,"href":"https:\/\/elsroures.com\/nl\/wp-json\/wp\/v2\/pages\/3333"}],"wp:attachment":[{"href":"https:\/\/elsroures.com\/nl\/wp-json\/wp\/v2\/media?parent=5102"}],"curies":[{"name":"wp","href":"https:\/\/api.w.org\/{rel}","templated":true}]}}