{"id":5094,"date":"2022-05-31T15:08:07","date_gmt":"2022-05-31T13:08:07","guid":{"rendered":"https:\/\/mflhhmub.lucusprueba.es\/omgeving\/natuur\/"},"modified":"2022-11-21T12:14:29","modified_gmt":"2022-11-21T11:14:29","slug":"natuur","status":"publish","type":"page","link":"https:\/\/elsroures.com\/nl\/omgeving\/natuur\/","title":{"rendered":"Natuur"},"content":{"rendered":"\n<div class=\"wp-block-cover alignfull cover-page is-style-no-margin margin-bottom\"><span aria-hidden=\"true\" class=\"wp-block-cover__background has-background-dim-20 has-background-dim\"><\/span><img loading=\"lazy\" decoding=\"async\" width=\"1600\" height=\"762\" class=\"wp-block-cover__image-background wp-image-767\" alt=\"\" src=\"https:\/\/elsroures.com\/wp-content\/uploads\/natura-01.webp\" data-object-fit=\"cover\" srcset=\"https:\/\/elsroures.com\/wp-content\/uploads\/natura-01.webp 1600w, https:\/\/elsroures.com\/wp-content\/uploads\/natura-01-1024x488.webp 1024w, https:\/\/elsroures.com\/wp-content\/uploads\/natura-01-768x366.webp 768w, https:\/\/elsroures.com\/wp-content\/uploads\/natura-01-1536x732.webp 1536w\" sizes=\"auto, (max-width: 1600px) 100vw, 1600px\" \/><div class=\"wp-block-cover__inner-container is-layout-flow wp-block-cover-is-layout-flow\">\n<div class=\"wp-block-group is-layout-constrained wp-container-core-group-is-layout-f843088e wp-block-group-is-layout-constrained\">\n<h3 class=\"has-text-align-center text-shadow animation--init wp-block-heading\">Omgeving<\/h3>\n\n\n<h1 class=\"has-text-align-center  animation--init wp-block-post-title has-text-color has-blank-white-color\">Natuur<\/h1>\n\n<div id=\"wp-block-booking-widget-block_f2061cae44a800e1f8d86c3f0a82376f\" class=\"wp-block-booking-widget margin-bottom animation--init has-text-align-left margin-bottom animation--init\">\n        <div class=\"booking-widget-wrapper\"><script>\n            document.addEventListener('DOMContentLoaded', function () {\n\n                var widget = new MasterWidget('widgetBookingContainer1259', {\n                    lang: 'nl',idProperty: '64',class: 'widget_columns',target: '_blank',dropdown: true,\n                    url: 'https:\/\/booking.elsroures.com'\n                });\n\n\n            });\n\n            <\/script><div id=\"widgetBookingContainer1259\"> <\/div><\/div>\n        <div class=\"booking-button-wrapper\"><\/div>\n<\/div>\n\n\n\n<div class=\"wp-block-buttons alignfull page-tabs is-content-justification-center is-layout-flex wp-container-core-buttons-is-layout-a89b3969 wp-block-buttons-is-layout-flex\">\n<div class=\"wp-block-button current-tab\"><a class=\"wp-block-button__link has-blank-black-color has-blank-white-background-color has-text-color has-background\" href=\"javascript:void(0)\"><strong>NATURE<\/strong><\/a><\/div>\n\n\n\n<div class=\"wp-block-button\"><a class=\"wp-block-button__link has-blank-white-color has-blank-dark-green-background-color has-text-color has-background\" href=\"https:\/\/elsroures.com\/activitats\/\"><strong>ACTIVITEITEN<\/strong><\/a><\/div>\n\n\n\n<div class=\"wp-block-button\"><a class=\"wp-block-button__link has-blank-white-color has-blank-dark-green-background-color has-text-color has-background\" href=\"https:\/\/elsroures.com\/nl\/omgeving\/steden\/\"><strong>STEDEN<\/strong><\/a><\/div>\n<\/div>\n<\/div>\n<\/div><\/div>\n\n<h2 class=\"has-text-align-center wp-block-heading\">Excursies naar de bergen<\/h2>\n\n<p class=\"has-text-align-center has-blank-dark-grey-color has-text-color\">Als u reeds beginnen wilt met de planning van activiteiten en excursies tijdens uw verblijf in Camping els Roures.<\/p>\n\n<p class=\"has-text-align-center margin-bottom has-blank-dark-grey-color has-text-color\">Zie dan hier onze mini-gids versie die <a href=\"https:\/\/elsroures.com\/wp-content\/uploads\/atractius-al-voltant-del-camping-2016.pdf\" target=\"_blank\" rel=\"noreferrer noopener\">U comfortabel thuis kunt raadplegen<\/a>!<\/p>\n\n<div class=\"wp-block-media-text alignfull is-stacked-on-mobile margin-bottom\" style=\"grid-template-columns:55% auto\"><figure class=\"wp-block-media-text__media\"><img loading=\"lazy\" decoding=\"async\" width=\"768\" height=\"568\" src=\"https:\/\/elsroures.com\/wp-content\/uploads\/natura-07.webp\" alt=\"\" class=\"wp-image-773 size-full\"\/><\/figure><div class=\"wp-block-media-text__content\">\n<h3 class=\"wp-block-heading\">De Ter River<\/h3>\n\n\n\n<p class=\"has-blank-dark-grey-color has-text-color\">De Ter River, de rivier volgen verenigt de twee top toeristische attracties de Pyrenee\u00ebn en de Costa Brava, via een route die de loop van de rivier Ter volgt en loopt door de vijf provincies van Cataloni\u00eb.<\/p>\n\n\n\n<p class=\"has-blank-dark-grey-color has-text-color\">U kunt de route te voet of met de fiets doen.. Tijdens deze reis ontdekt U verschillende landschappen, culturele monumenten, geschiedenis en tradities van elke gemeente. Tegelijkertijd kunt U genieten van een breed scala aan gerechten en verschillende soorten accommodatie.<\/p>\n\n\n\n<div class=\"wp-block-buttons is-layout-flex wp-block-buttons-is-layout-flex\">\n<div class=\"wp-block-button is-style-outline is-style-outline--1\"><a class=\"wp-block-button__link has-blank-dark-grey-color has-text-color\" href=\"https:\/\/www.alt-ter.org\/itineraris.htm#30\" target=\"_blank\" rel=\"noreferrer noopener\">Meer informatie<\/a><\/div>\n<\/div>\n\n\n\n<p class=\"has-blank-dark-grey-color has-text-color\">Photo: CEA Alt Ter<\/p>\n<\/div><\/div>\n\n<div class=\"wp-block-group alignfull media-block margin-bottom is-layout-constrained wp-container-core-group-is-layout-400bda7f wp-block-group-is-layout-constrained\">\n<div class=\"wp-block-media-text alignwide has-media-on-the-right is-stacked-on-mobile\" style=\"grid-template-columns:auto 45%\"><figure class=\"wp-block-media-text__media\"><img loading=\"lazy\" decoding=\"async\" width=\"800\" height=\"600\" src=\"https:\/\/elsroures.com\/wp-content\/uploads\/natura-04.webp\" alt=\"\" class=\"wp-image-770 size-full\" srcset=\"https:\/\/elsroures.com\/wp-content\/uploads\/natura-04.webp 800w, https:\/\/elsroures.com\/wp-content\/uploads\/natura-04-768x576.webp 768w\" sizes=\"auto, (max-width: 800px) 100vw, 800px\" \/><\/figure><div class=\"wp-block-media-text__content\">\n<h3 class=\"wp-block-heading\">Natuurpark van de vulkanische zone van Garrotxa<\/h3>\n\n\n\n<p class=\"has-blank-dark-grey-color has-text-color\">Het is de beste exponent van het vulkanische landschap op het Iberisch schiereiland. Het heeft ongeveer veertig vulkanische kegels en meer dan 20 basalt lavastromen. De orografie, de bodem en het klimaat zorgen voor een gevarieerde vegetatie, vaak uitbundig, met steeneiken, eiken en beuken van uitzonderlijke landschappelijke waarde.<\/p>\n\n\n\n<p class=\"has-blank-dark-grey-color has-text-color\">In het natuurpark van de vulkanische zone van Garrotxa zijn er 28 wandelroutes die door de meest interessante plekken van het natuurpark lopen. De meeste zijn bewegwijzerd, met uitzondering van enkele van de langere die, als u eraan gewend bent, gemakkelijk kunnen worden gevolgd met behulp van de gidskaart van het natuurpark.<\/p>\n<\/div><\/div>\n\n\n\n<div class=\"wp-block-media-text alignwide is-stacked-on-mobile has-blank-light-grey-background-color has-background\" style=\"grid-template-columns:55% auto\"><figure class=\"wp-block-media-text__media\"><img loading=\"lazy\" decoding=\"async\" width=\"1600\" height=\"800\" src=\"https:\/\/elsroures.com\/wp-content\/uploads\/natura-05.webp\" alt=\"\" class=\"wp-image-771 size-full\" srcset=\"https:\/\/elsroures.com\/wp-content\/uploads\/natura-05.webp 1600w, https:\/\/elsroures.com\/wp-content\/uploads\/natura-05-1024x512.webp 1024w, https:\/\/elsroures.com\/wp-content\/uploads\/natura-05-768x384.webp 768w, https:\/\/elsroures.com\/wp-content\/uploads\/natura-05-1536x768.webp 1536w\" sizes=\"auto, (max-width: 1600px) 100vw, 1600px\" \/><\/figure><div class=\"wp-block-media-text__content\">\n<p class=\"has-blank-dark-grey-color has-text-color\">De routes van het natuurpark sluiten vaak aan op die van het Itiner\u00e0nnia-routenetwerk. Daarom kunt u vanaf de routes van het natuurpark te voet elk ander punt in Garrotxa, Ripoll\u00e8s of Alt Empord\u00e0 bereiken via Itiner\u00e0nnia.<\/p>\n\n\n\n<div class=\"wp-block-buttons is-layout-flex wp-block-buttons-is-layout-flex\">\n<div class=\"wp-block-button is-style-outline is-style-outline--2\"><a class=\"wp-block-button__link has-blank-black-color has-blank-light-grey-background-color has-text-color has-background\" href=\"https:\/\/ca.turismegarrotxa.com\/territori-i-natura\/parc-natural-i-espais-protegits\/parc-natural-de-la-zona-volcanica-de-la-garrotxa\/\" target=\"_blank\" rel=\"noreferrer noopener\">Meer informatie<\/a><\/div>\n<\/div>\n<\/div><\/div>\n<\/div>\n\n<div class=\"wp-block-media-text alignfull has-media-on-the-right is-stacked-on-mobile query-margin\" style=\"grid-template-columns:auto 45%\"><figure class=\"wp-block-media-text__media\"><img loading=\"lazy\" decoding=\"async\" width=\"1024\" height=\"681\" src=\"https:\/\/elsroures.com\/wp-content\/uploads\/natura-02.webp\" alt=\"\" class=\"wp-image-768 size-full\" srcset=\"https:\/\/elsroures.com\/wp-content\/uploads\/natura-02.webp 1024w, https:\/\/elsroures.com\/wp-content\/uploads\/natura-02-768x511.webp 768w, https:\/\/elsroures.com\/wp-content\/uploads\/natura-02-900x600.webp 900w, https:\/\/elsroures.com\/wp-content\/uploads\/natura-02-600x400.webp 600w, https:\/\/elsroures.com\/wp-content\/uploads\/natura-02-450x300.webp 450w, https:\/\/elsroures.com\/wp-content\/uploads\/natura-02-225x150.webp 225w\" sizes=\"auto, (max-width: 1024px) 100vw, 1024px\" \/><\/figure><div class=\"wp-block-media-text__content\">\n<h3 class=\"wp-block-heading\">La Fageda d\u2019en Jord\u00e0<\/h3>\n\n\n\n<p class=\"has-blank-dark-grey-color has-text-color\">Deze excursie is ideaal om er met de kinderen op uit te gaan en te genieten van een andere dag. Het combineert een beetje cultuur over ons land en een activiteit waar ze zeker van zullen houden. Excursie in koetsen door het beukenbos van Jord\u00e0 en daarna een bezoek aan de co\u00f6peratieve boerderij van het beukenbos waar je yoghurts, ijsjes, etc. kunt proeven en kopen.<\/p>\n\n\n\n<p class=\"has-blank-dark-grey-color has-text-color\">De beroemde Fageda d&#8217;en Jord\u00e0 is een zeer uitzonderlijk beukenbos omdat het op vlak land groeit, op slechts 550 meter hoogte. In feite zit het bovenop een lavastroom die wordt uitgestoten door de Croscat-vulkaan, waardoor het een ongelijk reli\u00ebf biedt. In <a href=\"http:\/\/activitatsgarrotxa.com\/activitats-a-la-garrotxa-carruatges\/\" target=\"_blank\" rel=\"noreferrer noopener\">deze link<\/a> vindt u de details van de route die wij u aanraden door het Beukenbos van Jord\u00e0.<\/p>\n<\/div><\/div>\n\n<p class=\"change-align has-blank-dark-grey-color has-text-color\">La Fageda d&#8217;en Jord\u00e0 is een van de 26 natuurreservaten die deel uitmaken van het natuurpark Garrotxa Volcanic Zone. Ze zeggen dat het mooiste seizoen om te bezoeken de herfst is, maar de waarheid is dat elk seizoen goed is om te genieten van een goede dag met het gezin.<\/p>\n\n<p class=\"change-align margin-bottom has-blank-dark-grey-color has-text-color\">Als u met uw gezin eens een andere dag wilt beleven, raden wij u de koetstocht door het beukenbos van Jord\u00e0 aan. Met de paardenkoetsen ga je door het interieur en leer je over de geschiedenis en de omgeving. Duur 1 uur. Meer details in deze link.<\/p>\n\n<div class=\"wp-block-media-text alignwide is-stacked-on-mobile margin-bottom\" style=\"grid-template-columns:55% auto\"><figure class=\"wp-block-media-text__media\"><img loading=\"lazy\" decoding=\"async\" width=\"726\" height=\"346\" src=\"https:\/\/elsroures.com\/wp-content\/uploads\/natura-03.webp\" alt=\"\" class=\"wp-image-769 size-full\"\/><\/figure><div class=\"wp-block-media-text__content\">\n<figure class=\"wp-block-image size-full\"><img loading=\"lazy\" decoding=\"async\" width=\"243\" height=\"129\" src=\"https:\/\/elsroures.com\/wp-content\/uploads\/natura-06.webp\" alt=\"\" class=\"wp-image-772\"\/><\/figure>\n\n\n<h4 class=\"has-blank-dark-grey-color has-text-color wp-block-heading\">Cooperativa la Fageda<\/h4>\n\n\n\n<p class=\"has-blank-dark-grey-color has-text-color\">Als aparte en zeer interessante activiteit voor jong en oud kun je de yoghurtboerderij La Fageda bezoeken. U kunt de faciliteiten bezoeken en een klein voorproefje krijgen.<\/p>\n\n\n\n<div class=\"wp-block-buttons is-layout-flex wp-block-buttons-is-layout-flex\">\n<div class=\"wp-block-button is-style-outline is-style-outline--3\"><a class=\"wp-block-button__link has-blank-dark-grey-color has-text-color\" href=\"https:\/\/www.fageda.com\/\" target=\"_blank\" rel=\"noreferrer noopener\">Boek nu<\/a><\/div>\n<\/div>\n<\/div><\/div>\n","protected":false},"excerpt":{"rendered":"<p>Excursies naar de bergen Als u reeds beginnen wilt met de planning van activiteiten en excursies tijdens uw verblijf in Camping els Roures. Zie dan&#8230;<\/p>\n","protected":false},"author":1,"featured_media":0,"parent":3333,"menu_order":0,"comment_status":"closed","ping_status":"closed","template":"","meta":{"_acf_changed":false,"footnotes":""},"class_list":["post-5094","page","type-page","status-publish","hentry"],"acf":[],"yoast_head":"<!-- This site is optimized with the Yoast SEO plugin v27.3 - https:\/\/yoast.com\/product\/yoast-seo-wordpress\/ -->\n<title>Natuur | Els Roures<\/title>\n<meta name=\"robots\" content=\"index, follow, max-snippet:-1, max-image-preview:large, max-video-preview:-1\" \/>\n<link rel=\"canonical\" href=\"https:\/\/elsroures.com\/nl\/omgeving\/natuur\/\" \/>\n<meta property=\"og:locale\" content=\"nl_NL\" \/>\n<meta property=\"og:type\" content=\"article\" \/>\n<meta property=\"og:title\" content=\"Natuur | Els Roures\" \/>\n<meta property=\"og:description\" content=\"Excursies naar de bergen Als u reeds beginnen wilt met de planning van activiteiten en excursies tijdens uw verblijf in Camping els Roures. Zie dan...\" \/>\n<meta property=\"og:url\" content=\"https:\/\/elsroures.com\/nl\/omgeving\/natuur\/\" \/>\n<meta property=\"og:site_name\" content=\"Els Roures\" \/>\n<meta property=\"article:modified_time\" content=\"2022-11-21T11:14:29+00:00\" \/>\n<meta property=\"og:image\" content=\"https:\/\/elsroures.com\/wp-content\/uploads\/natura-01.webp\" \/>\n<meta name=\"twitter:card\" content=\"summary_large_image\" \/>\n<meta name=\"twitter:label1\" content=\"Geschatte leestijd\" \/>\n\t<meta name=\"twitter:data1\" content=\"3 minuten\" \/>\n<script type=\"application\/ld+json\" class=\"yoast-schema-graph\">{\"@context\":\"https:\\\/\\\/schema.org\",\"@graph\":[{\"@type\":\"WebPage\",\"@id\":\"https:\\\/\\\/elsroures.com\\\/nl\\\/omgeving\\\/natuur\\\/\",\"url\":\"https:\\\/\\\/elsroures.com\\\/nl\\\/omgeving\\\/natuur\\\/\",\"name\":\"Natuur | Els Roures\",\"isPartOf\":{\"@id\":\"https:\\\/\\\/elsroures.com\\\/nl\\\/#website\"},\"primaryImageOfPage\":{\"@id\":\"https:\\\/\\\/elsroures.com\\\/nl\\\/omgeving\\\/natuur\\\/#primaryimage\"},\"image\":{\"@id\":\"https:\\\/\\\/elsroures.com\\\/nl\\\/omgeving\\\/natuur\\\/#primaryimage\"},\"thumbnailUrl\":\"https:\\\/\\\/elsroures.com\\\/wp-content\\\/uploads\\\/natura-01.webp\",\"datePublished\":\"2022-05-31T13:08:07+00:00\",\"dateModified\":\"2022-11-21T11:14:29+00:00\",\"breadcrumb\":{\"@id\":\"https:\\\/\\\/elsroures.com\\\/nl\\\/omgeving\\\/natuur\\\/#breadcrumb\"},\"inLanguage\":\"nl-NL\",\"potentialAction\":[{\"@type\":\"ReadAction\",\"target\":[\"https:\\\/\\\/elsroures.com\\\/nl\\\/omgeving\\\/natuur\\\/\"]}]},{\"@type\":\"ImageObject\",\"inLanguage\":\"nl-NL\",\"@id\":\"https:\\\/\\\/elsroures.com\\\/nl\\\/omgeving\\\/natuur\\\/#primaryimage\",\"url\":\"https:\\\/\\\/elsroures.com\\\/wp-content\\\/uploads\\\/natura-01.webp\",\"contentUrl\":\"https:\\\/\\\/elsroures.com\\\/wp-content\\\/uploads\\\/natura-01.webp\"},{\"@type\":\"BreadcrumbList\",\"@id\":\"https:\\\/\\\/elsroures.com\\\/nl\\\/omgeving\\\/natuur\\\/#breadcrumb\",\"itemListElement\":[{\"@type\":\"ListItem\",\"position\":1,\"name\":\"Thuis\",\"item\":\"https:\\\/\\\/elsroures.com\\\/nl\\\/\"},{\"@type\":\"ListItem\",\"position\":2,\"name\":\"Omgeving\",\"item\":\"https:\\\/\\\/elsroures.com\\\/nl\\\/entorn\\\/\"},{\"@type\":\"ListItem\",\"position\":3,\"name\":\"Natuur\"}]},{\"@type\":\"WebSite\",\"@id\":\"https:\\\/\\\/elsroures.com\\\/nl\\\/#website\",\"url\":\"https:\\\/\\\/elsroures.com\\\/nl\\\/\",\"name\":\"Els Roures\",\"description\":\"Otro sitio realizado con WordPress\",\"publisher\":{\"@id\":\"https:\\\/\\\/elsroures.com\\\/nl\\\/#organization\"},\"potentialAction\":[{\"@type\":\"SearchAction\",\"target\":{\"@type\":\"EntryPoint\",\"urlTemplate\":\"https:\\\/\\\/elsroures.com\\\/nl\\\/?s={search_term_string}\"},\"query-input\":{\"@type\":\"PropertyValueSpecification\",\"valueRequired\":true,\"valueName\":\"search_term_string\"}}],\"inLanguage\":\"nl-NL\"},{\"@type\":\"Organization\",\"@id\":\"https:\\\/\\\/elsroures.com\\\/nl\\\/#organization\",\"name\":\"Els Roures\",\"url\":\"https:\\\/\\\/elsroures.com\\\/nl\\\/\",\"logo\":{\"@type\":\"ImageObject\",\"inLanguage\":\"nl-NL\",\"@id\":\"https:\\\/\\\/elsroures.com\\\/nl\\\/#\\\/schema\\\/logo\\\/image\\\/\",\"url\":\"https:\\\/\\\/elsroures.com\\\/wp-content\\\/uploads\\\/logo-01.svg\",\"contentUrl\":\"https:\\\/\\\/elsroures.com\\\/wp-content\\\/uploads\\\/logo-01.svg\",\"width\":\"2048\",\"height\":\"2048\",\"caption\":\"Els Roures\"},\"image\":{\"@id\":\"https:\\\/\\\/elsroures.com\\\/nl\\\/#\\\/schema\\\/logo\\\/image\\\/\"},\"sameAs\":[\"https:\\\/\\\/www.instagram.com\\\/campingelsroures\\\/\"]}]}<\/script>\n<!-- \/ Yoast SEO plugin. -->","yoast_head_json":{"title":"Natuur | Els Roures","robots":{"index":"index","follow":"follow","max-snippet":"max-snippet:-1","max-image-preview":"max-image-preview:large","max-video-preview":"max-video-preview:-1"},"canonical":"https:\/\/elsroures.com\/nl\/omgeving\/natuur\/","og_locale":"nl_NL","og_type":"article","og_title":"Natuur | Els Roures","og_description":"Excursies naar de bergen Als u reeds beginnen wilt met de planning van activiteiten en excursies tijdens uw verblijf in Camping els Roures. Zie dan...","og_url":"https:\/\/elsroures.com\/nl\/omgeving\/natuur\/","og_site_name":"Els Roures","article_modified_time":"2022-11-21T11:14:29+00:00","og_image":[{"url":"https:\/\/elsroures.com\/wp-content\/uploads\/natura-01.webp","type":"","width":"","height":""}],"twitter_card":"summary_large_image","twitter_misc":{"Geschatte leestijd":"3 minuten"},"schema":{"@context":"https:\/\/schema.org","@graph":[{"@type":"WebPage","@id":"https:\/\/elsroures.com\/nl\/omgeving\/natuur\/","url":"https:\/\/elsroures.com\/nl\/omgeving\/natuur\/","name":"Natuur | Els Roures","isPartOf":{"@id":"https:\/\/elsroures.com\/nl\/#website"},"primaryImageOfPage":{"@id":"https:\/\/elsroures.com\/nl\/omgeving\/natuur\/#primaryimage"},"image":{"@id":"https:\/\/elsroures.com\/nl\/omgeving\/natuur\/#primaryimage"},"thumbnailUrl":"https:\/\/elsroures.com\/wp-content\/uploads\/natura-01.webp","datePublished":"2022-05-31T13:08:07+00:00","dateModified":"2022-11-21T11:14:29+00:00","breadcrumb":{"@id":"https:\/\/elsroures.com\/nl\/omgeving\/natuur\/#breadcrumb"},"inLanguage":"nl-NL","potentialAction":[{"@type":"ReadAction","target":["https:\/\/elsroures.com\/nl\/omgeving\/natuur\/"]}]},{"@type":"ImageObject","inLanguage":"nl-NL","@id":"https:\/\/elsroures.com\/nl\/omgeving\/natuur\/#primaryimage","url":"https:\/\/elsroures.com\/wp-content\/uploads\/natura-01.webp","contentUrl":"https:\/\/elsroures.com\/wp-content\/uploads\/natura-01.webp"},{"@type":"BreadcrumbList","@id":"https:\/\/elsroures.com\/nl\/omgeving\/natuur\/#breadcrumb","itemListElement":[{"@type":"ListItem","position":1,"name":"Thuis","item":"https:\/\/elsroures.com\/nl\/"},{"@type":"ListItem","position":2,"name":"Omgeving","item":"https:\/\/elsroures.com\/nl\/entorn\/"},{"@type":"ListItem","position":3,"name":"Natuur"}]},{"@type":"WebSite","@id":"https:\/\/elsroures.com\/nl\/#website","url":"https:\/\/elsroures.com\/nl\/","name":"Els Roures","description":"Otro sitio realizado con WordPress","publisher":{"@id":"https:\/\/elsroures.com\/nl\/#organization"},"potentialAction":[{"@type":"SearchAction","target":{"@type":"EntryPoint","urlTemplate":"https:\/\/elsroures.com\/nl\/?s={search_term_string}"},"query-input":{"@type":"PropertyValueSpecification","valueRequired":true,"valueName":"search_term_string"}}],"inLanguage":"nl-NL"},{"@type":"Organization","@id":"https:\/\/elsroures.com\/nl\/#organization","name":"Els Roures","url":"https:\/\/elsroures.com\/nl\/","logo":{"@type":"ImageObject","inLanguage":"nl-NL","@id":"https:\/\/elsroures.com\/nl\/#\/schema\/logo\/image\/","url":"https:\/\/elsroures.com\/wp-content\/uploads\/logo-01.svg","contentUrl":"https:\/\/elsroures.com\/wp-content\/uploads\/logo-01.svg","width":"2048","height":"2048","caption":"Els Roures"},"image":{"@id":"https:\/\/elsroures.com\/nl\/#\/schema\/logo\/image\/"},"sameAs":["https:\/\/www.instagram.com\/campingelsroures\/"]}]}},"_links":{"self":[{"href":"https:\/\/elsroures.com\/nl\/wp-json\/wp\/v2\/pages\/5094","targetHints":{"allow":["GET"]}}],"collection":[{"href":"https:\/\/elsroures.com\/nl\/wp-json\/wp\/v2\/pages"}],"about":[{"href":"https:\/\/elsroures.com\/nl\/wp-json\/wp\/v2\/types\/page"}],"author":[{"embeddable":true,"href":"https:\/\/elsroures.com\/nl\/wp-json\/wp\/v2\/users\/1"}],"replies":[{"embeddable":true,"href":"https:\/\/elsroures.com\/nl\/wp-json\/wp\/v2\/comments?post=5094"}],"version-history":[{"count":1,"href":"https:\/\/elsroures.com\/nl\/wp-json\/wp\/v2\/pages\/5094\/revisions"}],"predecessor-version":[{"id":5095,"href":"https:\/\/elsroures.com\/nl\/wp-json\/wp\/v2\/pages\/5094\/revisions\/5095"}],"up":[{"embeddable":true,"href":"https:\/\/elsroures.com\/nl\/wp-json\/wp\/v2\/pages\/3333"}],"wp:attachment":[{"href":"https:\/\/elsroures.com\/nl\/wp-json\/wp\/v2\/media?parent=5094"}],"curies":[{"name":"wp","href":"https:\/\/api.w.org\/{rel}","templated":true}]}}