{"id":3482,"date":"2022-06-03T10:00:39","date_gmt":"2022-06-03T08:00:39","guid":{"rendered":"https:\/\/mflhhmub.lucusprueba.es\/accommodaties\/camping\/"},"modified":"2025-02-07T17:50:05","modified_gmt":"2025-02-07T16:50:05","slug":"camping","status":"publish","type":"page","link":"https:\/\/elsroures.com\/nl\/accommodaties\/camping\/","title":{"rendered":"C\u00e0mping"},"content":{"rendered":"\n<div class=\"wp-block-cover alignfull is-light cover-page is-style-no-margin\"><span aria-hidden=\"true\" class=\"wp-block-cover__background has-background-dim-20 has-background-dim\" style=\"background-color:#8a8881\"><\/span><img loading=\"lazy\" decoding=\"async\" width=\"2048\" height=\"1152\" class=\"wp-block-cover__image-background wp-image-7071\" alt=\"\" src=\"https:\/\/elsroures.com\/wp-content\/uploads\/parcelas-caravana-1-camping-els-roures-1.jpg\" data-object-fit=\"cover\" srcset=\"https:\/\/elsroures.com\/wp-content\/uploads\/parcelas-caravana-1-camping-els-roures-1.jpg 2048w, https:\/\/elsroures.com\/wp-content\/uploads\/parcelas-caravana-1-camping-els-roures-1-1024x576.jpg 1024w, https:\/\/elsroures.com\/wp-content\/uploads\/parcelas-caravana-1-camping-els-roures-1-768x432.jpg 768w, https:\/\/elsroures.com\/wp-content\/uploads\/parcelas-caravana-1-camping-els-roures-1-1536x864.jpg 1536w\" sizes=\"auto, (max-width: 2048px) 100vw, 2048px\" \/><div class=\"wp-block-cover__inner-container is-layout-flow wp-block-cover-is-layout-flow\">\n<div class=\"wp-block-group is-layout-constrained wp-container-core-group-is-layout-f843088e wp-block-group-is-layout-constrained\">\n<h3 class=\"wp-block-heading has-text-align-center text-shadow animation--init has-blank-white-color has-text-color\">Accommodaties<\/h3>\n\n\n<h1 class=\"has-text-align-center  animation--init wp-block-post-title has-text-color has-blank-white-color\">C\u00e0mping<\/h1>\n\n<div id=\"wp-block-booking-widget-block_73d0646a90ba5210378652dee5b27454\" class=\"wp-block-booking-widget  animation--init has-text-align-left  animation--init\">\n        <div class=\"booking-widget-wrapper\"><script>\n            document.addEventListener('DOMContentLoaded', function () {\n\n                var widget = new MasterWidget('widgetBookingContainer7238', {\n                    lang: 'nl',idProperty: '64',class: 'widget_columns',categoryIds: [13],target: '_blank',dropdown: true,\n                    url: 'https:\/\/booking.elsroures.com'\n                });\n\n\n            });\n\n            <\/script><div id=\"widgetBookingContainer7238\"> <\/div><\/div>\n        <div class=\"booking-button-wrapper\"><\/div>\n<\/div>\n<\/div>\n\n\n\n<p>\/<\/p>\n<\/div><\/div>\n\n\n\n<div class=\"wp-block-group alignwide has-blank-dark-grey-color has-text-color has-link-color wp-elements-29e9bb7554928e4fd65d7ed208315484 is-content-justification-left is-layout-constrained wp-container-core-group-is-layout-b8f68c67 wp-block-group-is-layout-constrained\" style=\"margin-bottom:10vh\"><div class=\"yoast-breadcrumbs\"><span><span><a href=\"https:\/\/elsroures.com\/nl\/\">Thuis<\/a><\/span> \u00bb <span><a href=\"https:\/\/elsroures.com\/nl\/allotjaments\/\">Accommodaties<\/a><\/span> \u00bb <span class=\"breadcrumb_last\" aria-current=\"page\">C\u00e0mping<\/span><\/span><\/div><\/div>\n\n\n\n<h2 class=\"wp-block-heading has-text-align-center\">Camping in de Vall de Camprodon<\/h2>\n\n\n\n<p class=\"has-text-align-center has-blank-dark-grey-color has-text-color\" style=\"margin-bottom:4vh\">C\u00e0mping els Roures is een <strong>eersteklas familiecamping in de Catalaanse Pyrenee\u00ebn<\/strong>, in de regio Ripoll\u00e8s, met alle nodige diensten om uw verblijf in de prachtige Vall de Camprodon aangenamer te maken.<\/p>\n\n\n\n<div class=\"wp-block-columns accommodation-navbar is-layout-flex wp-container-core-columns-is-layout-e3075dc7 wp-block-columns-is-layout-flex\" style=\"margin-bottom:8vh\">\n<div class=\"wp-block-column is-layout-flow wp-block-column-is-layout-flow\" style=\"border-right-color:var(--wp--preset--color--blank-black);border-right-width:1px;padding-top:var(--wp--preset--spacing--40);padding-right:1rem;padding-bottom:var(--wp--preset--spacing--40);padding-left:1rem\">\n<p class=\"has-text-align-center\"><strong>Alle<\/strong><\/p>\n<\/div>\n\n\n\n<div class=\"wp-block-column is-layout-flow wp-block-column-is-layout-flow\" style=\"border-right-color:var(--wp--preset--color--blank-black);border-right-width:1px;padding-top:var(--wp--preset--spacing--40);padding-right:1rem;padding-bottom:var(--wp--preset--spacing--40);padding-left:1rem\">\n<p class=\"has-text-align-center has-blank-dark-grey-color has-text-color has-link-color wp-elements-11ae6c3c92ed29032bb4a36cf0ca5f56\">FAQS<\/p>\n<\/div>\n\n\n\n<div class=\"wp-block-column is-layout-flow wp-block-column-is-layout-flow\" style=\"border-right-color:var(--wp--preset--color--blank-black);border-right-width:1px;padding-top:var(--wp--preset--spacing--40);padding-right:1rem;padding-bottom:var(--wp--preset--spacing--40);padding-left:1rem\">\n<p class=\"has-text-align-center has-blank-dark-grey-color has-text-color has-link-color wp-elements-b15d4d2b699d7766b049ec77d03afa06\"><a href=\"https:\/\/elsroures.com\/ofertes\/\">Omgeving<\/a><\/p>\n<\/div>\n\n\n\n<div class=\"wp-block-column is-layout-flow wp-block-column-is-layout-flow\" style=\"border-right-color:var(--wp--preset--color--blank-black);border-right-width:1px;padding-top:var(--wp--preset--spacing--40);padding-right:1rem;padding-bottom:var(--wp--preset--spacing--40);padding-left:1rem\">\n<p class=\"has-text-align-center has-blank-dark-grey-color has-text-color has-link-color wp-elements-a1fcb073cd3ff33d1f3a470248e71489\"><a href=\"https:\/\/booking.elsroures.com\/search?categoryIds=13&amp;lang=nl\" target=\"_blank\" rel=\"noreferrer noopener\">Reserveringen<\/a><\/p>\n<\/div>\n\n\n\n<div class=\"wp-block-column is-layout-flow wp-block-column-is-layout-flow\" style=\"padding-top:var(--wp--preset--spacing--40);padding-right:1rem;padding-bottom:var(--wp--preset--spacing--40);padding-left:1rem\">\n<p class=\"has-text-align-center has-blank-dark-grey-color has-text-color has-link-color wp-elements-a80ec8a9cd8644421b3da89bde60d162\"><a href=\"https:\/\/elsroures.com\/wp-content\/uploads\/mapa-camping-els-roures-juny2023-paginas.pdf\" target=\"_blank\" rel=\"noreferrer noopener\">Kaart<\/a><\/p>\n<\/div>\n<\/div>\n\n\n\n\n<div id=\"wp-block-page-grid-block_736496e11edce16987eaeb4880dd1db3\" class=\"wp-block-page-grid margin-bottom camping-grid page-grid\">\n        \n        <div class=\"grid__list\">\n            \n            \n            <div class=\"page-block\">\n                <div class=\"page-block-container\">   \n                    <div class=\"page-block-wrapper alignwide\">\n                        <div class=\"page-block-image-container\" style=\"background: url(https:\/\/elsroures.com\/wp-content\/uploads\/camping-caravana-09.webp) center no-repeat; background-size: cover\">\n                        <\/div>\n                        <div class=\"page-block-content-container bungalow-container\">\n                            <div class=\"page-block-content\">\n                                <h2>Staanplaatsen kampeerwagen<\/h2>\n                                <div class=\"page-card-icons\">\n                                                                                                                                                                                                                        <div class=\"animalyes-icon\">     \n                                        <p>Yes<\/p>\n                                    <\/div>    \n                                                                    <\/div>\n                                <div class=\"wp-block-button\">\n                                    <a class=\"wp-block-button__link has-blank-black-color has-color is-style-outline\" href=\"https:\/\/elsroures.com\/nl\/accommodaties\/camping\/staanplaatsen-kampeerwagen\/\">Bekijk accommodatie<\/a>\n                                <\/div>\n                            <\/div>\n                        <\/div>\n                    <\/div>\n                <\/div>    \n            <\/div>\n\n            \n            <div class=\"page-block\">\n                <div class=\"page-block-container\">   \n                    <div class=\"page-block-wrapper alignwide\">\n                        <div class=\"page-block-image-container\" style=\"background: url(https:\/\/elsroures.com\/wp-content\/uploads\/camping-tenda-03.webp) center no-repeat; background-size: cover\">\n                        <\/div>\n                        <div class=\"page-block-content-container bungalow-container\">\n                            <div class=\"page-block-content\">\n                                <h2>Staanplaatsen met gras<\/h2>\n                                <div class=\"page-card-icons\">\n                                                                                                            <div class=size-icon>\n                                        <p>XX &#13217;<\/p>\n                                    <\/div>\n                                                                                                                                                                                    <div class=\"animalyes-icon\">     \n                                        <p>Yes<\/p>\n                                    <\/div>    \n                                                                    <\/div>\n                                <div class=\"wp-block-button\">\n                                    <a class=\"wp-block-button__link has-blank-black-color has-color is-style-outline\" href=\"https:\/\/elsroures.com\/nl\/accommodaties\/camping\/staanplaatsen-met-gras\/\">Bekijk accommodatie<\/a>\n                                <\/div>\n                            <\/div>\n                        <\/div>\n                    <\/div>\n                <\/div>    \n            <\/div>\n\n                   \n        <\/div>    \n\n<\/div>\n\n","protected":false},"excerpt":{"rendered":"<p>Camping in de Vall de Camprodon C\u00e0mping els Roures is een eersteklas familiecamping in de Catalaanse Pyrenee\u00ebn, in de regio Ripoll\u00e8s, met alle nodige diensten&#8230;<\/p>\n","protected":false},"author":1,"featured_media":0,"parent":3341,"menu_order":2,"comment_status":"closed","ping_status":"closed","template":"","meta":{"_acf_changed":false,"footnotes":""},"class_list":["post-3482","page","type-page","status-publish","hentry"],"acf":[],"yoast_head":"<!-- This site is optimized with the Yoast SEO plugin v27.3 - https:\/\/yoast.com\/product\/yoast-seo-wordpress\/ -->\n<title>C\u00e0mping | Els Roures<\/title>\n<meta name=\"robots\" content=\"index, follow, max-snippet:-1, max-image-preview:large, max-video-preview:-1\" \/>\n<link rel=\"canonical\" href=\"https:\/\/elsroures.com\/nl\/accommodaties\/camping\/\" \/>\n<meta property=\"og:locale\" content=\"nl_NL\" \/>\n<meta property=\"og:type\" content=\"article\" \/>\n<meta property=\"og:title\" content=\"C\u00e0mping | Els Roures\" \/>\n<meta property=\"og:description\" content=\"Camping in de Vall de Camprodon C\u00e0mping els Roures is een eersteklas familiecamping in de Catalaanse Pyrenee\u00ebn, in de regio Ripoll\u00e8s, met alle nodige diensten...\" \/>\n<meta property=\"og:url\" content=\"https:\/\/elsroures.com\/nl\/accommodaties\/camping\/\" \/>\n<meta property=\"og:site_name\" content=\"Els Roures\" \/>\n<meta property=\"article:modified_time\" content=\"2025-02-07T16:50:05+00:00\" \/>\n<meta property=\"og:image\" content=\"https:\/\/elsroures.com\/wp-content\/uploads\/parcelas-caravana-1-camping-els-roures-1.jpg\" \/>\n<meta name=\"twitter:card\" content=\"summary_large_image\" \/>\n<meta name=\"twitter:label1\" content=\"Geschatte leestijd\" \/>\n\t<meta name=\"twitter:data1\" content=\"1 minuut\" \/>\n<script type=\"application\/ld+json\" class=\"yoast-schema-graph\">{\"@context\":\"https:\\\/\\\/schema.org\",\"@graph\":[{\"@type\":\"WebPage\",\"@id\":\"https:\\\/\\\/elsroures.com\\\/nl\\\/accommodaties\\\/camping\\\/\",\"url\":\"https:\\\/\\\/elsroures.com\\\/nl\\\/accommodaties\\\/camping\\\/\",\"name\":\"C\u00e0mping | Els Roures\",\"isPartOf\":{\"@id\":\"https:\\\/\\\/elsroures.com\\\/nl\\\/#website\"},\"primaryImageOfPage\":{\"@id\":\"https:\\\/\\\/elsroures.com\\\/nl\\\/accommodaties\\\/camping\\\/#primaryimage\"},\"image\":{\"@id\":\"https:\\\/\\\/elsroures.com\\\/nl\\\/accommodaties\\\/camping\\\/#primaryimage\"},\"thumbnailUrl\":\"https:\\\/\\\/elsroures.com\\\/wp-content\\\/uploads\\\/parcelas-caravana-1-camping-els-roures-1.jpg\",\"datePublished\":\"2022-06-03T08:00:39+00:00\",\"dateModified\":\"2025-02-07T16:50:05+00:00\",\"breadcrumb\":{\"@id\":\"https:\\\/\\\/elsroures.com\\\/nl\\\/accommodaties\\\/camping\\\/#breadcrumb\"},\"inLanguage\":\"nl-NL\",\"potentialAction\":[{\"@type\":\"ReadAction\",\"target\":[\"https:\\\/\\\/elsroures.com\\\/nl\\\/accommodaties\\\/camping\\\/\"]}]},{\"@type\":\"ImageObject\",\"inLanguage\":\"nl-NL\",\"@id\":\"https:\\\/\\\/elsroures.com\\\/nl\\\/accommodaties\\\/camping\\\/#primaryimage\",\"url\":\"https:\\\/\\\/elsroures.com\\\/wp-content\\\/uploads\\\/parcelas-caravana-1-camping-els-roures-1.jpg\",\"contentUrl\":\"https:\\\/\\\/elsroures.com\\\/wp-content\\\/uploads\\\/parcelas-caravana-1-camping-els-roures-1.jpg\"},{\"@type\":\"BreadcrumbList\",\"@id\":\"https:\\\/\\\/elsroures.com\\\/nl\\\/accommodaties\\\/camping\\\/#breadcrumb\",\"itemListElement\":[{\"@type\":\"ListItem\",\"position\":1,\"name\":\"Thuis\",\"item\":\"https:\\\/\\\/elsroures.com\\\/nl\\\/\"},{\"@type\":\"ListItem\",\"position\":2,\"name\":\"Accommodaties\",\"item\":\"https:\\\/\\\/elsroures.com\\\/nl\\\/allotjaments\\\/\"},{\"@type\":\"ListItem\",\"position\":3,\"name\":\"C\u00e0mping\"}]},{\"@type\":\"WebSite\",\"@id\":\"https:\\\/\\\/elsroures.com\\\/nl\\\/#website\",\"url\":\"https:\\\/\\\/elsroures.com\\\/nl\\\/\",\"name\":\"Els Roures\",\"description\":\"Otro sitio realizado con WordPress\",\"publisher\":{\"@id\":\"https:\\\/\\\/elsroures.com\\\/nl\\\/#organization\"},\"potentialAction\":[{\"@type\":\"SearchAction\",\"target\":{\"@type\":\"EntryPoint\",\"urlTemplate\":\"https:\\\/\\\/elsroures.com\\\/nl\\\/?s={search_term_string}\"},\"query-input\":{\"@type\":\"PropertyValueSpecification\",\"valueRequired\":true,\"valueName\":\"search_term_string\"}}],\"inLanguage\":\"nl-NL\"},{\"@type\":\"Organization\",\"@id\":\"https:\\\/\\\/elsroures.com\\\/nl\\\/#organization\",\"name\":\"Els Roures\",\"url\":\"https:\\\/\\\/elsroures.com\\\/nl\\\/\",\"logo\":{\"@type\":\"ImageObject\",\"inLanguage\":\"nl-NL\",\"@id\":\"https:\\\/\\\/elsroures.com\\\/nl\\\/#\\\/schema\\\/logo\\\/image\\\/\",\"url\":\"https:\\\/\\\/elsroures.com\\\/wp-content\\\/uploads\\\/logo-01.svg\",\"contentUrl\":\"https:\\\/\\\/elsroures.com\\\/wp-content\\\/uploads\\\/logo-01.svg\",\"width\":\"2048\",\"height\":\"2048\",\"caption\":\"Els Roures\"},\"image\":{\"@id\":\"https:\\\/\\\/elsroures.com\\\/nl\\\/#\\\/schema\\\/logo\\\/image\\\/\"},\"sameAs\":[\"https:\\\/\\\/www.instagram.com\\\/campingelsroures\\\/\"]}]}<\/script>\n<!-- \/ Yoast SEO plugin. -->","yoast_head_json":{"title":"C\u00e0mping | Els Roures","robots":{"index":"index","follow":"follow","max-snippet":"max-snippet:-1","max-image-preview":"max-image-preview:large","max-video-preview":"max-video-preview:-1"},"canonical":"https:\/\/elsroures.com\/nl\/accommodaties\/camping\/","og_locale":"nl_NL","og_type":"article","og_title":"C\u00e0mping | Els Roures","og_description":"Camping in de Vall de Camprodon C\u00e0mping els Roures is een eersteklas familiecamping in de Catalaanse Pyrenee\u00ebn, in de regio Ripoll\u00e8s, met alle nodige diensten...","og_url":"https:\/\/elsroures.com\/nl\/accommodaties\/camping\/","og_site_name":"Els Roures","article_modified_time":"2025-02-07T16:50:05+00:00","og_image":[{"url":"https:\/\/elsroures.com\/wp-content\/uploads\/parcelas-caravana-1-camping-els-roures-1.jpg","type":"","width":"","height":""}],"twitter_card":"summary_large_image","twitter_misc":{"Geschatte leestijd":"1 minuut"},"schema":{"@context":"https:\/\/schema.org","@graph":[{"@type":"WebPage","@id":"https:\/\/elsroures.com\/nl\/accommodaties\/camping\/","url":"https:\/\/elsroures.com\/nl\/accommodaties\/camping\/","name":"C\u00e0mping | Els Roures","isPartOf":{"@id":"https:\/\/elsroures.com\/nl\/#website"},"primaryImageOfPage":{"@id":"https:\/\/elsroures.com\/nl\/accommodaties\/camping\/#primaryimage"},"image":{"@id":"https:\/\/elsroures.com\/nl\/accommodaties\/camping\/#primaryimage"},"thumbnailUrl":"https:\/\/elsroures.com\/wp-content\/uploads\/parcelas-caravana-1-camping-els-roures-1.jpg","datePublished":"2022-06-03T08:00:39+00:00","dateModified":"2025-02-07T16:50:05+00:00","breadcrumb":{"@id":"https:\/\/elsroures.com\/nl\/accommodaties\/camping\/#breadcrumb"},"inLanguage":"nl-NL","potentialAction":[{"@type":"ReadAction","target":["https:\/\/elsroures.com\/nl\/accommodaties\/camping\/"]}]},{"@type":"ImageObject","inLanguage":"nl-NL","@id":"https:\/\/elsroures.com\/nl\/accommodaties\/camping\/#primaryimage","url":"https:\/\/elsroures.com\/wp-content\/uploads\/parcelas-caravana-1-camping-els-roures-1.jpg","contentUrl":"https:\/\/elsroures.com\/wp-content\/uploads\/parcelas-caravana-1-camping-els-roures-1.jpg"},{"@type":"BreadcrumbList","@id":"https:\/\/elsroures.com\/nl\/accommodaties\/camping\/#breadcrumb","itemListElement":[{"@type":"ListItem","position":1,"name":"Thuis","item":"https:\/\/elsroures.com\/nl\/"},{"@type":"ListItem","position":2,"name":"Accommodaties","item":"https:\/\/elsroures.com\/nl\/allotjaments\/"},{"@type":"ListItem","position":3,"name":"C\u00e0mping"}]},{"@type":"WebSite","@id":"https:\/\/elsroures.com\/nl\/#website","url":"https:\/\/elsroures.com\/nl\/","name":"Els Roures","description":"Otro sitio realizado con WordPress","publisher":{"@id":"https:\/\/elsroures.com\/nl\/#organization"},"potentialAction":[{"@type":"SearchAction","target":{"@type":"EntryPoint","urlTemplate":"https:\/\/elsroures.com\/nl\/?s={search_term_string}"},"query-input":{"@type":"PropertyValueSpecification","valueRequired":true,"valueName":"search_term_string"}}],"inLanguage":"nl-NL"},{"@type":"Organization","@id":"https:\/\/elsroures.com\/nl\/#organization","name":"Els Roures","url":"https:\/\/elsroures.com\/nl\/","logo":{"@type":"ImageObject","inLanguage":"nl-NL","@id":"https:\/\/elsroures.com\/nl\/#\/schema\/logo\/image\/","url":"https:\/\/elsroures.com\/wp-content\/uploads\/logo-01.svg","contentUrl":"https:\/\/elsroures.com\/wp-content\/uploads\/logo-01.svg","width":"2048","height":"2048","caption":"Els Roures"},"image":{"@id":"https:\/\/elsroures.com\/nl\/#\/schema\/logo\/image\/"},"sameAs":["https:\/\/www.instagram.com\/campingelsroures\/"]}]}},"_links":{"self":[{"href":"https:\/\/elsroures.com\/nl\/wp-json\/wp\/v2\/pages\/3482","targetHints":{"allow":["GET"]}}],"collection":[{"href":"https:\/\/elsroures.com\/nl\/wp-json\/wp\/v2\/pages"}],"about":[{"href":"https:\/\/elsroures.com\/nl\/wp-json\/wp\/v2\/types\/page"}],"author":[{"embeddable":true,"href":"https:\/\/elsroures.com\/nl\/wp-json\/wp\/v2\/users\/1"}],"replies":[{"embeddable":true,"href":"https:\/\/elsroures.com\/nl\/wp-json\/wp\/v2\/comments?post=3482"}],"version-history":[{"count":5,"href":"https:\/\/elsroures.com\/nl\/wp-json\/wp\/v2\/pages\/3482\/revisions"}],"predecessor-version":[{"id":18912,"href":"https:\/\/elsroures.com\/nl\/wp-json\/wp\/v2\/pages\/3482\/revisions\/18912"}],"up":[{"embeddable":true,"href":"https:\/\/elsroures.com\/nl\/wp-json\/wp\/v2\/pages\/3341"}],"wp:attachment":[{"href":"https:\/\/elsroures.com\/nl\/wp-json\/wp\/v2\/media?parent=3482"}],"curies":[{"name":"wp","href":"https:\/\/api.w.org\/{rel}","templated":true}]}}