{"id":5366,"date":"2022-11-29T13:28:24","date_gmt":"2022-11-29T12:28:24","guid":{"rendered":"https:\/\/mflhhmub.lucusprueba.es\/setcases\/"},"modified":"2022-11-29T13:29:17","modified_gmt":"2022-11-29T12:29:17","slug":"setcases","status":"publish","type":"page","link":"https:\/\/elsroures.com\/es\/entorno\/setcases\/","title":{"rendered":"Setcases"},"content":{"rendered":"\n<div class=\"wp-block-cover alignfull cover-page is-style-no-margin margin-bottom\"><span aria-hidden=\"true\" class=\"wp-block-cover__background has-background-dim-20 has-background-dim\"><\/span><img loading=\"lazy\" decoding=\"async\" width=\"1900\" height=\"873\" class=\"wp-block-cover__image-background wp-image-5353\" alt=\"\" src=\"https:\/\/elsroures.com\/wp-content\/uploads\/setcases-01.webp\" data-object-fit=\"cover\" srcset=\"https:\/\/elsroures.com\/wp-content\/uploads\/setcases-01.webp 1900w, https:\/\/elsroures.com\/wp-content\/uploads\/setcases-01-1024x471.webp 1024w, https:\/\/elsroures.com\/wp-content\/uploads\/setcases-01-768x353.webp 768w, https:\/\/elsroures.com\/wp-content\/uploads\/setcases-01-1536x706.webp 1536w\" sizes=\"auto, (max-width: 1900px) 100vw, 1900px\" \/><div class=\"wp-block-cover__inner-container is-layout-flow wp-block-cover-is-layout-flow\">\n<div class=\"wp-block-group is-layout-constrained wp-container-core-group-is-layout-f843088e wp-block-group-is-layout-constrained\"><h1 class=\"has-text-align-center wp-block-post-title has-text-color has-blank-white-color\">Setcases<\/h1>\n\n<div id=\"wp-block-booking-widget-block_5d0df01230ff5d142f8871cea0bd6117\" class=\"wp-block-booking-widget has-text-align-left\">\n        <div class=\"booking-widget-wrapper\"><script>\n            document.addEventListener('DOMContentLoaded', function () {\n\n                var widget = new MasterWidget('widgetBookingContainer2893', {\n                    lang: 'es',idProperty: '64',class: 'widget_columns',target: '_blank',dropdown: true,\n                    url: 'https:\/\/booking.elsroures.com'\n                });\n\n\n            });\n\n            <\/script><div id=\"widgetBookingContainer2893\"> <\/div><\/div>\n        <div class=\"booking-button-wrapper\"><\/div>\n<\/div>\n<\/div>\n\n\n\n<p>\/<\/p>\n<\/div><\/div>\n\n<p class=\"has-text-align-center has-blank-dark-grey-color has-text-color\" style=\"margin-bottom:10vh\">Setcases, es un pueblo pintoresco, con casas, calles y callejones de piedra cuidadosamente restaurados. Este antiguo n\u00facleo rural ha acontecido uno de los puntos m\u00e1s tur\u00edsticos de la comarca gracias a la proximidad de las pistas de esqu\u00ed de Vallter 2000, y a la espectacularidad de su entorno.<\/p>\n\n<div class=\"wp-block-media-text alignfull is-stacked-on-mobile\" style=\"margin-bottom:10vh\"><figure class=\"wp-block-media-text__media\"><img loading=\"lazy\" decoding=\"async\" width=\"500\" height=\"335\" src=\"https:\/\/elsroures.com\/wp-content\/uploads\/pobles-01.webp\" alt=\"\" class=\"wp-image-755 size-full\" srcset=\"https:\/\/elsroures.com\/wp-content\/uploads\/pobles-01.webp 500w, https:\/\/elsroures.com\/wp-content\/uploads\/pobles-01-225x150.webp 225w\" sizes=\"auto, (max-width: 500px) 100vw, 500px\" \/><\/figure><div class=\"wp-block-media-text__content\">\n<p class=\"has-blank-dark-grey-color has-text-color\">Un entorno natural y paisaj\u00edstico privilegiado, una gran oferta gastron\u00f3mica, un ambiente rural y tranquilo, la estaci\u00f3n de esqu\u00ed Vallter 2000 y la buena acogida que ofrecen sus vecinos, han hecho de Setcases un pueblecito que merece una visita obligada.<\/p>\n\n\n\n<div class=\"wp-block-buttons is-layout-flex wp-block-buttons-is-layout-flex\">\n<div class=\"wp-block-button is-style-outline is-style-outline--1\"><a class=\"wp-block-button__link has-blank-dark-grey-color has-text-color wp-element-button\" href=\"http:\/\/www.elripolles.com\/que-vols-coneixer\/territori-els-pobles\/la-vall-de-camprodon\/setcases\/14.html\" target=\"_blank\" rel=\"noreferrer noopener\">M\u00e1s informaci\u00f3n<\/a><\/div>\n<\/div>\n<\/div><\/div>\n","protected":false},"excerpt":{"rendered":"<p>Setcases, es un pueblo pintoresco, con casas, calles y callejones de piedra cuidadosamente restaurados. Este antiguo n\u00facleo rural ha acontecido uno de los puntos m\u00e1s&#8230;<\/p>\n","protected":false},"author":1,"featured_media":0,"parent":3331,"menu_order":4,"comment_status":"closed","ping_status":"closed","template":"","meta":{"_acf_changed":false,"footnotes":""},"class_list":["post-5366","page","type-page","status-publish","hentry"],"acf":[],"yoast_head":"<!-- This site is optimized with the Yoast SEO plugin v27.3 - https:\/\/yoast.com\/product\/yoast-seo-wordpress\/ -->\n<title>Setcases | Els Roures<\/title>\n<meta name=\"robots\" content=\"index, follow, max-snippet:-1, max-image-preview:large, max-video-preview:-1\" \/>\n<link rel=\"canonical\" href=\"https:\/\/elsroures.com\/es\/entorno\/setcases\/\" \/>\n<meta property=\"og:locale\" content=\"es_ES\" \/>\n<meta property=\"og:type\" content=\"article\" \/>\n<meta property=\"og:title\" content=\"Setcases | Els Roures\" \/>\n<meta property=\"og:description\" content=\"Setcases, es un pueblo pintoresco, con casas, calles y callejones de piedra cuidadosamente restaurados. Este antiguo n\u00facleo rural ha acontecido uno de los puntos m\u00e1s...\" \/>\n<meta property=\"og:url\" content=\"https:\/\/elsroures.com\/es\/entorno\/setcases\/\" \/>\n<meta property=\"og:site_name\" content=\"Els Roures\" \/>\n<meta property=\"article:modified_time\" content=\"2022-11-29T12:29:17+00:00\" \/>\n<meta property=\"og:image\" content=\"https:\/\/elsroures.com\/wp-content\/uploads\/setcases-01.webp\" \/>\n<meta name=\"twitter:card\" content=\"summary_large_image\" \/>\n<script type=\"application\/ld+json\" class=\"yoast-schema-graph\">{\"@context\":\"https:\\\/\\\/schema.org\",\"@graph\":[{\"@type\":\"WebPage\",\"@id\":\"https:\\\/\\\/elsroures.com\\\/es\\\/entorno\\\/setcases\\\/\",\"url\":\"https:\\\/\\\/elsroures.com\\\/es\\\/entorno\\\/setcases\\\/\",\"name\":\"Setcases | Els Roures\",\"isPartOf\":{\"@id\":\"https:\\\/\\\/elsroures.com\\\/es\\\/#website\"},\"primaryImageOfPage\":{\"@id\":\"https:\\\/\\\/elsroures.com\\\/es\\\/entorno\\\/setcases\\\/#primaryimage\"},\"image\":{\"@id\":\"https:\\\/\\\/elsroures.com\\\/es\\\/entorno\\\/setcases\\\/#primaryimage\"},\"thumbnailUrl\":\"https:\\\/\\\/elsroures.com\\\/wp-content\\\/uploads\\\/setcases-01.webp\",\"datePublished\":\"2022-11-29T12:28:24+00:00\",\"dateModified\":\"2022-11-29T12:29:17+00:00\",\"breadcrumb\":{\"@id\":\"https:\\\/\\\/elsroures.com\\\/es\\\/entorno\\\/setcases\\\/#breadcrumb\"},\"inLanguage\":\"es\",\"potentialAction\":[{\"@type\":\"ReadAction\",\"target\":[\"https:\\\/\\\/elsroures.com\\\/es\\\/entorno\\\/setcases\\\/\"]}]},{\"@type\":\"ImageObject\",\"inLanguage\":\"es\",\"@id\":\"https:\\\/\\\/elsroures.com\\\/es\\\/entorno\\\/setcases\\\/#primaryimage\",\"url\":\"https:\\\/\\\/elsroures.com\\\/wp-content\\\/uploads\\\/setcases-01.webp\",\"contentUrl\":\"https:\\\/\\\/elsroures.com\\\/wp-content\\\/uploads\\\/setcases-01.webp\"},{\"@type\":\"BreadcrumbList\",\"@id\":\"https:\\\/\\\/elsroures.com\\\/es\\\/entorno\\\/setcases\\\/#breadcrumb\",\"itemListElement\":[{\"@type\":\"ListItem\",\"position\":1,\"name\":\"Inicio\",\"item\":\"https:\\\/\\\/elsroures.com\\\/es\\\/\"},{\"@type\":\"ListItem\",\"position\":2,\"name\":\"Entorno\",\"item\":\"https:\\\/\\\/elsroures.com\\\/es\\\/entorno\\\/\"},{\"@type\":\"ListItem\",\"position\":3,\"name\":\"Setcases\"}]},{\"@type\":\"WebSite\",\"@id\":\"https:\\\/\\\/elsroures.com\\\/es\\\/#website\",\"url\":\"https:\\\/\\\/elsroures.com\\\/es\\\/\",\"name\":\"Els Roures\",\"description\":\"Otro sitio realizado con WordPress\",\"publisher\":{\"@id\":\"https:\\\/\\\/elsroures.com\\\/es\\\/#organization\"},\"potentialAction\":[{\"@type\":\"SearchAction\",\"target\":{\"@type\":\"EntryPoint\",\"urlTemplate\":\"https:\\\/\\\/elsroures.com\\\/es\\\/?s={search_term_string}\"},\"query-input\":{\"@type\":\"PropertyValueSpecification\",\"valueRequired\":true,\"valueName\":\"search_term_string\"}}],\"inLanguage\":\"es\"},{\"@type\":\"Organization\",\"@id\":\"https:\\\/\\\/elsroures.com\\\/es\\\/#organization\",\"name\":\"Els Roures\",\"url\":\"https:\\\/\\\/elsroures.com\\\/es\\\/\",\"logo\":{\"@type\":\"ImageObject\",\"inLanguage\":\"es\",\"@id\":\"https:\\\/\\\/elsroures.com\\\/es\\\/#\\\/schema\\\/logo\\\/image\\\/\",\"url\":\"https:\\\/\\\/elsroures.com\\\/wp-content\\\/uploads\\\/logo-01.svg\",\"contentUrl\":\"https:\\\/\\\/elsroures.com\\\/wp-content\\\/uploads\\\/logo-01.svg\",\"width\":\"2048\",\"height\":\"2048\",\"caption\":\"Els Roures\"},\"image\":{\"@id\":\"https:\\\/\\\/elsroures.com\\\/es\\\/#\\\/schema\\\/logo\\\/image\\\/\"},\"sameAs\":[\"https:\\\/\\\/www.instagram.com\\\/campingelsroures\\\/\"]}]}<\/script>\n<!-- \/ Yoast SEO plugin. -->","yoast_head_json":{"title":"Setcases | Els Roures","robots":{"index":"index","follow":"follow","max-snippet":"max-snippet:-1","max-image-preview":"max-image-preview:large","max-video-preview":"max-video-preview:-1"},"canonical":"https:\/\/elsroures.com\/es\/entorno\/setcases\/","og_locale":"es_ES","og_type":"article","og_title":"Setcases | Els Roures","og_description":"Setcases, es un pueblo pintoresco, con casas, calles y callejones de piedra cuidadosamente restaurados. Este antiguo n\u00facleo rural ha acontecido uno de los puntos m\u00e1s...","og_url":"https:\/\/elsroures.com\/es\/entorno\/setcases\/","og_site_name":"Els Roures","article_modified_time":"2022-11-29T12:29:17+00:00","og_image":[{"url":"https:\/\/elsroures.com\/wp-content\/uploads\/setcases-01.webp","type":"","width":"","height":""}],"twitter_card":"summary_large_image","schema":{"@context":"https:\/\/schema.org","@graph":[{"@type":"WebPage","@id":"https:\/\/elsroures.com\/es\/entorno\/setcases\/","url":"https:\/\/elsroures.com\/es\/entorno\/setcases\/","name":"Setcases | Els Roures","isPartOf":{"@id":"https:\/\/elsroures.com\/es\/#website"},"primaryImageOfPage":{"@id":"https:\/\/elsroures.com\/es\/entorno\/setcases\/#primaryimage"},"image":{"@id":"https:\/\/elsroures.com\/es\/entorno\/setcases\/#primaryimage"},"thumbnailUrl":"https:\/\/elsroures.com\/wp-content\/uploads\/setcases-01.webp","datePublished":"2022-11-29T12:28:24+00:00","dateModified":"2022-11-29T12:29:17+00:00","breadcrumb":{"@id":"https:\/\/elsroures.com\/es\/entorno\/setcases\/#breadcrumb"},"inLanguage":"es","potentialAction":[{"@type":"ReadAction","target":["https:\/\/elsroures.com\/es\/entorno\/setcases\/"]}]},{"@type":"ImageObject","inLanguage":"es","@id":"https:\/\/elsroures.com\/es\/entorno\/setcases\/#primaryimage","url":"https:\/\/elsroures.com\/wp-content\/uploads\/setcases-01.webp","contentUrl":"https:\/\/elsroures.com\/wp-content\/uploads\/setcases-01.webp"},{"@type":"BreadcrumbList","@id":"https:\/\/elsroures.com\/es\/entorno\/setcases\/#breadcrumb","itemListElement":[{"@type":"ListItem","position":1,"name":"Inicio","item":"https:\/\/elsroures.com\/es\/"},{"@type":"ListItem","position":2,"name":"Entorno","item":"https:\/\/elsroures.com\/es\/entorno\/"},{"@type":"ListItem","position":3,"name":"Setcases"}]},{"@type":"WebSite","@id":"https:\/\/elsroures.com\/es\/#website","url":"https:\/\/elsroures.com\/es\/","name":"Els Roures","description":"Otro sitio realizado con WordPress","publisher":{"@id":"https:\/\/elsroures.com\/es\/#organization"},"potentialAction":[{"@type":"SearchAction","target":{"@type":"EntryPoint","urlTemplate":"https:\/\/elsroures.com\/es\/?s={search_term_string}"},"query-input":{"@type":"PropertyValueSpecification","valueRequired":true,"valueName":"search_term_string"}}],"inLanguage":"es"},{"@type":"Organization","@id":"https:\/\/elsroures.com\/es\/#organization","name":"Els Roures","url":"https:\/\/elsroures.com\/es\/","logo":{"@type":"ImageObject","inLanguage":"es","@id":"https:\/\/elsroures.com\/es\/#\/schema\/logo\/image\/","url":"https:\/\/elsroures.com\/wp-content\/uploads\/logo-01.svg","contentUrl":"https:\/\/elsroures.com\/wp-content\/uploads\/logo-01.svg","width":"2048","height":"2048","caption":"Els Roures"},"image":{"@id":"https:\/\/elsroures.com\/es\/#\/schema\/logo\/image\/"},"sameAs":["https:\/\/www.instagram.com\/campingelsroures\/"]}]}},"_links":{"self":[{"href":"https:\/\/elsroures.com\/es\/wp-json\/wp\/v2\/pages\/5366","targetHints":{"allow":["GET"]}}],"collection":[{"href":"https:\/\/elsroures.com\/es\/wp-json\/wp\/v2\/pages"}],"about":[{"href":"https:\/\/elsroures.com\/es\/wp-json\/wp\/v2\/types\/page"}],"author":[{"embeddable":true,"href":"https:\/\/elsroures.com\/es\/wp-json\/wp\/v2\/users\/1"}],"replies":[{"embeddable":true,"href":"https:\/\/elsroures.com\/es\/wp-json\/wp\/v2\/comments?post=5366"}],"version-history":[{"count":3,"href":"https:\/\/elsroures.com\/es\/wp-json\/wp\/v2\/pages\/5366\/revisions"}],"predecessor-version":[{"id":5369,"href":"https:\/\/elsroures.com\/es\/wp-json\/wp\/v2\/pages\/5366\/revisions\/5369"}],"up":[{"embeddable":true,"href":"https:\/\/elsroures.com\/es\/wp-json\/wp\/v2\/pages\/3331"}],"wp:attachment":[{"href":"https:\/\/elsroures.com\/es\/wp-json\/wp\/v2\/media?parent=5366"}],"curies":[{"name":"wp","href":"https:\/\/api.w.org\/{rel}","templated":true}]}}