{"id":5342,"date":"2022-11-29T13:18:12","date_gmt":"2022-11-29T12:18:12","guid":{"rendered":"https:\/\/mflhhmub.lucusprueba.es\/entorno\/vall-de-nuria\/"},"modified":"2022-11-29T13:21:24","modified_gmt":"2022-11-29T12:21:24","slug":"vall-de-nuria","status":"publish","type":"page","link":"https:\/\/elsroures.com\/es\/entorno\/vall-de-nuria\/","title":{"rendered":"Vall de N\u00faria"},"content":{"rendered":"\n<div class=\"wp-block-cover alignfull cover-page is-style-no-margin margin-bottom\"><span aria-hidden=\"true\" class=\"wp-block-cover__background has-background-dim-20 has-background-dim\"><\/span><img loading=\"lazy\" decoding=\"async\" width=\"1024\" height=\"424\" class=\"wp-block-cover__image-background wp-image-760\" alt=\"\" src=\"https:\/\/elsroures.com\/wp-content\/uploads\/pobles-06.webp\" data-object-fit=\"cover\" srcset=\"https:\/\/elsroures.com\/wp-content\/uploads\/pobles-06.webp 1024w, https:\/\/elsroures.com\/wp-content\/uploads\/pobles-06-768x318.webp 768w\" sizes=\"auto, (max-width: 1024px) 100vw, 1024px\" \/><div class=\"wp-block-cover__inner-container is-layout-flow wp-block-cover-is-layout-flow\">\n<div class=\"wp-block-group is-layout-constrained wp-container-core-group-is-layout-f843088e wp-block-group-is-layout-constrained\"><h1 class=\"has-text-align-center wp-block-post-title has-text-color has-blank-white-color\">Vall de N\u00faria<\/h1>\n\n<div id=\"wp-block-booking-widget-block_8ba9e7c0f2317d4bd4863a3712247419\" class=\"wp-block-booking-widget has-text-align-left\">\n        <div class=\"booking-widget-wrapper\"><script>\n            document.addEventListener('DOMContentLoaded', function () {\n\n                var widget = new MasterWidget('widgetBookingContainer226', {\n                    lang: 'es',idProperty: '64',class: 'widget_columns',target: '_blank',dropdown: true,\n                    url: 'https:\/\/booking.elsroures.com'\n                });\n\n\n            });\n\n            <\/script><div id=\"widgetBookingContainer226\"> <\/div><\/div>\n        <div class=\"booking-button-wrapper\"><\/div>\n<\/div>\n<\/div>\n\n\n\n<p>\/<\/p>\n<\/div><\/div>\n\n\n\n<p class=\"has-text-align-center has-blank-dark-grey-color has-text-color\" style=\"margin-bottom:10vh\">La estaci\u00f3n de monta\u00f1a <strong>Vall de N\u00faria<\/strong>, est\u00e1 situada dentro del Pirineu Oriental, en el t\u00e9rmino municipal de Queralbs. Dominando uno de los puntos m\u00e1s elevados del Valle de Ribes, est\u00e1 rodeada por cumbres de casi 3.000 metros y de donde nacen multitud de fuentes y torrentes.<\/p>\n\n\n\n<div class=\"wp-block-media-text alignfull is-stacked-on-mobile\" style=\"margin-bottom:10vh\"><figure class=\"wp-block-media-text__media\"><img loading=\"lazy\" decoding=\"async\" width=\"1280\" height=\"960\" src=\"https:\/\/elsroures.com\/wp-content\/uploads\/nuria-01-1.webp\" alt=\"\" class=\"wp-image-5333 size-full\" srcset=\"https:\/\/elsroures.com\/wp-content\/uploads\/nuria-01-1.webp 1280w, https:\/\/elsroures.com\/wp-content\/uploads\/nuria-01-1-1024x768.webp 1024w, https:\/\/elsroures.com\/wp-content\/uploads\/nuria-01-1-768x576.webp 768w\" sizes=\"auto, (max-width: 1280px) 100vw, 1280px\" \/><\/figure><div class=\"wp-block-media-text__content\">\n<p class=\"has-blank-dark-grey-color has-text-color\">Os proponemos disfrutar de este <strong>paisaje espectacular de alta monta\u00f1a<\/strong> con un transporte singular: el tren valle-vall-de-nuria-logode-nuria, la \u00fanica v\u00eda de llegar al Valle de N\u00faria. El cremallera tiene un recorrido de 12,5 km y supera un desnivel de m\u00e1s de 1.000 metros. El tren cremallera del Valle de N\u00faria se puede coger desde Ribes de Freser o desde Queralbs.<\/p>\n\n\n\n<p class=\"has-blank-dark-grey-color has-text-color\">En verano, se pueden disfrutar de much\u00edsimas actividades desde un paseo en barca, tiro con arco, Minigolf, circuitos de orientaci\u00f3n, senderismo, rutas a caballo, parque l\u00fadico, entre muchas otras\u2026<\/p>\n\n\n\n<div class=\"wp-block-buttons is-layout-flex wp-block-buttons-is-layout-flex\">\n<div class=\"wp-block-button is-style-outline is-style-outline--1\"><a class=\"wp-block-button__link has-blank-dark-grey-color has-text-color wp-element-button\" href=\"https:\/\/www.valldenuria.cat\/estiu\/\" target=\"_blank\" rel=\"noreferrer noopener\">M\u00e1s informaci\u00f3n<\/a><\/div>\n<\/div>\n<\/div><\/div>\n","protected":false},"excerpt":{"rendered":"<p>La estaci\u00f3n de monta\u00f1a Vall de N\u00faria, est\u00e1 situada dentro del Pirineu Oriental, en el t\u00e9rmino municipal de Queralbs. Dominando uno de los puntos m\u00e1s&#8230;<\/p>\n","protected":false},"author":1,"featured_media":0,"parent":3331,"menu_order":3,"comment_status":"closed","ping_status":"closed","template":"","meta":{"_acf_changed":false,"footnotes":""},"class_list":["post-5342","page","type-page","status-publish","hentry"],"acf":[],"yoast_head":"<!-- This site is optimized with the Yoast SEO plugin v27.3 - https:\/\/yoast.com\/product\/yoast-seo-wordpress\/ -->\n<title>Vall de N\u00faria | Els Roures<\/title>\n<meta name=\"robots\" content=\"index, follow, max-snippet:-1, max-image-preview:large, max-video-preview:-1\" \/>\n<link rel=\"canonical\" href=\"https:\/\/elsroures.com\/es\/entorno\/vall-de-nuria\/\" \/>\n<meta property=\"og:locale\" content=\"es_ES\" \/>\n<meta property=\"og:type\" content=\"article\" \/>\n<meta property=\"og:title\" content=\"Vall de N\u00faria | Els Roures\" \/>\n<meta property=\"og:description\" content=\"La estaci\u00f3n de monta\u00f1a Vall de N\u00faria, est\u00e1 situada dentro del Pirineu Oriental, en el t\u00e9rmino municipal de Queralbs. Dominando uno de los puntos m\u00e1s...\" \/>\n<meta property=\"og:url\" content=\"https:\/\/elsroures.com\/es\/entorno\/vall-de-nuria\/\" \/>\n<meta property=\"og:site_name\" content=\"Els Roures\" \/>\n<meta property=\"article:modified_time\" content=\"2022-11-29T12:21:24+00:00\" \/>\n<meta property=\"og:image\" content=\"https:\/\/elsroures.com\/wp-content\/uploads\/pobles-06.webp\" \/>\n<meta name=\"twitter:card\" content=\"summary_large_image\" \/>\n<meta name=\"twitter:label1\" content=\"Tiempo de lectura\" \/>\n\t<meta name=\"twitter:data1\" content=\"1 minuto\" \/>\n<script type=\"application\/ld+json\" class=\"yoast-schema-graph\">{\"@context\":\"https:\\\/\\\/schema.org\",\"@graph\":[{\"@type\":\"WebPage\",\"@id\":\"https:\\\/\\\/elsroures.com\\\/es\\\/entorno\\\/vall-de-nuria\\\/\",\"url\":\"https:\\\/\\\/elsroures.com\\\/es\\\/entorno\\\/vall-de-nuria\\\/\",\"name\":\"Vall de N\u00faria | Els Roures\",\"isPartOf\":{\"@id\":\"https:\\\/\\\/elsroures.com\\\/es\\\/#website\"},\"primaryImageOfPage\":{\"@id\":\"https:\\\/\\\/elsroures.com\\\/es\\\/entorno\\\/vall-de-nuria\\\/#primaryimage\"},\"image\":{\"@id\":\"https:\\\/\\\/elsroures.com\\\/es\\\/entorno\\\/vall-de-nuria\\\/#primaryimage\"},\"thumbnailUrl\":\"https:\\\/\\\/elsroures.com\\\/wp-content\\\/uploads\\\/pobles-06.webp\",\"datePublished\":\"2022-11-29T12:18:12+00:00\",\"dateModified\":\"2022-11-29T12:21:24+00:00\",\"breadcrumb\":{\"@id\":\"https:\\\/\\\/elsroures.com\\\/es\\\/entorno\\\/vall-de-nuria\\\/#breadcrumb\"},\"inLanguage\":\"es\",\"potentialAction\":[{\"@type\":\"ReadAction\",\"target\":[\"https:\\\/\\\/elsroures.com\\\/es\\\/entorno\\\/vall-de-nuria\\\/\"]}]},{\"@type\":\"ImageObject\",\"inLanguage\":\"es\",\"@id\":\"https:\\\/\\\/elsroures.com\\\/es\\\/entorno\\\/vall-de-nuria\\\/#primaryimage\",\"url\":\"https:\\\/\\\/elsroures.com\\\/wp-content\\\/uploads\\\/pobles-06.webp\",\"contentUrl\":\"https:\\\/\\\/elsroures.com\\\/wp-content\\\/uploads\\\/pobles-06.webp\"},{\"@type\":\"BreadcrumbList\",\"@id\":\"https:\\\/\\\/elsroures.com\\\/es\\\/entorno\\\/vall-de-nuria\\\/#breadcrumb\",\"itemListElement\":[{\"@type\":\"ListItem\",\"position\":1,\"name\":\"Inicio\",\"item\":\"https:\\\/\\\/elsroures.com\\\/es\\\/\"},{\"@type\":\"ListItem\",\"position\":2,\"name\":\"Entorno\",\"item\":\"https:\\\/\\\/elsroures.com\\\/es\\\/entorno\\\/\"},{\"@type\":\"ListItem\",\"position\":3,\"name\":\"Vall de N\u00faria\"}]},{\"@type\":\"WebSite\",\"@id\":\"https:\\\/\\\/elsroures.com\\\/es\\\/#website\",\"url\":\"https:\\\/\\\/elsroures.com\\\/es\\\/\",\"name\":\"Els Roures\",\"description\":\"Otro sitio realizado con WordPress\",\"publisher\":{\"@id\":\"https:\\\/\\\/elsroures.com\\\/es\\\/#organization\"},\"potentialAction\":[{\"@type\":\"SearchAction\",\"target\":{\"@type\":\"EntryPoint\",\"urlTemplate\":\"https:\\\/\\\/elsroures.com\\\/es\\\/?s={search_term_string}\"},\"query-input\":{\"@type\":\"PropertyValueSpecification\",\"valueRequired\":true,\"valueName\":\"search_term_string\"}}],\"inLanguage\":\"es\"},{\"@type\":\"Organization\",\"@id\":\"https:\\\/\\\/elsroures.com\\\/es\\\/#organization\",\"name\":\"Els Roures\",\"url\":\"https:\\\/\\\/elsroures.com\\\/es\\\/\",\"logo\":{\"@type\":\"ImageObject\",\"inLanguage\":\"es\",\"@id\":\"https:\\\/\\\/elsroures.com\\\/es\\\/#\\\/schema\\\/logo\\\/image\\\/\",\"url\":\"https:\\\/\\\/elsroures.com\\\/wp-content\\\/uploads\\\/logo-01.svg\",\"contentUrl\":\"https:\\\/\\\/elsroures.com\\\/wp-content\\\/uploads\\\/logo-01.svg\",\"width\":\"2048\",\"height\":\"2048\",\"caption\":\"Els Roures\"},\"image\":{\"@id\":\"https:\\\/\\\/elsroures.com\\\/es\\\/#\\\/schema\\\/logo\\\/image\\\/\"},\"sameAs\":[\"https:\\\/\\\/www.instagram.com\\\/campingelsroures\\\/\"]}]}<\/script>\n<!-- \/ Yoast SEO plugin. -->","yoast_head_json":{"title":"Vall de N\u00faria | Els Roures","robots":{"index":"index","follow":"follow","max-snippet":"max-snippet:-1","max-image-preview":"max-image-preview:large","max-video-preview":"max-video-preview:-1"},"canonical":"https:\/\/elsroures.com\/es\/entorno\/vall-de-nuria\/","og_locale":"es_ES","og_type":"article","og_title":"Vall de N\u00faria | Els Roures","og_description":"La estaci\u00f3n de monta\u00f1a Vall de N\u00faria, est\u00e1 situada dentro del Pirineu Oriental, en el t\u00e9rmino municipal de Queralbs. Dominando uno de los puntos m\u00e1s...","og_url":"https:\/\/elsroures.com\/es\/entorno\/vall-de-nuria\/","og_site_name":"Els Roures","article_modified_time":"2022-11-29T12:21:24+00:00","og_image":[{"url":"https:\/\/elsroures.com\/wp-content\/uploads\/pobles-06.webp","type":"","width":"","height":""}],"twitter_card":"summary_large_image","twitter_misc":{"Tiempo de lectura":"1 minuto"},"schema":{"@context":"https:\/\/schema.org","@graph":[{"@type":"WebPage","@id":"https:\/\/elsroures.com\/es\/entorno\/vall-de-nuria\/","url":"https:\/\/elsroures.com\/es\/entorno\/vall-de-nuria\/","name":"Vall de N\u00faria | Els Roures","isPartOf":{"@id":"https:\/\/elsroures.com\/es\/#website"},"primaryImageOfPage":{"@id":"https:\/\/elsroures.com\/es\/entorno\/vall-de-nuria\/#primaryimage"},"image":{"@id":"https:\/\/elsroures.com\/es\/entorno\/vall-de-nuria\/#primaryimage"},"thumbnailUrl":"https:\/\/elsroures.com\/wp-content\/uploads\/pobles-06.webp","datePublished":"2022-11-29T12:18:12+00:00","dateModified":"2022-11-29T12:21:24+00:00","breadcrumb":{"@id":"https:\/\/elsroures.com\/es\/entorno\/vall-de-nuria\/#breadcrumb"},"inLanguage":"es","potentialAction":[{"@type":"ReadAction","target":["https:\/\/elsroures.com\/es\/entorno\/vall-de-nuria\/"]}]},{"@type":"ImageObject","inLanguage":"es","@id":"https:\/\/elsroures.com\/es\/entorno\/vall-de-nuria\/#primaryimage","url":"https:\/\/elsroures.com\/wp-content\/uploads\/pobles-06.webp","contentUrl":"https:\/\/elsroures.com\/wp-content\/uploads\/pobles-06.webp"},{"@type":"BreadcrumbList","@id":"https:\/\/elsroures.com\/es\/entorno\/vall-de-nuria\/#breadcrumb","itemListElement":[{"@type":"ListItem","position":1,"name":"Inicio","item":"https:\/\/elsroures.com\/es\/"},{"@type":"ListItem","position":2,"name":"Entorno","item":"https:\/\/elsroures.com\/es\/entorno\/"},{"@type":"ListItem","position":3,"name":"Vall de N\u00faria"}]},{"@type":"WebSite","@id":"https:\/\/elsroures.com\/es\/#website","url":"https:\/\/elsroures.com\/es\/","name":"Els Roures","description":"Otro sitio realizado con WordPress","publisher":{"@id":"https:\/\/elsroures.com\/es\/#organization"},"potentialAction":[{"@type":"SearchAction","target":{"@type":"EntryPoint","urlTemplate":"https:\/\/elsroures.com\/es\/?s={search_term_string}"},"query-input":{"@type":"PropertyValueSpecification","valueRequired":true,"valueName":"search_term_string"}}],"inLanguage":"es"},{"@type":"Organization","@id":"https:\/\/elsroures.com\/es\/#organization","name":"Els Roures","url":"https:\/\/elsroures.com\/es\/","logo":{"@type":"ImageObject","inLanguage":"es","@id":"https:\/\/elsroures.com\/es\/#\/schema\/logo\/image\/","url":"https:\/\/elsroures.com\/wp-content\/uploads\/logo-01.svg","contentUrl":"https:\/\/elsroures.com\/wp-content\/uploads\/logo-01.svg","width":"2048","height":"2048","caption":"Els Roures"},"image":{"@id":"https:\/\/elsroures.com\/es\/#\/schema\/logo\/image\/"},"sameAs":["https:\/\/www.instagram.com\/campingelsroures\/"]}]}},"_links":{"self":[{"href":"https:\/\/elsroures.com\/es\/wp-json\/wp\/v2\/pages\/5342","targetHints":{"allow":["GET"]}}],"collection":[{"href":"https:\/\/elsroures.com\/es\/wp-json\/wp\/v2\/pages"}],"about":[{"href":"https:\/\/elsroures.com\/es\/wp-json\/wp\/v2\/types\/page"}],"author":[{"embeddable":true,"href":"https:\/\/elsroures.com\/es\/wp-json\/wp\/v2\/users\/1"}],"replies":[{"embeddable":true,"href":"https:\/\/elsroures.com\/es\/wp-json\/wp\/v2\/comments?post=5342"}],"version-history":[{"count":2,"href":"https:\/\/elsroures.com\/es\/wp-json\/wp\/v2\/pages\/5342\/revisions"}],"predecessor-version":[{"id":5344,"href":"https:\/\/elsroures.com\/es\/wp-json\/wp\/v2\/pages\/5342\/revisions\/5344"}],"up":[{"embeddable":true,"href":"https:\/\/elsroures.com\/es\/wp-json\/wp\/v2\/pages\/3331"}],"wp:attachment":[{"href":"https:\/\/elsroures.com\/es\/wp-json\/wp\/v2\/media?parent=5342"}],"curies":[{"name":"wp","href":"https:\/\/api.w.org\/{rel}","templated":true}]}}