{"id":3562,"date":"2022-05-30T12:54:19","date_gmt":"2022-05-30T10:54:19","guid":{"rendered":"https:\/\/mflhhmub.lucusprueba.es\/politica-de-privacidad\/"},"modified":"2023-06-27T13:48:48","modified_gmt":"2023-06-27T11:48:48","slug":"politica-de-privacidad","status":"publish","type":"page","link":"https:\/\/elsroures.com\/es\/politica-de-privacidad\/","title":{"rendered":"Pol\u00edtica de privacidad"},"content":{"rendered":"\n<div class=\"wp-block-cover alignfull is-light has-custom-content-position is-position-bottom-center is-style-no-margin margin-bottom\"><span aria-hidden=\"true\" class=\"wp-block-cover__background has-background-dim-20 has-background-dim\"><\/span><img decoding=\"async\" class=\"wp-block-cover__image-background wp-image-747\" alt=\"\" src=\"https:\/\/elsroures.com\/wp-content\/uploads\/serveis-piscina-03.webp\" data-object-fit=\"cover\"\/><div class=\"wp-block-cover__inner-container is-layout-flow wp-block-cover-is-layout-flow\"><h1 class=\"has-text-align-center text-shadow animation--init wp-block-post-title has-text-color has-blank-white-color\">Pol\u00edtica de privacidad<\/h1><\/div><\/div>\n\n<p class=\"alignwide\">C\u00c0MPING CARAVANING ELS ROURES SL, se compromete a proteger la privacidad de los usuarios que accedan a esta web y\/o cualquiera de sus servicios. La utilizaci\u00f3n de la web y\/o de cualquiera de los servicios ofrecidos por C\u00c0MPING CARAVANING ELS ROURES SL implica la aceptaci\u00f3n por el usuario de las disposiciones contenidas en la presente Pol\u00edtica de Privacidad y que sus datos personales sean tratados seg\u00fan se estipula en ella. Por favor, tenga en cuenta que a pesar de que pueda haber enlaces de nuestra web a otras webs o redes sociales, esta Pol\u00edtica de Privacidad no se aplica a las webs de otras compa\u00f1\u00edas u organizaciones a las que la web est\u00e9 redirigida. C\u00c0MPING CARAVANING ELS ROURES SL no controla el contenido de las webs de terceros, ni acepta cualquier responsabilidad por el contenido o las pol\u00edticas de privacidad de estas webs.<\/p>\n\n<p class=\"alignwide\"><strong><strong>Informaci\u00f3n b\u00e1sica sobre el tratamiento de datos (Reglamento (UE) 2016\/679 y LO 3\/2018)<\/strong><\/strong><\/p>\n\n<figure class=\"wp-block-table is-style-regular\"><table class=\"has-border-color has-blank-dark-grey-border-color\"><tbody><tr><td>Responsable del tratamiento<\/td><td>C\u00c0MPING CARAVANING ELS ROURES SL<br\/>NIF: B08783243<br\/>Avinguda El mariner, 34-36, 17864 Sant Pau de Seg\u00faries<br\/>Email: info@elsroures.com<\/td><\/tr><tr><td>Finalidad del tratamiento<\/td><td>Ofrecer, prestar y facturar nuestros servicios de alojamiento y restauraci\u00f3n.<\/td><\/tr><tr><td>Legitimaci\u00f3n<\/td><td>Consentimiento obtenido del interesado cuando nos solicita informaci\u00f3n.<br\/>Ejecuci\u00f3n del contrato de servicios cuando contrata con nosotros.<\/td><\/tr><tr><td>Destinatarios<\/td><td>Los datos no ser\u00e1n comunicados a terceros, salvo que lo exija una Ley o sea necesario para cumplir con la finalidad del tratamiento.<\/td><\/tr><tr><td>Derechos de las personas<\/td><td>Los interesados tienen derecho a ejercer los derechos de acceso, rectificaci\u00f3n, limitaci\u00f3n de tratamiento, supresi\u00f3n, portabilidad y oposici\u00f3n, enviando su solicitud a nuestra direcci\u00f3n.<\/td><\/tr><tr><td>Plazo de conservaci\u00f3n de los datos<\/td><td>Mientras se mantenga la relaci\u00f3n comercial o durante los a\u00f1os necesarios para cumplir con las obligaciones legales.<\/td><\/tr><tr><td>Reclamaci\u00f3n<\/td><td>Los interesados pueden dirigirse a la AEPD para presentar la reclamaci\u00f3n que considere oportuna.<\/td><\/tr><tr><td>Informaci\u00f3n adicional<\/td><td>Puede consultar la informaci\u00f3n adicional y detallada a continuaci\u00f3n en las \u00abPreguntas sobre privacidad\u00bb.<\/td><\/tr><\/tbody><\/table><\/figure>\n<p class=\"alignwide\"><strong><u><br\/>Preguntas sobre privacidad<\/u><\/strong><\/p>\n\n<p class=\"alignwide\">En cumplimiento del Reglamento (UE) 2016\/679 del Parlamento Europeo y del Consejo, de 27 de abril de 2016, (RGPD), y la Ley Org\u00e1nica 3\/2018, de 5 de diciembre, de Protecci\u00f3n de Datos Personales y garant\u00eda de los derechos digitales (LOPDGDD le ofrecemos la siguiente informaci\u00f3n sobre el tratamiento de sus datos personales:<\/p>\n\n<p class=\"alignwide\"><strong>\u00bfQui\u00e9n es el responsable del tratamiento de sus datos?<\/strong><\/p>\n\n<p class=\"alignwide\">Identidad: C\u00c0MPING CARAVANING ELS ROURES SL<br\/>NIF: B08783243<br\/>Direcci\u00f3n: Avinguda El mariner, 34-36, 17864 Sant Pau de Seg\u00faries<br\/>Tel.: 972747000<br\/>Email: info@elsroures.com<\/p>\n\n<p class=\"alignwide\"><strong>\u00bfCon qu\u00e9 finalidad tratamos sus datos personales?<\/strong><\/p>\n\n<ul class=\"alignwide wp-block-list\">\n<li>Tratamos la informaci\u00f3n que se nos facilita para gestionar nuestros servicios de alojamiento y restauraci\u00f3n.<\/li>\n\n\n\n<li>En el caso de que se ponga en contacto con nosotros a trav\u00e9s del formulario de contacto de nuestra p\u00e1gina web, los trataremos para gestionar su consulta.<\/li>\n\n\n\n<li>Tambi\u00e9n podremos utilizar sus datos para informar sobre futuras promociones, ofertas y otras acciones comerciales en los casos en que usted ya sea cliente o, si no lo es, cuando nos haya proporcionado su consentimiento en el correspondiente apartado.<\/li>\n\n\n\n<li>Al acceder a nuestras instalaciones su imagen puede ser registrada mediante c\u00e1maras de videovigilancia con fines de control de seguridad.<\/li>\n\n\n\n<li>Si nos env\u00eda un curr\u00edculum, trataremos los datos con el fin de gestionar la base de CV \u2018s para la selecci\u00f3n de personal.<\/li>\n<\/ul>\n\n<p class=\"alignwide\"><strong>\u00bfCu\u00e1nto tiempo conservaremos sus datos?<\/strong><\/p>\n\n<ul class=\"alignwide wp-block-list\">\n<li>Los datos personales proporcionados se conservar\u00e1n mientras sea usuario de nuestros servicios o quiera recibir informaci\u00f3n, dado que puede oponerse al tratamiento de sus datos con fines promocionales en cualquier momento comunic\u00e1ndonoslo al correo info@elsroures.com, y luego, durante los plazos establecidos para cumplir con nuestras obligaciones legales, que en el caso documentaci\u00f3n contable y fiscal a efectos mercantiles ser\u00e1n 6 a\u00f1os, de conformidad con el Art. 30 del C\u00f3digo Comercio, y a efectos fiscales ser\u00e1n 4 a\u00f1os, de acuerdo con los art\u00edculos 66 a 70 de la Ley General Tributaria.<\/li>\n\n\n\n<li>Las im\u00e1genes captadas por el sistema de videovigilancia se conservar\u00e1n durante un mes.<\/li>\n\n\n\n<li>En el caso de los curr\u00edculums los datos se conservar\u00e1n durante un a\u00f1o.<\/li>\n<\/ul>\n\n<p class=\"alignwide\"><strong>\u00bfCu\u00e1l es la legitimaci\u00f3n para el tratamiento de sus datos?<\/strong><\/p>\n\n<p class=\"alignwide\">Para la gesti\u00f3n de la relaci\u00f3n contractual con el interesado basaremos el tratamiento de los datos en la ejecuci\u00f3n del contrato o en el marco de la relaci\u00f3n precontractual.<\/p>\n\n<p class=\"alignwide\">Para el env\u00edo de informaci\u00f3n comercial basaremos el tratamiento en su consentimiento, aunque si ya es cliente podremos enviarle informaci\u00f3n sobre productos similares, proporcionando siempre un medio sencillo y gratuito para darse de baja, de acuerdo con lo dispuesto en el art\u00edculo 21.2 de la Ley 34\/2002, de 11 de julio, de servicios de la sociedad de la informaci\u00f3n y de comercio electr\u00f3nico.<\/p>\n\n<p class=\"alignwide\">Respecto a aquella informaci\u00f3n que sea remitida por menores de 14 a\u00f1os, ser\u00e1 requisito imprescindible que se haga con el consentimiento paterno, del tutor o del legal representante del menor para que los datos personales puedan ser objeto de tratamiento. Si no es as\u00ed, el representante legal del menor nos lo comunicar\u00e1 tan pronto como tenga conocimiento. Si no es as\u00ed, el representante legal del menor nos lo comunicar\u00e1 tan pronto como tenga conocimiento.<\/p>\n\n<p class=\"alignwide\"><strong>\u00bfA qu\u00e9 destinatarios se comunicar\u00e1n sus datos?<\/strong><\/p>\n\n<p class=\"alignwide\">Los datos no ser\u00e1n comunicados a terceros, salvo que lo exija una Ley o sea necesario para cumplir con la finalidad del tratamiento.<\/p>\n\n<p class=\"alignwide\">En caso de que realicemos alguna promoci\u00f3n o sorteo, los datos de los ganadores s\u00ed que se publicar\u00e1n en nuestra web y en nuestras redes sociales para hacer difusi\u00f3n de nuestras actividades.<\/p>\n\n<p class=\"alignwide\"><strong>\u00bfCu\u00e1les son sus derechos cuando nos facilita sus datos?<\/strong><\/p>\n\n<ul class=\"alignwide wp-block-list\">\n<li>Cualquier persona tiene derecho a obtener confirmaci\u00f3n sobre si estamos tratando o no sus datos personales.<\/li>\n\n\n\n<li>\uf0a7 Los interesados tienen derecho a <strong>acceder<\/strong> a sus datos personales, as\u00ed como a solicitar la <strong>rectificaci\u00f3n<\/strong> de los datos inexactos o, en su caso, solicitar su <strong>supresi\u00f3n<\/strong> cuando, entre otros motivos, los datos ya no sean necesarios para las finalidades para las que se recogieron.<\/li>\n\n\n\n<li>En determinadas circunstancias los interesados podr\u00e1n solicitar la limitaci\u00f3n del tratamiento de sus datos, en este caso \u00fanicamente los conservaremos para el ejercicio o la defensa de reclamaciones.<\/li>\n\n\n\n<li>Tambi\u00e9n, en determinadas circunstancias y por motivos relacionados con su situaci\u00f3n particular, los interesados pueden <strong>oponerse al tratamiento<\/strong> de sus datos. En este caso dejaremos de tratar los datos, excepto por motivos leg\u00edtimos imperiosos o para el ejercicio o la defensa de posibles reclamaciones.<\/li>\n\n\n\n<li>\uf0a7 Los interesados tambi\u00e9n tienen derecho a la <strong>portabilidad<\/strong> de sus datos.<\/li>\n\n\n\n<li>Todo interesado tendr\u00e1 derecho a <strong>no ser objeto de una decisi\u00f3n basada \u00fanicamente en el tratamiento automatizado,<\/strong> incluida la elaboraci\u00f3n de perfiles, que produzca efectos jur\u00eddicos en \u00e9l o le afecte significativamente de modo similar.<\/li>\n\n\n\n<li>\uf0a7 Finalmente, los interesados tienen derecho a presentar una reclamaci\u00f3n ante la Autoridad de Control competente.<\/li>\n<\/ul>\n\n<p class=\"alignwide\"><strong>\u00bfC\u00f3mo puede ejercer sus derechos?<\/strong><\/p>\n\n<p class=\"alignwide\">Enviando un escrito adjuntando una copia de un documento que lo identifique, a nuestra direcci\u00f3n f\u00edsica o la electr\u00f3nica.<\/p>\n\n<p class=\"alignwide\"><strong>\u00bfC\u00f3mo hemos obtenido sus datos?<\/strong><\/p>\n\n<p class=\"alignwide\">Los datos personales que tratamos proceden del propio interesado. El interesado garantiza que los datos personales facilitados son ciertos y se hace responsable de comunicar cualquier modificaci\u00f3n de estos. Los datos que est\u00e9n marcados con un asterisco ser\u00e1n obligatorios para poder darle el servicio solicitado.<\/p>\n\n<p class=\"alignwide\"><strong>\u00bfQu\u00e9 datos tratamos?<\/strong><\/p>\n\n<p class=\"alignwide\">Las categor\u00edas de datos que podemos tratar en la prestaci\u00f3n de nuestros servicios son:<\/p>\n\n<ul class=\"alignwide wp-block-list\">\n<li>Datos de car\u00e1cter identificativo<\/li>\n\n\n\n<li>Direcciones postales o electr\u00f3nicas<\/li>\n\n\n\n<li>\uf0a7 Datos de transacciones de bienes y servicios<\/li>\n<\/ul>\n\n<p class=\"alignwide\">En el caso del sistema de videovigilancia:<\/p>\n\n<ul class=\"alignwide wp-block-list\">\n<li>Imagen<\/li>\n<\/ul>\n\n<p class=\"alignwide\">En el caso de los curr\u00edculos, tambi\u00e9n:<\/p>\n\n<ul class=\"alignwide wp-block-list\">\n<li>Caracter\u00edsticas personales<\/li>\n\n\n\n<li>Acad\u00e9micos y profesionales<\/li>\n<\/ul>\n\n<p class=\"alignwide\">Los datos son limitados, dado que \u00fanicamente tratamos los datos necesarios para la prestaci\u00f3n de nuestros servicios y la gesti\u00f3n de nuestra actividad.<\/p>\n\n<p class=\"alignwide\"><strong>\u00bfUsamos cookies?<\/strong><\/p>\n\n<p class=\"alignwide\">Vea nuestra pol\u00edtica de cookies. <\/p>\n\n<p class=\"alignwide\">El usuario puede configurar su navegador para ser avisado de la utilizaci\u00f3n de cookies y para evitar su uso.<\/p>\n\n<p class=\"alignwide\"><strong>\u00bfQu\u00e9 medidas de seguridad aplicamos?<\/strong><\/p>\n\n<p class=\"alignwide\">Aplicamos las medidas de seguridad establecidas en el art\u00edculo 32 del RGPD, por tanto, hemos adoptado las medidas de seguridad necesarias para garantizar un nivel de seguridad adecuado al riesgo del tratamiento de datos que realizamos, con mecanismos que nos permiten garantizar la confidencialidad, integridad, disponibilidad y resiliencia permanente de los sistemas y servicios de tratamiento.<\/p>\n\n<p class=\"alignwide\">Algunas de estas medidas son:<\/p>\n\n<ul class=\"margin-bottom alignwide wp-block-list\">\n<li>Informaci\u00f3n de las pol\u00edticas de tratamiento de datos al personal.<\/li>\n\n\n\n<li>Realizaci\u00f3n de copias de seguridad peri\u00f3dicas.<\/li>\n\n\n\n<li>Control de acceso a los datos.<\/li>\n\n\n\n<li>Procesos de verificaci\u00f3n, evaluaci\u00f3n y valoraci\u00f3n regulares.<\/li>\n<\/ul>\n","protected":false},"excerpt":{"rendered":"<p>C\u00c0MPING CARAVANING ELS ROURES SL, se compromete a proteger la privacidad de los usuarios que accedan a esta web y\/o cualquiera de sus servicios. La&#8230;<\/p>\n","protected":false},"author":1,"featured_media":0,"parent":0,"menu_order":25,"comment_status":"closed","ping_status":"closed","template":"","meta":{"_acf_changed":false,"footnotes":""},"class_list":["post-3562","page","type-page","status-publish","hentry"],"acf":[],"yoast_head":"<!-- This site is optimized with the Yoast SEO plugin v27.3 - https:\/\/yoast.com\/product\/yoast-seo-wordpress\/ -->\n<title>Pol\u00edtica de privacidad | Els Roures<\/title>\n<meta name=\"robots\" content=\"index, follow, max-snippet:-1, max-image-preview:large, max-video-preview:-1\" \/>\n<link rel=\"canonical\" href=\"https:\/\/elsroures.com\/es\/politica-de-privacidad\/\" \/>\n<meta property=\"og:locale\" content=\"es_ES\" \/>\n<meta property=\"og:type\" content=\"article\" \/>\n<meta property=\"og:title\" content=\"Pol\u00edtica de privacidad | Els Roures\" \/>\n<meta property=\"og:description\" content=\"C\u00c0MPING CARAVANING ELS ROURES SL, se compromete a proteger la privacidad de los usuarios que accedan a esta web y\/o cualquiera de sus servicios. La...\" \/>\n<meta property=\"og:url\" content=\"https:\/\/elsroures.com\/es\/politica-de-privacidad\/\" \/>\n<meta property=\"og:site_name\" content=\"Els Roures\" \/>\n<meta property=\"article:modified_time\" content=\"2023-06-27T11:48:48+00:00\" \/>\n<meta property=\"og:image\" content=\"https:\/\/elsroures.com\/wp-content\/uploads\/serveis-piscina-03.webp\" \/>\n<meta name=\"twitter:card\" content=\"summary_large_image\" \/>\n<meta name=\"twitter:label1\" content=\"Tiempo de lectura\" \/>\n\t<meta name=\"twitter:data1\" content=\"7 minutos\" \/>\n<script type=\"application\/ld+json\" class=\"yoast-schema-graph\">{\"@context\":\"https:\\\/\\\/schema.org\",\"@graph\":[{\"@type\":\"WebPage\",\"@id\":\"https:\\\/\\\/elsroures.com\\\/es\\\/politica-de-privacidad\\\/\",\"url\":\"https:\\\/\\\/elsroures.com\\\/es\\\/politica-de-privacidad\\\/\",\"name\":\"Pol\u00edtica de privacidad | Els Roures\",\"isPartOf\":{\"@id\":\"https:\\\/\\\/elsroures.com\\\/es\\\/#website\"},\"primaryImageOfPage\":{\"@id\":\"https:\\\/\\\/elsroures.com\\\/es\\\/politica-de-privacidad\\\/#primaryimage\"},\"image\":{\"@id\":\"https:\\\/\\\/elsroures.com\\\/es\\\/politica-de-privacidad\\\/#primaryimage\"},\"thumbnailUrl\":\"https:\\\/\\\/elsroures.com\\\/wp-content\\\/uploads\\\/serveis-piscina-03.webp\",\"datePublished\":\"2022-05-30T10:54:19+00:00\",\"dateModified\":\"2023-06-27T11:48:48+00:00\",\"breadcrumb\":{\"@id\":\"https:\\\/\\\/elsroures.com\\\/es\\\/politica-de-privacidad\\\/#breadcrumb\"},\"inLanguage\":\"es\",\"potentialAction\":[{\"@type\":\"ReadAction\",\"target\":[\"https:\\\/\\\/elsroures.com\\\/es\\\/politica-de-privacidad\\\/\"]}]},{\"@type\":\"ImageObject\",\"inLanguage\":\"es\",\"@id\":\"https:\\\/\\\/elsroures.com\\\/es\\\/politica-de-privacidad\\\/#primaryimage\",\"url\":\"https:\\\/\\\/elsroures.com\\\/wp-content\\\/uploads\\\/serveis-piscina-03.webp\",\"contentUrl\":\"https:\\\/\\\/elsroures.com\\\/wp-content\\\/uploads\\\/serveis-piscina-03.webp\"},{\"@type\":\"BreadcrumbList\",\"@id\":\"https:\\\/\\\/elsroures.com\\\/es\\\/politica-de-privacidad\\\/#breadcrumb\",\"itemListElement\":[{\"@type\":\"ListItem\",\"position\":1,\"name\":\"Inicio\",\"item\":\"https:\\\/\\\/elsroures.com\\\/es\\\/\"},{\"@type\":\"ListItem\",\"position\":2,\"name\":\"Pol\u00edtica de privacidad\"}]},{\"@type\":\"WebSite\",\"@id\":\"https:\\\/\\\/elsroures.com\\\/es\\\/#website\",\"url\":\"https:\\\/\\\/elsroures.com\\\/es\\\/\",\"name\":\"Els Roures\",\"description\":\"Otro sitio realizado con WordPress\",\"publisher\":{\"@id\":\"https:\\\/\\\/elsroures.com\\\/es\\\/#organization\"},\"potentialAction\":[{\"@type\":\"SearchAction\",\"target\":{\"@type\":\"EntryPoint\",\"urlTemplate\":\"https:\\\/\\\/elsroures.com\\\/es\\\/?s={search_term_string}\"},\"query-input\":{\"@type\":\"PropertyValueSpecification\",\"valueRequired\":true,\"valueName\":\"search_term_string\"}}],\"inLanguage\":\"es\"},{\"@type\":\"Organization\",\"@id\":\"https:\\\/\\\/elsroures.com\\\/es\\\/#organization\",\"name\":\"Els Roures\",\"url\":\"https:\\\/\\\/elsroures.com\\\/es\\\/\",\"logo\":{\"@type\":\"ImageObject\",\"inLanguage\":\"es\",\"@id\":\"https:\\\/\\\/elsroures.com\\\/es\\\/#\\\/schema\\\/logo\\\/image\\\/\",\"url\":\"https:\\\/\\\/elsroures.com\\\/wp-content\\\/uploads\\\/logo-01.svg\",\"contentUrl\":\"https:\\\/\\\/elsroures.com\\\/wp-content\\\/uploads\\\/logo-01.svg\",\"width\":\"2048\",\"height\":\"2048\",\"caption\":\"Els Roures\"},\"image\":{\"@id\":\"https:\\\/\\\/elsroures.com\\\/es\\\/#\\\/schema\\\/logo\\\/image\\\/\"},\"sameAs\":[\"https:\\\/\\\/www.instagram.com\\\/campingelsroures\\\/\"]}]}<\/script>\n<!-- \/ Yoast SEO plugin. -->","yoast_head_json":{"title":"Pol\u00edtica de privacidad | Els Roures","robots":{"index":"index","follow":"follow","max-snippet":"max-snippet:-1","max-image-preview":"max-image-preview:large","max-video-preview":"max-video-preview:-1"},"canonical":"https:\/\/elsroures.com\/es\/politica-de-privacidad\/","og_locale":"es_ES","og_type":"article","og_title":"Pol\u00edtica de privacidad | Els Roures","og_description":"C\u00c0MPING CARAVANING ELS ROURES SL, se compromete a proteger la privacidad de los usuarios que accedan a esta web y\/o cualquiera de sus servicios. La...","og_url":"https:\/\/elsroures.com\/es\/politica-de-privacidad\/","og_site_name":"Els Roures","article_modified_time":"2023-06-27T11:48:48+00:00","og_image":[{"url":"https:\/\/elsroures.com\/wp-content\/uploads\/serveis-piscina-03.webp","type":"","width":"","height":""}],"twitter_card":"summary_large_image","twitter_misc":{"Tiempo de lectura":"7 minutos"},"schema":{"@context":"https:\/\/schema.org","@graph":[{"@type":"WebPage","@id":"https:\/\/elsroures.com\/es\/politica-de-privacidad\/","url":"https:\/\/elsroures.com\/es\/politica-de-privacidad\/","name":"Pol\u00edtica de privacidad | Els Roures","isPartOf":{"@id":"https:\/\/elsroures.com\/es\/#website"},"primaryImageOfPage":{"@id":"https:\/\/elsroures.com\/es\/politica-de-privacidad\/#primaryimage"},"image":{"@id":"https:\/\/elsroures.com\/es\/politica-de-privacidad\/#primaryimage"},"thumbnailUrl":"https:\/\/elsroures.com\/wp-content\/uploads\/serveis-piscina-03.webp","datePublished":"2022-05-30T10:54:19+00:00","dateModified":"2023-06-27T11:48:48+00:00","breadcrumb":{"@id":"https:\/\/elsroures.com\/es\/politica-de-privacidad\/#breadcrumb"},"inLanguage":"es","potentialAction":[{"@type":"ReadAction","target":["https:\/\/elsroures.com\/es\/politica-de-privacidad\/"]}]},{"@type":"ImageObject","inLanguage":"es","@id":"https:\/\/elsroures.com\/es\/politica-de-privacidad\/#primaryimage","url":"https:\/\/elsroures.com\/wp-content\/uploads\/serveis-piscina-03.webp","contentUrl":"https:\/\/elsroures.com\/wp-content\/uploads\/serveis-piscina-03.webp"},{"@type":"BreadcrumbList","@id":"https:\/\/elsroures.com\/es\/politica-de-privacidad\/#breadcrumb","itemListElement":[{"@type":"ListItem","position":1,"name":"Inicio","item":"https:\/\/elsroures.com\/es\/"},{"@type":"ListItem","position":2,"name":"Pol\u00edtica de privacidad"}]},{"@type":"WebSite","@id":"https:\/\/elsroures.com\/es\/#website","url":"https:\/\/elsroures.com\/es\/","name":"Els Roures","description":"Otro sitio realizado con WordPress","publisher":{"@id":"https:\/\/elsroures.com\/es\/#organization"},"potentialAction":[{"@type":"SearchAction","target":{"@type":"EntryPoint","urlTemplate":"https:\/\/elsroures.com\/es\/?s={search_term_string}"},"query-input":{"@type":"PropertyValueSpecification","valueRequired":true,"valueName":"search_term_string"}}],"inLanguage":"es"},{"@type":"Organization","@id":"https:\/\/elsroures.com\/es\/#organization","name":"Els Roures","url":"https:\/\/elsroures.com\/es\/","logo":{"@type":"ImageObject","inLanguage":"es","@id":"https:\/\/elsroures.com\/es\/#\/schema\/logo\/image\/","url":"https:\/\/elsroures.com\/wp-content\/uploads\/logo-01.svg","contentUrl":"https:\/\/elsroures.com\/wp-content\/uploads\/logo-01.svg","width":"2048","height":"2048","caption":"Els Roures"},"image":{"@id":"https:\/\/elsroures.com\/es\/#\/schema\/logo\/image\/"},"sameAs":["https:\/\/www.instagram.com\/campingelsroures\/"]}]}},"_links":{"self":[{"href":"https:\/\/elsroures.com\/es\/wp-json\/wp\/v2\/pages\/3562","targetHints":{"allow":["GET"]}}],"collection":[{"href":"https:\/\/elsroures.com\/es\/wp-json\/wp\/v2\/pages"}],"about":[{"href":"https:\/\/elsroures.com\/es\/wp-json\/wp\/v2\/types\/page"}],"author":[{"embeddable":true,"href":"https:\/\/elsroures.com\/es\/wp-json\/wp\/v2\/users\/1"}],"replies":[{"embeddable":true,"href":"https:\/\/elsroures.com\/es\/wp-json\/wp\/v2\/comments?post=3562"}],"version-history":[{"count":3,"href":"https:\/\/elsroures.com\/es\/wp-json\/wp\/v2\/pages\/3562\/revisions"}],"predecessor-version":[{"id":7592,"href":"https:\/\/elsroures.com\/es\/wp-json\/wp\/v2\/pages\/3562\/revisions\/7592"}],"wp:attachment":[{"href":"https:\/\/elsroures.com\/es\/wp-json\/wp\/v2\/media?parent=3562"}],"curies":[{"name":"wp","href":"https:\/\/api.w.org\/{rel}","templated":true}]}}