{"id":3548,"date":"2022-05-30T08:26:42","date_gmt":"2022-05-30T06:26:42","guid":{"rendered":"https:\/\/mflhhmub.lucusprueba.es\/trabaja-con-nosotros\/"},"modified":"2023-03-09T08:39:04","modified_gmt":"2023-03-09T07:39:04","slug":"trabaja-con-nosotros","status":"publish","type":"page","link":"https:\/\/elsroures.com\/es\/trabaja-con-nosotros\/","title":{"rendered":"Trabaja con nosotros"},"content":{"rendered":"\n<div class=\"wp-block-cover alignfull is-light has-custom-content-position is-position-bottom-center is-style-no-margin margin-bottom\"><span aria-hidden=\"true\" class=\"wp-block-cover__background has-background-dim-20 has-background-dim\"><\/span><img loading=\"lazy\" decoding=\"async\" width=\"1024\" height=\"576\" class=\"wp-block-cover__image-background wp-image-7153\" alt=\"\" src=\"https:\/\/elsroures.com\/wp-content\/uploads\/treballa-amb-nosaltres-elsroures.jpg\" data-object-fit=\"cover\" srcset=\"https:\/\/elsroures.com\/wp-content\/uploads\/treballa-amb-nosaltres-elsroures.jpg 1024w, https:\/\/elsroures.com\/wp-content\/uploads\/treballa-amb-nosaltres-elsroures-768x432.jpg 768w\" sizes=\"auto, (max-width: 1024px) 100vw, 1024px\" \/><div class=\"wp-block-cover__inner-container is-layout-flow wp-block-cover-is-layout-flow\">\n<div class=\"wp-block-group is-layout-constrained wp-container-core-group-is-layout-f843088e wp-block-group-is-layout-constrained\"><h1 class=\"has-text-align-center text-shadow animation--init wp-block-post-title has-text-color has-blank-white-color\">Trabaja con nosotros<\/h1><\/div>\n<\/div><\/div>\n\n<h2 class=\"has-text-align-center wp-block-heading\"><strong>\u00bfQuieres formar parte de un equipo joven y din\u00e1mico?<\/strong><\/h2>\n\n<p class=\"has-text-align-center has-blank-dark-grey-color has-text-color\"><strong>Si quieres formar parte del equipo del C\u00e0mping els Roures<\/strong>, env\u00edanos tu CV y entra a formar parte de nuestro equipo en nuestra empresa familiar. Te tendremos en cuenta para ofertas actuales y futuras.<\/p>\n\n<p class=\"has-text-align-center has-blank-dark-grey-color has-text-color\">En estos momentos ofrecemos las siguientes vacantes:<\/p>\n\n<ul class=\"wp-block-list\">\n<li><strong>RECEPCIONISTA DE VERANO<\/strong><\/li>\n\n\n\n<li><strong>Cocinera o cocinero<\/strong><\/li>\n\n\n\n<li><strong>Camarera o camarero<\/strong><\/li>\n<\/ul>\n\n<p class=\"has-text-align-center margin-bottom has-blank-dark-grey-color has-text-color\">Contacta con nosotros a trav\u00e9s del formulario y env\u00edanos tu CV. <br\/>o escribirnos directamente a <a href=\"mailto:info@elsroures.com\"><mark style=\"background-color:rgba(0, 0, 0, 0)\" class=\"has-inline-color has-blank-green-color\">info@elsroures.com<\/mark><\/a> y no olvides enviarnos tu CV.<\/p>\n\n<div class=\"wp-block-contact-form-7-contact-form-selector margin-bottom work-contact alignwide\">[contact-form-7 id=\u00bb1248&#8243; title=\u00bbTrabaja con nosotros\u00bb]<\/div>\n","protected":false},"excerpt":{"rendered":"<p>\u00bfQuieres formar parte de un equipo joven y din\u00e1mico? Si quieres formar parte del equipo del C\u00e0mping els Roures, env\u00edanos tu CV y entra a&#8230;<\/p>\n","protected":false},"author":1,"featured_media":0,"parent":0,"menu_order":21,"comment_status":"closed","ping_status":"closed","template":"","meta":{"_acf_changed":false,"footnotes":""},"class_list":["post-3548","page","type-page","status-publish","hentry"],"acf":[],"yoast_head":"<!-- This site is optimized with the Yoast SEO plugin v27.3 - https:\/\/yoast.com\/product\/yoast-seo-wordpress\/ -->\n<title>Trabaja con nosotros | Els Roures<\/title>\n<meta name=\"robots\" content=\"index, follow, max-snippet:-1, max-image-preview:large, max-video-preview:-1\" \/>\n<link rel=\"canonical\" href=\"https:\/\/elsroures.com\/es\/trabaja-con-nosotros\/\" \/>\n<meta property=\"og:locale\" content=\"es_ES\" \/>\n<meta property=\"og:type\" content=\"article\" \/>\n<meta property=\"og:title\" content=\"Trabaja con nosotros | Els Roures\" \/>\n<meta property=\"og:description\" content=\"\u00bfQuieres formar parte de un equipo joven y din\u00e1mico? Si quieres formar parte del equipo del C\u00e0mping els Roures, env\u00edanos tu CV y entra a...\" \/>\n<meta property=\"og:url\" content=\"https:\/\/elsroures.com\/es\/trabaja-con-nosotros\/\" \/>\n<meta property=\"og:site_name\" content=\"Els Roures\" \/>\n<meta property=\"article:modified_time\" content=\"2023-03-09T07:39:04+00:00\" \/>\n<meta property=\"og:image\" content=\"https:\/\/elsroures.com\/wp-content\/uploads\/treballa-amb-nosaltres-elsroures.jpg\" \/>\n<meta name=\"twitter:card\" content=\"summary_large_image\" \/>\n<script type=\"application\/ld+json\" class=\"yoast-schema-graph\">{\"@context\":\"https:\\\/\\\/schema.org\",\"@graph\":[{\"@type\":\"WebPage\",\"@id\":\"https:\\\/\\\/elsroures.com\\\/es\\\/trabaja-con-nosotros\\\/\",\"url\":\"https:\\\/\\\/elsroures.com\\\/es\\\/trabaja-con-nosotros\\\/\",\"name\":\"Trabaja con nosotros | Els Roures\",\"isPartOf\":{\"@id\":\"https:\\\/\\\/elsroures.com\\\/es\\\/#website\"},\"primaryImageOfPage\":{\"@id\":\"https:\\\/\\\/elsroures.com\\\/es\\\/trabaja-con-nosotros\\\/#primaryimage\"},\"image\":{\"@id\":\"https:\\\/\\\/elsroures.com\\\/es\\\/trabaja-con-nosotros\\\/#primaryimage\"},\"thumbnailUrl\":\"https:\\\/\\\/elsroures.com\\\/wp-content\\\/uploads\\\/treballa-amb-nosaltres-elsroures.jpg\",\"datePublished\":\"2022-05-30T06:26:42+00:00\",\"dateModified\":\"2023-03-09T07:39:04+00:00\",\"breadcrumb\":{\"@id\":\"https:\\\/\\\/elsroures.com\\\/es\\\/trabaja-con-nosotros\\\/#breadcrumb\"},\"inLanguage\":\"es\",\"potentialAction\":[{\"@type\":\"ReadAction\",\"target\":[\"https:\\\/\\\/elsroures.com\\\/es\\\/trabaja-con-nosotros\\\/\"]}]},{\"@type\":\"ImageObject\",\"inLanguage\":\"es\",\"@id\":\"https:\\\/\\\/elsroures.com\\\/es\\\/trabaja-con-nosotros\\\/#primaryimage\",\"url\":\"https:\\\/\\\/elsroures.com\\\/wp-content\\\/uploads\\\/treballa-amb-nosaltres-elsroures.jpg\",\"contentUrl\":\"https:\\\/\\\/elsroures.com\\\/wp-content\\\/uploads\\\/treballa-amb-nosaltres-elsroures.jpg\"},{\"@type\":\"BreadcrumbList\",\"@id\":\"https:\\\/\\\/elsroures.com\\\/es\\\/trabaja-con-nosotros\\\/#breadcrumb\",\"itemListElement\":[{\"@type\":\"ListItem\",\"position\":1,\"name\":\"Inicio\",\"item\":\"https:\\\/\\\/elsroures.com\\\/es\\\/\"},{\"@type\":\"ListItem\",\"position\":2,\"name\":\"Trabaja con nosotros\"}]},{\"@type\":\"WebSite\",\"@id\":\"https:\\\/\\\/elsroures.com\\\/es\\\/#website\",\"url\":\"https:\\\/\\\/elsroures.com\\\/es\\\/\",\"name\":\"Els Roures\",\"description\":\"Otro sitio realizado con WordPress\",\"publisher\":{\"@id\":\"https:\\\/\\\/elsroures.com\\\/es\\\/#organization\"},\"potentialAction\":[{\"@type\":\"SearchAction\",\"target\":{\"@type\":\"EntryPoint\",\"urlTemplate\":\"https:\\\/\\\/elsroures.com\\\/es\\\/?s={search_term_string}\"},\"query-input\":{\"@type\":\"PropertyValueSpecification\",\"valueRequired\":true,\"valueName\":\"search_term_string\"}}],\"inLanguage\":\"es\"},{\"@type\":\"Organization\",\"@id\":\"https:\\\/\\\/elsroures.com\\\/es\\\/#organization\",\"name\":\"Els Roures\",\"url\":\"https:\\\/\\\/elsroures.com\\\/es\\\/\",\"logo\":{\"@type\":\"ImageObject\",\"inLanguage\":\"es\",\"@id\":\"https:\\\/\\\/elsroures.com\\\/es\\\/#\\\/schema\\\/logo\\\/image\\\/\",\"url\":\"https:\\\/\\\/elsroures.com\\\/wp-content\\\/uploads\\\/logo-01.svg\",\"contentUrl\":\"https:\\\/\\\/elsroures.com\\\/wp-content\\\/uploads\\\/logo-01.svg\",\"width\":\"2048\",\"height\":\"2048\",\"caption\":\"Els Roures\"},\"image\":{\"@id\":\"https:\\\/\\\/elsroures.com\\\/es\\\/#\\\/schema\\\/logo\\\/image\\\/\"},\"sameAs\":[\"https:\\\/\\\/www.instagram.com\\\/campingelsroures\\\/\"]}]}<\/script>\n<!-- \/ Yoast SEO plugin. -->","yoast_head_json":{"title":"Trabaja con nosotros | Els Roures","robots":{"index":"index","follow":"follow","max-snippet":"max-snippet:-1","max-image-preview":"max-image-preview:large","max-video-preview":"max-video-preview:-1"},"canonical":"https:\/\/elsroures.com\/es\/trabaja-con-nosotros\/","og_locale":"es_ES","og_type":"article","og_title":"Trabaja con nosotros | Els Roures","og_description":"\u00bfQuieres formar parte de un equipo joven y din\u00e1mico? Si quieres formar parte del equipo del C\u00e0mping els Roures, env\u00edanos tu CV y entra a...","og_url":"https:\/\/elsroures.com\/es\/trabaja-con-nosotros\/","og_site_name":"Els Roures","article_modified_time":"2023-03-09T07:39:04+00:00","og_image":[{"url":"https:\/\/elsroures.com\/wp-content\/uploads\/treballa-amb-nosaltres-elsroures.jpg","type":"","width":"","height":""}],"twitter_card":"summary_large_image","schema":{"@context":"https:\/\/schema.org","@graph":[{"@type":"WebPage","@id":"https:\/\/elsroures.com\/es\/trabaja-con-nosotros\/","url":"https:\/\/elsroures.com\/es\/trabaja-con-nosotros\/","name":"Trabaja con nosotros | Els Roures","isPartOf":{"@id":"https:\/\/elsroures.com\/es\/#website"},"primaryImageOfPage":{"@id":"https:\/\/elsroures.com\/es\/trabaja-con-nosotros\/#primaryimage"},"image":{"@id":"https:\/\/elsroures.com\/es\/trabaja-con-nosotros\/#primaryimage"},"thumbnailUrl":"https:\/\/elsroures.com\/wp-content\/uploads\/treballa-amb-nosaltres-elsroures.jpg","datePublished":"2022-05-30T06:26:42+00:00","dateModified":"2023-03-09T07:39:04+00:00","breadcrumb":{"@id":"https:\/\/elsroures.com\/es\/trabaja-con-nosotros\/#breadcrumb"},"inLanguage":"es","potentialAction":[{"@type":"ReadAction","target":["https:\/\/elsroures.com\/es\/trabaja-con-nosotros\/"]}]},{"@type":"ImageObject","inLanguage":"es","@id":"https:\/\/elsroures.com\/es\/trabaja-con-nosotros\/#primaryimage","url":"https:\/\/elsroures.com\/wp-content\/uploads\/treballa-amb-nosaltres-elsroures.jpg","contentUrl":"https:\/\/elsroures.com\/wp-content\/uploads\/treballa-amb-nosaltres-elsroures.jpg"},{"@type":"BreadcrumbList","@id":"https:\/\/elsroures.com\/es\/trabaja-con-nosotros\/#breadcrumb","itemListElement":[{"@type":"ListItem","position":1,"name":"Inicio","item":"https:\/\/elsroures.com\/es\/"},{"@type":"ListItem","position":2,"name":"Trabaja con nosotros"}]},{"@type":"WebSite","@id":"https:\/\/elsroures.com\/es\/#website","url":"https:\/\/elsroures.com\/es\/","name":"Els Roures","description":"Otro sitio realizado con WordPress","publisher":{"@id":"https:\/\/elsroures.com\/es\/#organization"},"potentialAction":[{"@type":"SearchAction","target":{"@type":"EntryPoint","urlTemplate":"https:\/\/elsroures.com\/es\/?s={search_term_string}"},"query-input":{"@type":"PropertyValueSpecification","valueRequired":true,"valueName":"search_term_string"}}],"inLanguage":"es"},{"@type":"Organization","@id":"https:\/\/elsroures.com\/es\/#organization","name":"Els Roures","url":"https:\/\/elsroures.com\/es\/","logo":{"@type":"ImageObject","inLanguage":"es","@id":"https:\/\/elsroures.com\/es\/#\/schema\/logo\/image\/","url":"https:\/\/elsroures.com\/wp-content\/uploads\/logo-01.svg","contentUrl":"https:\/\/elsroures.com\/wp-content\/uploads\/logo-01.svg","width":"2048","height":"2048","caption":"Els Roures"},"image":{"@id":"https:\/\/elsroures.com\/es\/#\/schema\/logo\/image\/"},"sameAs":["https:\/\/www.instagram.com\/campingelsroures\/"]}]}},"_links":{"self":[{"href":"https:\/\/elsroures.com\/es\/wp-json\/wp\/v2\/pages\/3548","targetHints":{"allow":["GET"]}}],"collection":[{"href":"https:\/\/elsroures.com\/es\/wp-json\/wp\/v2\/pages"}],"about":[{"href":"https:\/\/elsroures.com\/es\/wp-json\/wp\/v2\/types\/page"}],"author":[{"embeddable":true,"href":"https:\/\/elsroures.com\/es\/wp-json\/wp\/v2\/users\/1"}],"replies":[{"embeddable":true,"href":"https:\/\/elsroures.com\/es\/wp-json\/wp\/v2\/comments?post=3548"}],"version-history":[{"count":3,"href":"https:\/\/elsroures.com\/es\/wp-json\/wp\/v2\/pages\/3548\/revisions"}],"predecessor-version":[{"id":7162,"href":"https:\/\/elsroures.com\/es\/wp-json\/wp\/v2\/pages\/3548\/revisions\/7162"}],"wp:attachment":[{"href":"https:\/\/elsroures.com\/es\/wp-json\/wp\/v2\/media?parent=3548"}],"curies":[{"name":"wp","href":"https:\/\/api.w.org\/{rel}","templated":true}]}}