{"id":30966,"date":"2025-08-20T21:09:55","date_gmt":"2025-08-20T19:09:55","guid":{"rendered":"https:\/\/elsroures.com\/alojamientos\/habitacions-els-roures\/"},"modified":"2026-04-01T15:26:16","modified_gmt":"2026-04-01T13:26:16","slug":"habitacions-els-roures","status":"publish","type":"page","link":"https:\/\/elsroures.com\/es\/alojamientos\/habitacions-els-roures\/","title":{"rendered":"Habitaciones Els Roures"},"content":{"rendered":"\n<div class=\"wp-block-cover alignfull is-light cover-page is-style-no-margin cover-animate\"><img loading=\"lazy\" decoding=\"async\" width=\"1400\" height=\"844\" class=\"wp-block-cover__image-background wp-image-726\" alt=\"\" src=\"https:\/\/elsroures.com\/wp-content\/uploads\/restaurant-10.webp\" data-object-fit=\"cover\" srcset=\"https:\/\/elsroures.com\/wp-content\/uploads\/restaurant-10.webp 1400w, https:\/\/elsroures.com\/wp-content\/uploads\/restaurant-10-1024x617.webp 1024w, https:\/\/elsroures.com\/wp-content\/uploads\/restaurant-10-768x463.webp 768w\" sizes=\"auto, (max-width: 1400px) 100vw, 1400px\" \/><span aria-hidden=\"true\" class=\"wp-block-cover__background has-background-dim-20 has-background-dim\" style=\"background-color:#83827b\"><\/span><div class=\"wp-block-cover__inner-container is-layout-flow wp-block-cover-is-layout-flow\">\n<div class=\"wp-block-group is-layout-constrained wp-container-core-group-is-layout-f843088e wp-block-group-is-layout-constrained\">\n<h2 class=\"wp-block-heading has-text-align-center text-shadow animation--init\"><\/h2>\n\n\n<h1 class=\"has-text-align-center has-link-color animation--init wp-elements-f3cc5c9cc0885b836acfe1d4629a0873 wp-block-post-title has-text-color has-blank-white-color\">Habitaciones Els Roures<\/h1>\n\n<div id=\"wp-block-booking-widget-block_036793e0d3c46d2af86735cdda7df074\" class=\"wp-block-booking-widget margin-bottom animation--init has-text-align-left margin-bottom animation--init\">\n        <div class=\"booking-widget-wrapper\"><script>\n            document.addEventListener('DOMContentLoaded', function () {\n\n                var widget = new MasterWidget('widgetBookingContainer4866', {\n                    lang: 'es',idProperty: '64',class: 'widget_columns',categoryIds: [8,9],target: '_blank',dropdown: true,\n                    url: 'https:\/\/booking.elsroures.com'\n                });\n\n\n            });\n\n            <\/script><div id=\"widgetBookingContainer4866\"> <\/div><\/div>\n        <div class=\"booking-button-wrapper\"><\/div>\n<\/div>\n<\/div>\n<\/div><\/div>\n\n\n\n<div class=\"wp-block-group alignwide has-blank-dark-grey-color has-text-color has-link-color wp-elements-29e9bb7554928e4fd65d7ed208315484 is-content-justification-left is-layout-constrained wp-container-core-group-is-layout-b8f68c67 wp-block-group-is-layout-constrained\" style=\"margin-bottom:10vh\"><div class=\"yoast-breadcrumbs\"><span><span><a href=\"https:\/\/elsroures.com\/es\/\">Inicio<\/a><\/span> \u00bb <span><a href=\"https:\/\/elsroures.com\/es\/alojamientos\/\">Alojamientos<\/a><\/span> \u00bb <span class=\"breadcrumb_last\" aria-current=\"page\">Habitaciones Els Roures<\/span><\/span><\/div><\/div>\n\n\n\n<p class=\"has-text-align-center\">Las habitaciones del Camping Els Roures han sido completamente renovadas para ofrecerle la m\u00e1xima comodidad y bienestar durante su estancia. Ahora cuentan con aire acondicionado para los meses de verano, calefacci\u00f3n en invierno, ba\u00f1o completo, televisi\u00f3n y una decoraci\u00f3n actual y acogedora combinada con nuestro ambiente rural y familiar de siempre.<\/p>\n\n\n\n<p class=\"has-text-align-center\">El desayuno se sirve en el mismo Restaurante Els Fogons de Els Roures, que se encuentra justo en el edificio. <br>Las habitaciones se encuentran en el primer piso del restaurante, y algunas de ellas ofrecen vistas a la tradicional Era del Bar, aportando un encanto aut\u00e9ntico a su experiencia.<\/p>\n\n\n\n<p class=\"has-text-align-center\">Si busca un alojamiento rural c\u00f3modo, renovado y con todos los servicios,<br>las habitaciones del Camping Els Roures es su mejor opci\u00f3n.<\/p>\n\n\n\n<div class=\"wp-block-columns accommodation-navbar is-layout-flex wp-container-core-columns-is-layout-e3075dc7 wp-block-columns-is-layout-flex\" style=\"margin-bottom:8vh\">\n<div class=\"wp-block-column is-layout-flow wp-block-column-is-layout-flow\" style=\"border-right-color:var(--wp--preset--color--blank-black);border-right-width:1px;padding-top:var(--wp--preset--spacing--40);padding-right:1rem;padding-bottom:var(--wp--preset--spacing--40);padding-left:1rem\">\n<p class=\"has-text-align-center has-blank-dark-grey-color has-text-color has-link-color wp-elements-ab7ac073822aa4b51029ede900e0d7ab\"><a href=\"https:\/\/elsroures.com\/es\/17466-2\/\">FAQS<\/a><\/p>\n<\/div>\n\n\n\n<div class=\"wp-block-column is-layout-flow wp-block-column-is-layout-flow\" style=\"border-right-color:var(--wp--preset--color--blank-black);border-right-width:1px;padding-top:var(--wp--preset--spacing--40);padding-right:1rem;padding-bottom:var(--wp--preset--spacing--40);padding-left:1rem\">\n<p class=\"has-text-align-center has-blank-dark-grey-color has-text-color has-link-color wp-elements-ec495afb5d969aca9e443516b057faea\"><a href=\"https:\/\/elsroures.com\/es\/ofertas\/\">Ofertas<\/a><\/p>\n<\/div>\n\n\n\n<div class=\"wp-block-column is-layout-flow wp-block-column-is-layout-flow\" style=\"border-right-color:var(--wp--preset--color--blank-black);border-right-width:1px;padding-top:var(--wp--preset--spacing--40);padding-right:1rem;padding-bottom:var(--wp--preset--spacing--40);padding-left:1rem\">\n<p class=\"has-text-align-center has-blank-dark-grey-color has-text-color has-link-color wp-elements-e80538ce972e70eb66846c7e9cbca198\"><a href=\"https:\/\/booking.elsroures.com\/search?categoryIds=16,4,5,36,6&amp;lang=es\" target=\"_blank\" rel=\"noreferrer noopener\">Reservas<\/a><\/p>\n<\/div>\n\n\n\n<div class=\"wp-block-column is-layout-flow wp-block-column-is-layout-flow\" style=\"padding-top:var(--wp--preset--spacing--40);padding-right:1rem;padding-bottom:var(--wp--preset--spacing--40);padding-left:1rem\">\n<p class=\"has-text-align-center has-blank-dark-grey-color has-text-color has-link-color wp-elements-5925cc576dd0f7d59e1e05aae7d3678d\"><a href=\"https:\/\/elsroures.com\/wp-content\/uploads\/mapa-camping-els-roures-juny2023-paginas.pdf\" target=\"_blank\" rel=\"noreferrer noopener\">Mapa<\/a><\/p>\n<\/div>\n<\/div>\n\n\n\n\n<div id=\"wp-block-page-grid-block_bad1e5cce23cb9b533d605af68102bd2\" class=\"wp-block-page-grid margin-bottom alignwide page-grid\">\n        \n        <div class=\"grid__list\">\n            \n            \n            <div class=\"page-block\">\n                <div class=\"page-block-container\">   \n                    <div class=\"page-block-wrapper alignwide\">\n                        <div class=\"page-block-image-container\" style=\"background: url(https:\/\/elsroures.com\/wp-content\/uploads\/img-5964-1800x1200.jpg) center no-repeat; background-size: cover\">\n                        <\/div>\n                        <div class=\"page-block-content-container bungalow-container\">\n                            <div class=\"page-block-content\">\n                                <h2>Habitaci\u00f3 Doble<\/h2>\n                                <div class=\"page-card-icons\">\n                                                                                                            <div class=size-icon>\n                                        <p>14 &#13217;<\/p>\n                                    <\/div>\n                                                                         \n                                    <div class=\"icon-person\">\n                                        <p>2<\/p>\n                                    <\/div>\n                                                                                                            <div class=doublebed-icon>\n                                        <p>1<\/p>\n                                    <\/div>\n                                                                                                            <div class=\"animalyes-icon\">     \n                                        <p>Yes<\/p>\n                                    <\/div>    \n                                                                    <\/div>\n                                <div class=\"wp-block-button\">\n                                    <a class=\"wp-block-button__link has-blank-black-color has-color is-style-outline\" href=\"https:\/\/elsroures.com\/es\/alojamientos\/habitacions-els-roures\/habitacio-doble\/\">Ver alojamiento<\/a>\n                                <\/div>\n                            <\/div>\n                        <\/div>\n                    <\/div>\n                <\/div>    \n            <\/div>\n\n            \n            <div class=\"page-block\">\n                <div class=\"page-block-container\">   \n                    <div class=\"page-block-wrapper alignwide\">\n                        <div class=\"page-block-image-container\" style=\"background: url(https:\/\/elsroures.com\/wp-content\/uploads\/img-6058-1-1800x1200.jpg) center no-repeat; background-size: cover\">\n                        <\/div>\n                        <div class=\"page-block-content-container bungalow-container\">\n                            <div class=\"page-block-content\">\n                                <h2>Habitaci\u00f3 Doble Superior<\/h2>\n                                <div class=\"page-card-icons\">\n                                                                                                            <div class=size-icon>\n                                        <p>14 &#13217;<\/p>\n                                    <\/div>\n                                                                         \n                                    <div class=\"icon-person\">\n                                        <p>2<\/p>\n                                    <\/div>\n                                                                                                            <div class=doublebed-icon>\n                                        <p>1<\/p>\n                                    <\/div>\n                                                                                                            <div class=\"animalyes-icon\">     \n                                        <p>Yes<\/p>\n                                    <\/div>    \n                                                                    <\/div>\n                                <div class=\"wp-block-button\">\n                                    <a class=\"wp-block-button__link has-blank-black-color has-color is-style-outline\" href=\"https:\/\/elsroures.com\/es\/alojamientos\/habitacions-els-roures\/habitacio-doble-superior\/\">Ver alojamiento<\/a>\n                                <\/div>\n                            <\/div>\n                        <\/div>\n                    <\/div>\n                <\/div>    \n            <\/div>\n\n            \n            <div class=\"page-block\">\n                <div class=\"page-block-container\">   \n                    <div class=\"page-block-wrapper alignwide\">\n                        <div class=\"page-block-image-container\" style=\"background: url(https:\/\/elsroures.com\/wp-content\/uploads\/img-5962-1-1800x1200.jpg) center no-repeat; background-size: cover\">\n                        <\/div>\n                        <div class=\"page-block-content-container bungalow-container\">\n                            <div class=\"page-block-content\">\n                                <h2>Habitaci\u00f3 Triple<\/h2>\n                                <div class=\"page-card-icons\">\n                                                                                                            <div class=size-icon>\n                                        <p>14 &#13217;<\/p>\n                                    <\/div>\n                                                                         \n                                    <div class=\"icon-person\">\n                                        <p>2<\/p>\n                                    <\/div>\n                                                                                                            <div class=doublebed-icon>\n                                        <p>1<\/p>\n                                    <\/div>\n                                                                                                            <div class=\"animalyes-icon\">     \n                                        <p>Yes<\/p>\n                                    <\/div>    \n                                                                    <\/div>\n                                <div class=\"wp-block-button\">\n                                    <a class=\"wp-block-button__link has-blank-black-color has-color is-style-outline\" href=\"https:\/\/elsroures.com\/es\/alojamientos\/habitacions-els-roures\/habitacio-triple\/\">Ver alojamiento<\/a>\n                                <\/div>\n                            <\/div>\n                        <\/div>\n                    <\/div>\n                <\/div>    \n            <\/div>\n\n                   \n        <\/div>    \n\n<\/div>\n\n","protected":false},"excerpt":{"rendered":"<p>Las habitaciones del Camping Els Roures han sido completamente renovadas para ofrecerle la m\u00e1xima comodidad y bienestar durante su estancia. Ahora cuentan con aire acondicionado&#8230;<\/p>\n","protected":false},"author":1,"featured_media":0,"parent":3343,"menu_order":0,"comment_status":"closed","ping_status":"closed","template":"","meta":{"_acf_changed":false,"footnotes":""},"class_list":["post-30966","page","type-page","status-publish","hentry"],"acf":[],"yoast_head":"<!-- This site is optimized with the Yoast SEO plugin v27.3 - https:\/\/yoast.com\/product\/yoast-seo-wordpress\/ -->\n<title>Habitaciones Els Roures | Els Roures<\/title>\n<meta name=\"robots\" content=\"index, follow, max-snippet:-1, max-image-preview:large, max-video-preview:-1\" \/>\n<link rel=\"canonical\" href=\"https:\/\/elsroures.com\/es\/alojamientos\/habitacions-els-roures\/\" \/>\n<meta property=\"og:locale\" content=\"es_ES\" \/>\n<meta property=\"og:type\" content=\"article\" \/>\n<meta property=\"og:title\" content=\"Habitaciones Els Roures | Els Roures\" \/>\n<meta property=\"og:description\" content=\"Las habitaciones del Camping Els Roures han sido completamente renovadas para ofrecerle la m\u00e1xima comodidad y bienestar durante su estancia. Ahora cuentan con aire acondicionado...\" \/>\n<meta property=\"og:url\" content=\"https:\/\/elsroures.com\/es\/alojamientos\/habitacions-els-roures\/\" \/>\n<meta property=\"og:site_name\" content=\"Els Roures\" \/>\n<meta property=\"article:modified_time\" content=\"2026-04-01T13:26:16+00:00\" \/>\n<meta property=\"og:image\" content=\"https:\/\/elsroures.com\/wp-content\/uploads\/restaurant-10.webp\" \/>\n\t<meta property=\"og:image:width\" content=\"1400\" \/>\n\t<meta property=\"og:image:height\" content=\"844\" \/>\n\t<meta property=\"og:image:type\" content=\"image\/webp\" \/>\n<meta name=\"twitter:card\" content=\"summary_large_image\" \/>\n<meta name=\"twitter:label1\" content=\"Tiempo de lectura\" \/>\n\t<meta name=\"twitter:data1\" content=\"1 minuto\" \/>\n<script type=\"application\/ld+json\" class=\"yoast-schema-graph\">{\"@context\":\"https:\\\/\\\/schema.org\",\"@graph\":[{\"@type\":\"WebPage\",\"@id\":\"https:\\\/\\\/elsroures.com\\\/es\\\/alojamientos\\\/habitacions-els-roures\\\/\",\"url\":\"https:\\\/\\\/elsroures.com\\\/es\\\/alojamientos\\\/habitacions-els-roures\\\/\",\"name\":\"Habitaciones Els Roures | Els Roures\",\"isPartOf\":{\"@id\":\"https:\\\/\\\/elsroures.com\\\/es\\\/#website\"},\"primaryImageOfPage\":{\"@id\":\"https:\\\/\\\/elsroures.com\\\/es\\\/alojamientos\\\/habitacions-els-roures\\\/#primaryimage\"},\"image\":{\"@id\":\"https:\\\/\\\/elsroures.com\\\/es\\\/alojamientos\\\/habitacions-els-roures\\\/#primaryimage\"},\"thumbnailUrl\":\"https:\\\/\\\/elsroures.com\\\/wp-content\\\/uploads\\\/restaurant-10.webp\",\"datePublished\":\"2025-08-20T19:09:55+00:00\",\"dateModified\":\"2026-04-01T13:26:16+00:00\",\"breadcrumb\":{\"@id\":\"https:\\\/\\\/elsroures.com\\\/es\\\/alojamientos\\\/habitacions-els-roures\\\/#breadcrumb\"},\"inLanguage\":\"es\",\"potentialAction\":[{\"@type\":\"ReadAction\",\"target\":[\"https:\\\/\\\/elsroures.com\\\/es\\\/alojamientos\\\/habitacions-els-roures\\\/\"]}]},{\"@type\":\"ImageObject\",\"inLanguage\":\"es\",\"@id\":\"https:\\\/\\\/elsroures.com\\\/es\\\/alojamientos\\\/habitacions-els-roures\\\/#primaryimage\",\"url\":\"https:\\\/\\\/elsroures.com\\\/wp-content\\\/uploads\\\/restaurant-10.webp\",\"contentUrl\":\"https:\\\/\\\/elsroures.com\\\/wp-content\\\/uploads\\\/restaurant-10.webp\"},{\"@type\":\"BreadcrumbList\",\"@id\":\"https:\\\/\\\/elsroures.com\\\/es\\\/alojamientos\\\/habitacions-els-roures\\\/#breadcrumb\",\"itemListElement\":[{\"@type\":\"ListItem\",\"position\":1,\"name\":\"Inicio\",\"item\":\"https:\\\/\\\/elsroures.com\\\/es\\\/\"},{\"@type\":\"ListItem\",\"position\":2,\"name\":\"Alojamientos\",\"item\":\"https:\\\/\\\/elsroures.com\\\/es\\\/alojamientos\\\/\"},{\"@type\":\"ListItem\",\"position\":3,\"name\":\"Habitaciones Els Roures\"}]},{\"@type\":\"WebSite\",\"@id\":\"https:\\\/\\\/elsroures.com\\\/es\\\/#website\",\"url\":\"https:\\\/\\\/elsroures.com\\\/es\\\/\",\"name\":\"Els Roures\",\"description\":\"Otro sitio realizado con WordPress\",\"publisher\":{\"@id\":\"https:\\\/\\\/elsroures.com\\\/es\\\/#organization\"},\"potentialAction\":[{\"@type\":\"SearchAction\",\"target\":{\"@type\":\"EntryPoint\",\"urlTemplate\":\"https:\\\/\\\/elsroures.com\\\/es\\\/?s={search_term_string}\"},\"query-input\":{\"@type\":\"PropertyValueSpecification\",\"valueRequired\":true,\"valueName\":\"search_term_string\"}}],\"inLanguage\":\"es\"},{\"@type\":\"Organization\",\"@id\":\"https:\\\/\\\/elsroures.com\\\/es\\\/#organization\",\"name\":\"Els Roures\",\"url\":\"https:\\\/\\\/elsroures.com\\\/es\\\/\",\"logo\":{\"@type\":\"ImageObject\",\"inLanguage\":\"es\",\"@id\":\"https:\\\/\\\/elsroures.com\\\/es\\\/#\\\/schema\\\/logo\\\/image\\\/\",\"url\":\"https:\\\/\\\/elsroures.com\\\/wp-content\\\/uploads\\\/logo-01.svg\",\"contentUrl\":\"https:\\\/\\\/elsroures.com\\\/wp-content\\\/uploads\\\/logo-01.svg\",\"width\":\"2048\",\"height\":\"2048\",\"caption\":\"Els Roures\"},\"image\":{\"@id\":\"https:\\\/\\\/elsroures.com\\\/es\\\/#\\\/schema\\\/logo\\\/image\\\/\"},\"sameAs\":[\"https:\\\/\\\/www.instagram.com\\\/campingelsroures\\\/\"]}]}<\/script>\n<!-- \/ Yoast SEO plugin. -->","yoast_head_json":{"title":"Habitaciones Els Roures | Els Roures","robots":{"index":"index","follow":"follow","max-snippet":"max-snippet:-1","max-image-preview":"max-image-preview:large","max-video-preview":"max-video-preview:-1"},"canonical":"https:\/\/elsroures.com\/es\/alojamientos\/habitacions-els-roures\/","og_locale":"es_ES","og_type":"article","og_title":"Habitaciones Els Roures | Els Roures","og_description":"Las habitaciones del Camping Els Roures han sido completamente renovadas para ofrecerle la m\u00e1xima comodidad y bienestar durante su estancia. Ahora cuentan con aire acondicionado...","og_url":"https:\/\/elsroures.com\/es\/alojamientos\/habitacions-els-roures\/","og_site_name":"Els Roures","article_modified_time":"2026-04-01T13:26:16+00:00","og_image":[{"width":1400,"height":844,"url":"https:\/\/elsroures.com\/wp-content\/uploads\/restaurant-10.webp","type":"image\/webp"}],"twitter_card":"summary_large_image","twitter_misc":{"Tiempo de lectura":"1 minuto"},"schema":{"@context":"https:\/\/schema.org","@graph":[{"@type":"WebPage","@id":"https:\/\/elsroures.com\/es\/alojamientos\/habitacions-els-roures\/","url":"https:\/\/elsroures.com\/es\/alojamientos\/habitacions-els-roures\/","name":"Habitaciones Els Roures | Els Roures","isPartOf":{"@id":"https:\/\/elsroures.com\/es\/#website"},"primaryImageOfPage":{"@id":"https:\/\/elsroures.com\/es\/alojamientos\/habitacions-els-roures\/#primaryimage"},"image":{"@id":"https:\/\/elsroures.com\/es\/alojamientos\/habitacions-els-roures\/#primaryimage"},"thumbnailUrl":"https:\/\/elsroures.com\/wp-content\/uploads\/restaurant-10.webp","datePublished":"2025-08-20T19:09:55+00:00","dateModified":"2026-04-01T13:26:16+00:00","breadcrumb":{"@id":"https:\/\/elsroures.com\/es\/alojamientos\/habitacions-els-roures\/#breadcrumb"},"inLanguage":"es","potentialAction":[{"@type":"ReadAction","target":["https:\/\/elsroures.com\/es\/alojamientos\/habitacions-els-roures\/"]}]},{"@type":"ImageObject","inLanguage":"es","@id":"https:\/\/elsroures.com\/es\/alojamientos\/habitacions-els-roures\/#primaryimage","url":"https:\/\/elsroures.com\/wp-content\/uploads\/restaurant-10.webp","contentUrl":"https:\/\/elsroures.com\/wp-content\/uploads\/restaurant-10.webp"},{"@type":"BreadcrumbList","@id":"https:\/\/elsroures.com\/es\/alojamientos\/habitacions-els-roures\/#breadcrumb","itemListElement":[{"@type":"ListItem","position":1,"name":"Inicio","item":"https:\/\/elsroures.com\/es\/"},{"@type":"ListItem","position":2,"name":"Alojamientos","item":"https:\/\/elsroures.com\/es\/alojamientos\/"},{"@type":"ListItem","position":3,"name":"Habitaciones Els Roures"}]},{"@type":"WebSite","@id":"https:\/\/elsroures.com\/es\/#website","url":"https:\/\/elsroures.com\/es\/","name":"Els Roures","description":"Otro sitio realizado con WordPress","publisher":{"@id":"https:\/\/elsroures.com\/es\/#organization"},"potentialAction":[{"@type":"SearchAction","target":{"@type":"EntryPoint","urlTemplate":"https:\/\/elsroures.com\/es\/?s={search_term_string}"},"query-input":{"@type":"PropertyValueSpecification","valueRequired":true,"valueName":"search_term_string"}}],"inLanguage":"es"},{"@type":"Organization","@id":"https:\/\/elsroures.com\/es\/#organization","name":"Els Roures","url":"https:\/\/elsroures.com\/es\/","logo":{"@type":"ImageObject","inLanguage":"es","@id":"https:\/\/elsroures.com\/es\/#\/schema\/logo\/image\/","url":"https:\/\/elsroures.com\/wp-content\/uploads\/logo-01.svg","contentUrl":"https:\/\/elsroures.com\/wp-content\/uploads\/logo-01.svg","width":"2048","height":"2048","caption":"Els Roures"},"image":{"@id":"https:\/\/elsroures.com\/es\/#\/schema\/logo\/image\/"},"sameAs":["https:\/\/www.instagram.com\/campingelsroures\/"]}]}},"_links":{"self":[{"href":"https:\/\/elsroures.com\/es\/wp-json\/wp\/v2\/pages\/30966","targetHints":{"allow":["GET"]}}],"collection":[{"href":"https:\/\/elsroures.com\/es\/wp-json\/wp\/v2\/pages"}],"about":[{"href":"https:\/\/elsroures.com\/es\/wp-json\/wp\/v2\/types\/page"}],"author":[{"embeddable":true,"href":"https:\/\/elsroures.com\/es\/wp-json\/wp\/v2\/users\/1"}],"replies":[{"embeddable":true,"href":"https:\/\/elsroures.com\/es\/wp-json\/wp\/v2\/comments?post=30966"}],"version-history":[{"count":7,"href":"https:\/\/elsroures.com\/es\/wp-json\/wp\/v2\/pages\/30966\/revisions"}],"predecessor-version":[{"id":30974,"href":"https:\/\/elsroures.com\/es\/wp-json\/wp\/v2\/pages\/30966\/revisions\/30974"}],"up":[{"embeddable":true,"href":"https:\/\/elsroures.com\/es\/wp-json\/wp\/v2\/pages\/3343"}],"wp:attachment":[{"href":"https:\/\/elsroures.com\/es\/wp-json\/wp\/v2\/media?parent=30966"}],"curies":[{"name":"wp","href":"https:\/\/api.w.org\/{rel}","templated":true}]}}