{"id":20868,"date":"2025-09-12T13:12:09","date_gmt":"2025-09-12T11:12:09","guid":{"rendered":"https:\/\/mflhhmub.lucusprueba.es\/tarifes-2025\/"},"modified":"2026-04-14T20:54:56","modified_gmt":"2026-04-14T18:54:56","slug":"tarifes-2025","status":"publish","type":"page","link":"https:\/\/elsroures.com\/es\/tarifes-2025\/","title":{"rendered":"Tarifas 2026"},"content":{"rendered":"\n<p class=\"has-text-align-center has-h-2-font-size\">TARIFAS PARCELAS 2026<\/p>\n\n\n\n<p class=\"has-text-align-left\">\ud83c\udfd5\ufe0f <strong>Tarifas de nuestro camping familiar en el Valle de Camprodon &#8211; Camping els Roures!<\/strong><\/p>\n\n\n\n<p class=\"has-text-align-left\">\u00bfEst\u00e1s pensando en una escapada a la naturaleza? En nuestro camping, te esperamos con parcelas para todos los gustos y tarifas pensadas para que puedas disfrutar del Pirineo sin sorpresas. Tanto si vienes con la familia, con amigos, en pareja o con la caravana, la furgo o la tienda, seguro que encontrar\u00e1s lo que buscas.  <\/p>\n\n\n\n<p class=\"has-text-align-left\">Tenemos parcelas rodeadas de naturaleza y zonas pensadas para que peque\u00f1os y mayores se lo pasen en grande. Todo ello en medio de un entorno natural espectacular, en el coraz\u00f3n del Valle de Camprodon.  <\/p>\n\n\n\n<p class=\"has-text-align-left\">\ud83d\udd0d OFRECEMOS:<\/p>\n\n\n\n<ul class=\"wp-block-list\">\n<li>Precios por meses<\/li>\n\n\n\n<li>Precios por d\u00edas<\/li>\n\n\n\n<li>Precios anuales (consultar disponibilidad reserves@elsroures.com)<\/li>\n\n\n\n<li>Algunas parcelas tienen conexi\u00f3n de agua &#8211; \u00a1preg\u00fantanos por esta opci\u00f3n!<\/li>\n<\/ul>\n\n\n\n<p>\ud83d\udc36 Y s\u00ed, aceptamos mascotas! \u00a1somos un camping PET-FRIENDLY!<\/p>\n\n\n\n<p>\ud83d\udc9a Es perfecto para:<\/p>\n\n\n\n<ul class=\"wp-block-list\">\n<li>Familias que quieren reconectar con la naturaleza<\/li>\n\n\n\n<li>Vacaciones tranquilas con ni\u00f1os<\/li>\n\n\n\n<li>Fines de semana para desconectar<\/li>\n\n\n\n<li>Estancias en un camping peque\u00f1o, familiar y con encanto<\/li>\n<\/ul>\n\n\n\n<p>\ud83d\udcc4\u202f<strong>Consulta o descarrega el nostre tarifari 2026 en PDF:<\/strong><\/p>\n\n\n\n<p>\ud83d\udc49 [<a href=\"https:\/\/elsroures.com\/wp-content\/uploads\/tarifes-2026-camping-els-roures.pdf\" target=\"_blank\" rel=\"noreferrer noopener\">Descarrega les tarifes 2026<\/a>]<\/p>\n\n\n\n<p>Te animamos a venir y descubrir por qu\u00e9 tantos clientes repiten a\u00f1o tras a\u00f1o. No somos un camping gigante ni tenemos animaci\u00f3n en todo momento, pero si buscas tranquilidad, buen ambiente y naturaleza&#8230; \u00e9ste es tu sitio. <\/p>\n\n\n\n<p><strong>Informaci\u00f3 general 2026:<\/strong><\/p>\n\n\n\n<p>Aqu\u00ed tienes la traducci\u00f3n al castellano:<\/p>\n\n\n\n<hr class=\"wp-block-separator has-alpha-channel-opacity\"\/>\n\n\n\n<p><strong>Informaci\u00f3n general 2026:<\/strong><\/p>\n\n\n\n<p><strong>PRECIOS POR NOCHE:<\/strong><\/p>\n\n\n\n<ul class=\"wp-block-list\">\n<li>La parcela incluye: caravana + coche o tienda familiar grande + coche.<\/li>\n\n\n\n<li>La parcela de tienda incluye tienda peque\u00f1a sin coche.<\/li>\n\n\n\n<li>Check-in 13 h. Check-out 12 h.<\/li>\n\n\n\n<li>10% de IVA incluido (seg\u00fan normativa vigente)<\/li>\n\n\n\n<li>Tasa tur\u00edstica no incluida: 0,99 \u20ac\/noche >16 a\u00f1os, m\u00e1ximo 7 noches de estancia (seg\u00fan normativa vigente)<\/li>\n<\/ul>\n\n\n\n<p><strong>PRECIOS POR MESES:<\/strong><\/p>\n\n\n\n<ul class=\"wp-block-list\">\n<li>El coche, la caravana y 4 personas durante todos los d\u00edas que los ni\u00f1os no tienen escuela (fines de semana). Consultar con recepci\u00f3n.<\/li>\n\n\n\n<li>Late check-out 17 h: 10 \u20ac (seg\u00fan disponibilidad)<\/li>\n\n\n\n<li>En los meses de julio y agosto las visitas no pueden llevar perro.<\/li>\n\n\n\n<li>La parcela es personal e intransferible.<\/li>\n\n\n\n<li>El camping se reserva el derecho a cambiar la parcela asignada.<\/li>\n\n\n\n<li>Estas tarifas pueden variar.<\/li>\n\n\n\n<li>No aceptamos perros PPP (seg\u00fan legislaci\u00f3n vigente)<\/li>\n\n\n\n<li>Consulten ofertas disponibles.<\/li>\n<\/ul>\n","protected":false},"excerpt":{"rendered":"<p>TARIFAS PARCELAS 2026 \ud83c\udfd5\ufe0f Tarifas de nuestro camping familiar en el Valle de Camprodon &#8211; Camping els Roures! \u00bfEst\u00e1s pensando en una escapada a la&#8230;<\/p>\n","protected":false},"author":2,"featured_media":0,"parent":0,"menu_order":1,"comment_status":"closed","ping_status":"closed","template":"","meta":{"_acf_changed":false,"footnotes":""},"class_list":["post-20868","page","type-page","status-publish","hentry"],"acf":[],"yoast_head":"<!-- This site is optimized with the Yoast SEO plugin v27.3 - https:\/\/yoast.com\/product\/yoast-seo-wordpress\/ -->\n<title>Tarifas 2026 | Els Roures<\/title>\n<meta name=\"robots\" content=\"index, follow, max-snippet:-1, max-image-preview:large, max-video-preview:-1\" \/>\n<link rel=\"canonical\" href=\"https:\/\/elsroures.com\/es\/tarifes-2025\/\" \/>\n<meta property=\"og:locale\" content=\"es_ES\" \/>\n<meta property=\"og:type\" content=\"article\" \/>\n<meta property=\"og:title\" content=\"Tarifas 2026 | Els Roures\" \/>\n<meta property=\"og:description\" content=\"TARIFAS PARCELAS 2026 \ud83c\udfd5\ufe0f Tarifas de nuestro camping familiar en el Valle de Camprodon &#8211; Camping els Roures! \u00bfEst\u00e1s pensando en una escapada a la...\" \/>\n<meta property=\"og:url\" content=\"https:\/\/elsroures.com\/es\/tarifes-2025\/\" \/>\n<meta property=\"og:site_name\" content=\"Els Roures\" \/>\n<meta property=\"article:modified_time\" content=\"2026-04-14T18:54:56+00:00\" \/>\n<meta name=\"twitter:card\" content=\"summary_large_image\" \/>\n<meta name=\"twitter:label1\" content=\"Tiempo de lectura\" \/>\n\t<meta name=\"twitter:data1\" content=\"2 minutos\" \/>\n<script type=\"application\/ld+json\" class=\"yoast-schema-graph\">{\"@context\":\"https:\\\/\\\/schema.org\",\"@graph\":[{\"@type\":\"WebPage\",\"@id\":\"https:\\\/\\\/elsroures.com\\\/es\\\/tarifes-2025\\\/\",\"url\":\"https:\\\/\\\/elsroures.com\\\/es\\\/tarifes-2025\\\/\",\"name\":\"Tarifas 2026 | Els Roures\",\"isPartOf\":{\"@id\":\"https:\\\/\\\/elsroures.com\\\/es\\\/#website\"},\"datePublished\":\"2025-09-12T11:12:09+00:00\",\"dateModified\":\"2026-04-14T18:54:56+00:00\",\"breadcrumb\":{\"@id\":\"https:\\\/\\\/elsroures.com\\\/es\\\/tarifes-2025\\\/#breadcrumb\"},\"inLanguage\":\"es\",\"potentialAction\":[{\"@type\":\"ReadAction\",\"target\":[\"https:\\\/\\\/elsroures.com\\\/es\\\/tarifes-2025\\\/\"]}]},{\"@type\":\"BreadcrumbList\",\"@id\":\"https:\\\/\\\/elsroures.com\\\/es\\\/tarifes-2025\\\/#breadcrumb\",\"itemListElement\":[{\"@type\":\"ListItem\",\"position\":1,\"name\":\"Inicio\",\"item\":\"https:\\\/\\\/elsroures.com\\\/es\\\/\"},{\"@type\":\"ListItem\",\"position\":2,\"name\":\"Tarifas 2026\"}]},{\"@type\":\"WebSite\",\"@id\":\"https:\\\/\\\/elsroures.com\\\/es\\\/#website\",\"url\":\"https:\\\/\\\/elsroures.com\\\/es\\\/\",\"name\":\"Els Roures\",\"description\":\"Otro sitio realizado con WordPress\",\"publisher\":{\"@id\":\"https:\\\/\\\/elsroures.com\\\/es\\\/#organization\"},\"potentialAction\":[{\"@type\":\"SearchAction\",\"target\":{\"@type\":\"EntryPoint\",\"urlTemplate\":\"https:\\\/\\\/elsroures.com\\\/es\\\/?s={search_term_string}\"},\"query-input\":{\"@type\":\"PropertyValueSpecification\",\"valueRequired\":true,\"valueName\":\"search_term_string\"}}],\"inLanguage\":\"es\"},{\"@type\":\"Organization\",\"@id\":\"https:\\\/\\\/elsroures.com\\\/es\\\/#organization\",\"name\":\"Els Roures\",\"url\":\"https:\\\/\\\/elsroures.com\\\/es\\\/\",\"logo\":{\"@type\":\"ImageObject\",\"inLanguage\":\"es\",\"@id\":\"https:\\\/\\\/elsroures.com\\\/es\\\/#\\\/schema\\\/logo\\\/image\\\/\",\"url\":\"https:\\\/\\\/elsroures.com\\\/wp-content\\\/uploads\\\/logo-01.svg\",\"contentUrl\":\"https:\\\/\\\/elsroures.com\\\/wp-content\\\/uploads\\\/logo-01.svg\",\"width\":\"2048\",\"height\":\"2048\",\"caption\":\"Els Roures\"},\"image\":{\"@id\":\"https:\\\/\\\/elsroures.com\\\/es\\\/#\\\/schema\\\/logo\\\/image\\\/\"},\"sameAs\":[\"https:\\\/\\\/www.instagram.com\\\/campingelsroures\\\/\"]}]}<\/script>\n<!-- \/ Yoast SEO plugin. -->","yoast_head_json":{"title":"Tarifas 2026 | Els Roures","robots":{"index":"index","follow":"follow","max-snippet":"max-snippet:-1","max-image-preview":"max-image-preview:large","max-video-preview":"max-video-preview:-1"},"canonical":"https:\/\/elsroures.com\/es\/tarifes-2025\/","og_locale":"es_ES","og_type":"article","og_title":"Tarifas 2026 | Els Roures","og_description":"TARIFAS PARCELAS 2026 \ud83c\udfd5\ufe0f Tarifas de nuestro camping familiar en el Valle de Camprodon &#8211; Camping els Roures! \u00bfEst\u00e1s pensando en una escapada a la...","og_url":"https:\/\/elsroures.com\/es\/tarifes-2025\/","og_site_name":"Els Roures","article_modified_time":"2026-04-14T18:54:56+00:00","twitter_card":"summary_large_image","twitter_misc":{"Tiempo de lectura":"2 minutos"},"schema":{"@context":"https:\/\/schema.org","@graph":[{"@type":"WebPage","@id":"https:\/\/elsroures.com\/es\/tarifes-2025\/","url":"https:\/\/elsroures.com\/es\/tarifes-2025\/","name":"Tarifas 2026 | Els Roures","isPartOf":{"@id":"https:\/\/elsroures.com\/es\/#website"},"datePublished":"2025-09-12T11:12:09+00:00","dateModified":"2026-04-14T18:54:56+00:00","breadcrumb":{"@id":"https:\/\/elsroures.com\/es\/tarifes-2025\/#breadcrumb"},"inLanguage":"es","potentialAction":[{"@type":"ReadAction","target":["https:\/\/elsroures.com\/es\/tarifes-2025\/"]}]},{"@type":"BreadcrumbList","@id":"https:\/\/elsroures.com\/es\/tarifes-2025\/#breadcrumb","itemListElement":[{"@type":"ListItem","position":1,"name":"Inicio","item":"https:\/\/elsroures.com\/es\/"},{"@type":"ListItem","position":2,"name":"Tarifas 2026"}]},{"@type":"WebSite","@id":"https:\/\/elsroures.com\/es\/#website","url":"https:\/\/elsroures.com\/es\/","name":"Els Roures","description":"Otro sitio realizado con WordPress","publisher":{"@id":"https:\/\/elsroures.com\/es\/#organization"},"potentialAction":[{"@type":"SearchAction","target":{"@type":"EntryPoint","urlTemplate":"https:\/\/elsroures.com\/es\/?s={search_term_string}"},"query-input":{"@type":"PropertyValueSpecification","valueRequired":true,"valueName":"search_term_string"}}],"inLanguage":"es"},{"@type":"Organization","@id":"https:\/\/elsroures.com\/es\/#organization","name":"Els Roures","url":"https:\/\/elsroures.com\/es\/","logo":{"@type":"ImageObject","inLanguage":"es","@id":"https:\/\/elsroures.com\/es\/#\/schema\/logo\/image\/","url":"https:\/\/elsroures.com\/wp-content\/uploads\/logo-01.svg","contentUrl":"https:\/\/elsroures.com\/wp-content\/uploads\/logo-01.svg","width":"2048","height":"2048","caption":"Els Roures"},"image":{"@id":"https:\/\/elsroures.com\/es\/#\/schema\/logo\/image\/"},"sameAs":["https:\/\/www.instagram.com\/campingelsroures\/"]}]}},"_links":{"self":[{"href":"https:\/\/elsroures.com\/es\/wp-json\/wp\/v2\/pages\/20868","targetHints":{"allow":["GET"]}}],"collection":[{"href":"https:\/\/elsroures.com\/es\/wp-json\/wp\/v2\/pages"}],"about":[{"href":"https:\/\/elsroures.com\/es\/wp-json\/wp\/v2\/types\/page"}],"author":[{"embeddable":true,"href":"https:\/\/elsroures.com\/es\/wp-json\/wp\/v2\/users\/2"}],"replies":[{"embeddable":true,"href":"https:\/\/elsroures.com\/es\/wp-json\/wp\/v2\/comments?post=20868"}],"version-history":[{"count":6,"href":"https:\/\/elsroures.com\/es\/wp-json\/wp\/v2\/pages\/20868\/revisions"}],"predecessor-version":[{"id":31020,"href":"https:\/\/elsroures.com\/es\/wp-json\/wp\/v2\/pages\/20868\/revisions\/31020"}],"wp:attachment":[{"href":"https:\/\/elsroures.com\/es\/wp-json\/wp\/v2\/media?parent=20868"}],"curies":[{"name":"wp","href":"https:\/\/api.w.org\/{rel}","templated":true}]}}