{"id":19858,"date":"2025-05-22T19:36:41","date_gmt":"2025-05-22T17:36:41","guid":{"rendered":"https:\/\/mflhhmub.lucusprueba.es\/verano-2\/"},"modified":"2025-06-12T08:24:23","modified_gmt":"2025-06-12T06:24:23","slug":"verano-2","status":"publish","type":"page","link":"https:\/\/elsroures.com\/es\/verano-2\/","title":{"rendered":"VERANO en el Camping"},"content":{"rendered":"\n<div class=\"wp-block-group alignwide has-blank-dark-grey-color has-text-color has-link-color wp-elements-29e9bb7554928e4fd65d7ed208315484 is-content-justification-left is-layout-constrained wp-container-core-group-is-layout-b8f68c67 wp-block-group-is-layout-constrained\" style=\"margin-bottom:10vh\"><div class=\"yoast-breadcrumbs\"><span><span><a href=\"https:\/\/elsroures.com\/es\/\">Inicio<\/a><\/span> \u00bb <span class=\"breadcrumb_last\" aria-current=\"page\">VERANO en el Camping<\/span><\/span><\/div><\/div>\n\n\n\n<h1 class=\"wp-block-heading has-text-align-center\">\ud83c\udf1e Actividades de Verano en el camping: \u00a1M\u00fasica, Diversi\u00f3n y Naturaleza!<\/h1>\n\n\n\n<p class=\"has-text-align-center\"><strong>\u00a1Este verano, vive unas vacaciones inolvidables en plena naturaleza del Pirineo catal\u00e1n!<\/strong>  En Camping els Roures (Sant Pau de Seg\u00faries), el verano es sin\u00f3nimo de alegr\u00eda, actividades para todas las edades y ambiente familiar. Si buscas un camping donde relajarte y disfrutar al m\u00e1ximo con tu familia o amigos, \u00a1aqu\u00ed tienes tu sitio! <\/p>\n\n\n\n<div class=\"wp-block-group is-vertical is-layout-flex wp-container-core-group-is-layout-fe9cc265 wp-block-group-is-layout-flex\">\n<div class=\"wp-block-group is-layout-constrained wp-block-group-is-layout-constrained\">\n<h2 class=\"wp-block-heading has-text-align-center has-blank-green-color has-text-color has-link-color wp-elements-4c4b3f74b387cc151f1e152abf60d7a3\"><strong>INICIO DE TEMPORADA CON LA VERBENA DE SAN JUAN 2025<\/strong><\/h2>\n\n\n\n<p class=\"has-text-align-center\">Celebramos la noche m\u00e1s corta del a\u00f1o con cena y baile al aire libre <a href=\"https:\/\/elsroures.com\/es\/instalaciones\/fogons-dels-roures\/\">(+ info)<\/a><br><br><img loading=\"lazy\" decoding=\"async\" width=\"350\" height=\"350\" class=\"wp-image-19555\" style=\"width: 350px;\" src=\"https:\/\/elsroures.com\/wp-content\/uploads\/verbena-san-juan-2025-els-roures.jpg\" alt=\"\" srcset=\"https:\/\/elsroures.com\/wp-content\/uploads\/verbena-san-juan-2025-els-roures.jpg 1024w, https:\/\/elsroures.com\/wp-content\/uploads\/verbena-san-juan-2025-els-roures-200x200.jpg 200w, https:\/\/elsroures.com\/wp-content\/uploads\/verbena-san-juan-2025-els-roures-768x768.jpg 768w\" sizes=\"auto, (max-width: 350px) 100vw, 350px\" \/><\/p>\n\n\n\n<h2 class=\"wp-block-heading has-text-align-left has-blank-green-color has-text-color has-link-color wp-elements-d0a1ce92dcec29aa38ac2b2f9665bcd5\">M\u00fasica y Noches Tem\u00e1ticas en el Aire Libre<\/h2>\n\n\n\n<p class=\"has-text-align-left\">Hace m\u00e1s de 15 a\u00f1os que ofrecemos una programaci\u00f3n de verano llena de <strong>propuestas musicales y actividades nocturnas<\/strong> que hacen las delicias de peque\u00f1os y mayores:<\/p>\n\n\n\n<ul class=\"wp-block-list\">\n<li><strong>Conciertos al aire libre<\/strong> con m\u00fasica en vivo y estilos variados (folk, pop, versiones, jazz&#8230;)<\/li>\n\n\n\n<li><strong>Noches de DJ en el exterior<\/strong> con luces, baile y buen ambiente<\/li>\n\n\n\n<li><strong>Cenas al aire libre<\/strong> bajo las estrellas en un entorno m\u00e1gico<\/li>\n\n\n\n<li><strong>Noches de karaoke<\/strong> para cantar y re\u00edr en familia o con amigos<\/li>\n<\/ul>\n<\/div>\n<\/div>\n\n\n\n<h2 class=\"wp-block-heading\">\ud83d\udca6 Actividades en la Piscina para Todos los P\u00fablicos<\/h2>\n\n\n\n<p>Este verano, ponte en forma y divi\u00e9rtete con nuestras actividades acu\u00e1ticas:<\/p>\n\n\n\n<ul class=\"wp-block-list\">\n<li><strong>Cardio y Zumba acu\u00e1tica<\/strong> 2 o 3 d\u00edas por semana<\/li>\n\n\n\n<li><strong>Sesiones de Aquagym<\/strong> ideales para todas las edades<\/li>\n\n\n\n<li><strong>Piscinas nocturnas<\/strong> en fechas especiales, con m\u00fasica y lucecitas<\/li>\n<\/ul>\n\n\n\n<h3 class=\"wp-block-heading\">\u26bd Deporte, Juegos y Competiciones<\/h3>\n\n\n\n<p>Los d\u00edas en el camping tambi\u00e9n son sin\u00f3nimo de <strong>movimiento, retos y risas<\/strong> :<\/p>\n\n\n\n<ul class=\"wp-block-list\">\n<li><strong>Torneos de ping-pong, futbol\u00edn, rummikub<\/strong> y mucho m\u00e1s<\/li>\n\n\n\n<li><strong>Gincanas familiares<\/strong> para pas\u00e1rselo en grande juntos<\/li>\n\n\n\n<li><strong>Actividades deportivas para ni\u00f1os y no tan ni\u00f1os<\/strong><\/li>\n<\/ul>\n\n\n\n<figure class=\"wp-block-image size-full is-resized\"><img loading=\"lazy\" decoding=\"async\" width=\"1400\" height=\"844\" src=\"https:\/\/elsroures.com\/wp-content\/uploads\/serveis-piscina-04.webp\" alt=\"actividades piscina verano camping\" class=\"wp-image-1479\" style=\"width:639px;height:auto\" srcset=\"https:\/\/elsroures.com\/wp-content\/uploads\/serveis-piscina-04.webp 1400w, https:\/\/elsroures.com\/wp-content\/uploads\/serveis-piscina-04-1024x617.webp 1024w, https:\/\/elsroures.com\/wp-content\/uploads\/serveis-piscina-04-768x463.webp 768w\" sizes=\"auto, (max-width: 1400px) 100vw, 1400px\" \/><\/figure>\n\n\n\n<h3 class=\"wp-block-heading\">Ambiente Familiar y Entorno Natural<\/h3>\n\n\n\n<p>Camping Els Roures est\u00e1 pensado para familias que quieren <strong>conectar con la naturaleza y con los suyos<\/strong> . Con un ambiente cercano, instalaciones cuidadas y una programaci\u00f3n variada, te ofrecemos el escenario perfecto para desconectar y crear recuerdos que van a durar toda la vida. <\/p>\n\n\n\n<hr class=\"wp-block-separator has-alpha-channel-opacity\"\/>\n\n\n\n<h2 class=\"wp-block-heading\">Ven a Vivir un Verano Lleno de Emociones<\/h2>\n\n\n\n<p>Tanto si eres cliente habitual como si todav\u00eda no nos conoces, este verano <strong>te esperamos con los brazos abiertos<\/strong> y una agenda llena de actividades que har\u00e1n que no quieras marcharte.<\/p>\n\n\n\n<p class=\"has-text-align-center\">\ud83d\udccd <strong>Reserva ahora<\/strong> y aseg\u00farate tu sitio en el verano m\u00e1s vibrante del Pirineo catal\u00e1n!<\/p>\n\n\n\n<p class=\"has-text-align-center\"><\/p>\n\n\n<style>.wp-block-kadence-advancedbtn.kb-btns19858_155fda-95{gap:var(--global-kb-gap-xs, 0.5rem );justify-content:center;align-items:center;}.kt-btns19858_155fda-95 .kt-button{font-weight:normal;font-style:normal;}.kt-btns19858_155fda-95 .kt-btn-wrap-0{margin-right:5px;}.wp-block-kadence-advancedbtn.kt-btns19858_155fda-95 .kt-btn-wrap-0 .kt-button{color:#555555;border-color:#555555;}.wp-block-kadence-advancedbtn.kt-btns19858_155fda-95 .kt-btn-wrap-0 .kt-button:hover, .wp-block-kadence-advancedbtn.kt-btns19858_155fda-95 .kt-btn-wrap-0 .kt-button:focus{color:#ffffff;border-color:#444444;}.wp-block-kadence-advancedbtn.kt-btns19858_155fda-95 .kt-btn-wrap-0 .kt-button::before{display:none;}.wp-block-kadence-advancedbtn.kt-btns19858_155fda-95 .kt-btn-wrap-0 .kt-button:hover, .wp-block-kadence-advancedbtn.kt-btns19858_155fda-95 .kt-btn-wrap-0 .kt-button:focus{background:#444444;}<\/style>\n<div class=\"wp-block-kadence-advancedbtn kb-buttons-wrap kb-btns19858_155fda-95\"><style>ul.menu .wp-block-kadence-advancedbtn .kb-btn19858_f90278-46.kb-button{width:initial;}.wp-block-kadence-advancedbtn .kb-btn19858_f90278-46.kb-button{color:#FFF;background:rgb(62,164,71);}<\/style><a class=\"kb-button kt-button button kb-btn19858_f90278-46 kt-btn-size-standard kt-btn-width-type-auto kb-btn-global-fill  kt-btn-has-text-true kt-btn-has-svg-false  wp-block-kadence-singlebtn\" href=\"https:\/\/booking.elsroures.com\/\" target=\"_blank\" rel=\"noreferrer noopener\"><span class=\"kt-btn-inner-text\">RESERVA AHORA y AQU\u00cd POR<br> VIVIR EL VERANO M\u00c1S VIBRANTE<\/span><\/a><\/div>\n\n\n\n<p><\/p>\n\n\n\n<hr class=\"wp-block-separator has-alpha-channel-opacity\"\/>\n\n\n\n<p class=\"has-text-align-center\">\u00bfQuieres ver qu\u00e9 actividades hacemos durante una semana de verano?<br>te mostramos algunos ejemplos!<\/p>\n\n\n\n<p class=\"has-text-align-center has-blank-green-color has-text-color has-link-color has-normal-font-size wp-elements-e96749d1c3b3c412cc987c5e6a0da155\"><strong>Inicio activitdades dirgidas Domingo 29 de junio!<br>S\u00edguenos en INSTAGRAM para estar al d\u00eda de todo!<\/strong><br>@campingelsroures<br><\/p>\n\n\n\n<figure class=\"wp-block-gallery has-nested-images columns-4 is-cropped is-style-default wp-block-gallery-1 is-layout-flex wp-block-gallery-is-layout-flex\">\n<figure class=\"wp-block-image size-medium\"><a href=\"https:\/\/elsroures.com\/wp-content\/uploads\/\/6-2-1024x724.jpg\" class=\"image-link\"><img loading=\"lazy\" decoding=\"async\" width=\"1024\" height=\"724\" data-id=\"17479\" src=\"https:\/\/elsroures.com\/wp-content\/uploads\/\/6-2-1024x724.jpg\" alt=\"\" class=\"wp-image-17479\" srcset=\"https:\/\/elsroures.com\/wp-content\/uploads\/6-2-1024x724.jpg 1024w, https:\/\/elsroures.com\/wp-content\/uploads\/6-2-768x543.jpg 768w, https:\/\/elsroures.com\/wp-content\/uploads\/6-2-1536x1086.jpg 1536w, https:\/\/elsroures.com\/wp-content\/uploads\/6-2.jpg 2000w\" sizes=\"auto, (max-width: 1024px) 100vw, 1024px\" \/><\/a><\/figure>\n\n\n\n<figure class=\"wp-block-image size-gallery-medium\"><a href=\"https:\/\/elsroures.com\/wp-content\/uploads\/\/5-1-600x400.jpg\" class=\"image-link\"><img loading=\"lazy\" decoding=\"async\" width=\"600\" height=\"400\" data-id=\"17503\" src=\"https:\/\/elsroures.com\/wp-content\/uploads\/\/5-1-600x400.jpg\" alt=\"\" class=\"wp-image-17503\" srcset=\"https:\/\/elsroures.com\/wp-content\/uploads\/5-1-600x400.jpg 600w, https:\/\/elsroures.com\/wp-content\/uploads\/5-1-1800x1200.jpg 1800w, https:\/\/elsroures.com\/wp-content\/uploads\/5-1-900x600.jpg 900w, https:\/\/elsroures.com\/wp-content\/uploads\/5-1-450x300.jpg 450w, https:\/\/elsroures.com\/wp-content\/uploads\/5-1-225x150.jpg 225w\" sizes=\"auto, (max-width: 600px) 100vw, 600px\" \/><\/a><\/figure>\n\n\n\n<figure class=\"wp-block-image size-gallery-medium\"><a href=\"https:\/\/elsroures.com\/wp-content\/uploads\/\/avui-23-dagost-18-hrs-600x400.jpg\" class=\"image-link\"><img loading=\"lazy\" decoding=\"async\" width=\"600\" height=\"400\" data-id=\"17471\" src=\"https:\/\/elsroures.com\/wp-content\/uploads\/\/avui-23-dagost-18-hrs-600x400.jpg\" alt=\"\" class=\"wp-image-17471\" srcset=\"https:\/\/elsroures.com\/wp-content\/uploads\/avui-23-dagost-18-hrs-600x400.jpg 600w, https:\/\/elsroures.com\/wp-content\/uploads\/avui-23-dagost-18-hrs-900x600.jpg 900w, https:\/\/elsroures.com\/wp-content\/uploads\/avui-23-dagost-18-hrs-450x300.jpg 450w, https:\/\/elsroures.com\/wp-content\/uploads\/avui-23-dagost-18-hrs-225x150.jpg 225w\" sizes=\"auto, (max-width: 600px) 100vw, 600px\" \/><\/a><\/figure>\n\n\n\n<figure class=\"wp-block-image size-gallery-medium\"><a href=\"https:\/\/elsroures.com\/wp-content\/uploads\/\/2-600x400.jpg\" class=\"image-link\"><img loading=\"lazy\" decoding=\"async\" width=\"600\" height=\"400\" data-id=\"17491\" src=\"https:\/\/elsroures.com\/wp-content\/uploads\/\/2-600x400.jpg\" alt=\"\" class=\"wp-image-17491\" srcset=\"https:\/\/elsroures.com\/wp-content\/uploads\/2-600x400.jpg 600w, https:\/\/elsroures.com\/wp-content\/uploads\/2-1800x1200.jpg 1800w, https:\/\/elsroures.com\/wp-content\/uploads\/2-900x600.jpg 900w, https:\/\/elsroures.com\/wp-content\/uploads\/2-450x300.jpg 450w, https:\/\/elsroures.com\/wp-content\/uploads\/2-225x150.jpg 225w\" sizes=\"auto, (max-width: 600px) 100vw, 600px\" \/><\/a><\/figure>\n<\/figure>\n\n\n\n<hr class=\"wp-block-separator has-alpha-channel-opacity\"\/>\n\n\n\n<p><\/p>\n\n\n\n<div class=\"wp-block-group alignfull is-style-no-margin has-blank-light-grey-background-color has-background is-layout-constrained wp-container-core-group-is-layout-f843088e wp-block-group-is-layout-constrained\">\n<h3 class=\"wp-block-heading has-text-align-center alignnormal\" style=\"margin-top:3rem\">\u00bfQuieres saber qu\u00e9 opinan de nosotros?<\/h3>\n\n\n\n<p class=\"has-text-align-center alignnormal is-style-default\"><strong>Comparte tu experiencia <\/strong>para que podamos seguir mejorando.<\/p>\n\n\n\n<div class=\"wp-block-group space-around ratings-block is-content-justification-left is-nowrap is-layout-flex wp-container-core-group-is-layout-860ba6d0 wp-block-group-is-layout-flex\" style=\"margin-top:1.5rem;margin-bottom:3rem\">\n<div class=\"wp-block-group is-nowrap is-layout-flex wp-container-core-group-is-layout-6c531013 wp-block-group-is-layout-flex\">\n<h2 class=\"wp-block-heading\">4,5\/5<\/h2>\n\n\n\n<figure class=\"wp-block-image size-large\"><img loading=\"lazy\" decoding=\"async\" width=\"151\" height=\"56\" src=\"https:\/\/elsroures.com\/wp-content\/uploads\/\/tripadvisor-45.svg\" alt=\"\" class=\"wp-image-988\" srcset=\"https:\/\/elsroures.com\/wp-content\/uploads\/tripadvisor-45.svg 200w, https:\/\/elsroures.com\/wp-content\/uploads\/tripadvisor-45.svg 1024w, https:\/\/elsroures.com\/wp-content\/uploads\/tripadvisor-45.svg 768w, https:\/\/elsroures.com\/wp-content\/uploads\/tripadvisor-45.svg 2048w, https:\/\/elsroures.com\/wp-content\/uploads\/tripadvisor-45.svg 151w\" sizes=\"auto, (max-width: 151px) 100vw, 151px\" \/><\/figure>\n<\/div>\n\n\n\n<div class=\"wp-block-group is-nowrap is-layout-flex wp-container-core-group-is-layout-6c531013 wp-block-group-is-layout-flex\">\n<h2 class=\"wp-block-heading\">4,4\/5<\/h2>\n\n\n\n<figure class=\"wp-block-image size-large\"><img loading=\"lazy\" decoding=\"async\" width=\"105\" height=\"54\" src=\"https:\/\/elsroures.com\/wp-content\/uploads\/\/google-45.svg\" alt=\"\" class=\"wp-image-979\" srcset=\"https:\/\/elsroures.com\/wp-content\/uploads\/google-45.svg 200w, https:\/\/elsroures.com\/wp-content\/uploads\/google-45.svg 1024w, https:\/\/elsroures.com\/wp-content\/uploads\/google-45.svg 768w, https:\/\/elsroures.com\/wp-content\/uploads\/google-45.svg 2048w, https:\/\/elsroures.com\/wp-content\/uploads\/google-45.svg 105w\" sizes=\"auto, (max-width: 105px) 100vw, 105px\" \/><\/figure>\n<\/div>\n\n\n\n<div class=\"wp-block-group is-nowrap is-layout-flex wp-container-core-group-is-layout-6c531013 wp-block-group-is-layout-flex\">\n<h2 class=\"wp-block-heading\">9,1\/10<\/h2>\n\n\n\n<figure class=\"wp-block-image size-large\"><img loading=\"lazy\" decoding=\"async\" width=\"151\" height=\"53\" src=\"https:\/\/elsroures.com\/wp-content\/uploads\/\/booking-5.svg\" alt=\"\" class=\"wp-image-983\" srcset=\"https:\/\/elsroures.com\/wp-content\/uploads\/booking-5.svg 200w, https:\/\/elsroures.com\/wp-content\/uploads\/booking-5.svg 1024w, https:\/\/elsroures.com\/wp-content\/uploads\/booking-5.svg 768w, https:\/\/elsroures.com\/wp-content\/uploads\/booking-5.svg 2048w, https:\/\/elsroures.com\/wp-content\/uploads\/booking-5.svg 151w\" sizes=\"auto, (max-width: 151px) 100vw, 151px\" \/><\/figure>\n<\/div>\n<\/div>\n<\/div>\n","protected":false},"excerpt":{"rendered":"<p>\ud83c\udf1e Actividades de Verano en el camping: \u00a1M\u00fasica, Diversi\u00f3n y Naturaleza! \u00a1Este verano, vive unas vacaciones inolvidables en plena naturaleza del Pirineo catal\u00e1n! En Camping&#8230;<\/p>\n","protected":false},"author":2,"featured_media":2855,"parent":0,"menu_order":3,"comment_status":"closed","ping_status":"closed","template":"","meta":{"_acf_changed":false,"footnotes":""},"class_list":["post-19858","page","type-page","status-publish","has-post-thumbnail","hentry"],"acf":[],"yoast_head":"<!-- This site is optimized with the Yoast SEO plugin v27.3 - https:\/\/yoast.com\/product\/yoast-seo-wordpress\/ -->\n<title>VERANO en el Camping | Els Roures<\/title>\n<meta name=\"description\" content=\"Descubre todas las actividades de verano en el Camping els Roures: conciertos al aire libre, zumba y aquagym en la piscina, gincanas familiares, karaoke, DJ y mucho m\u00e1s. \u00a1Disfruta de un verano en familia en el Pirineo catal\u00e1n!\" \/>\n<meta name=\"robots\" content=\"index, follow, max-snippet:-1, max-image-preview:large, max-video-preview:-1\" \/>\n<link rel=\"canonical\" href=\"https:\/\/elsroures.com\/es\/verano-2\/\" \/>\n<meta property=\"og:locale\" content=\"es_ES\" \/>\n<meta property=\"og:type\" content=\"article\" \/>\n<meta property=\"og:title\" content=\"VERANO en el Camping | Els Roures\" \/>\n<meta property=\"og:description\" content=\"Descubre todas las actividades de verano en el Camping els Roures: conciertos al aire libre, zumba y aquagym en la piscina, gincanas familiares, karaoke, DJ y mucho m\u00e1s. \u00a1Disfruta de un verano en familia en el Pirineo catal\u00e1n!\" \/>\n<meta property=\"og:url\" content=\"https:\/\/elsroures.com\/es\/verano-2\/\" \/>\n<meta property=\"og:site_name\" content=\"Els Roures\" \/>\n<meta property=\"article:modified_time\" content=\"2025-06-12T06:24:23+00:00\" \/>\n<meta property=\"og:image\" content=\"https:\/\/elsroures.com\/wp-content\/uploads\/activitats-07.webp\" \/>\n\t<meta property=\"og:image:width\" content=\"700\" \/>\n\t<meta property=\"og:image:height\" content=\"370\" \/>\n\t<meta property=\"og:image:type\" content=\"image\/webp\" \/>\n<meta name=\"twitter:card\" content=\"summary_large_image\" \/>\n<meta name=\"twitter:label1\" content=\"Tiempo de lectura\" \/>\n\t<meta name=\"twitter:data1\" content=\"5 minutos\" \/>\n<script type=\"application\/ld+json\" class=\"yoast-schema-graph\">{\"@context\":\"https:\\\/\\\/schema.org\",\"@graph\":[{\"@type\":\"WebPage\",\"@id\":\"https:\\\/\\\/elsroures.com\\\/es\\\/verano-2\\\/\",\"url\":\"https:\\\/\\\/elsroures.com\\\/es\\\/verano-2\\\/\",\"name\":\"VERANO en el Camping | Els Roures\",\"isPartOf\":{\"@id\":\"https:\\\/\\\/elsroures.com\\\/es\\\/#website\"},\"primaryImageOfPage\":{\"@id\":\"https:\\\/\\\/elsroures.com\\\/es\\\/verano-2\\\/#primaryimage\"},\"image\":{\"@id\":\"https:\\\/\\\/elsroures.com\\\/es\\\/verano-2\\\/#primaryimage\"},\"thumbnailUrl\":\"https:\\\/\\\/elsroures.com\\\/wp-content\\\/uploads\\\/activitats-07.webp\",\"datePublished\":\"2025-05-22T17:36:41+00:00\",\"dateModified\":\"2025-06-12T06:24:23+00:00\",\"description\":\"Descubre todas las actividades de verano en el Camping els Roures: conciertos al aire libre, zumba y aquagym en la piscina, gincanas familiares, karaoke, DJ y mucho m\u00e1s. \u00a1Disfruta de un verano en familia en el Pirineo catal\u00e1n!\",\"breadcrumb\":{\"@id\":\"https:\\\/\\\/elsroures.com\\\/es\\\/verano-2\\\/#breadcrumb\"},\"inLanguage\":\"es\",\"potentialAction\":[{\"@type\":\"ReadAction\",\"target\":[\"https:\\\/\\\/elsroures.com\\\/es\\\/verano-2\\\/\"]}]},{\"@type\":\"ImageObject\",\"inLanguage\":\"es\",\"@id\":\"https:\\\/\\\/elsroures.com\\\/es\\\/verano-2\\\/#primaryimage\",\"url\":\"https:\\\/\\\/elsroures.com\\\/wp-content\\\/uploads\\\/activitats-07.webp\",\"contentUrl\":\"https:\\\/\\\/elsroures.com\\\/wp-content\\\/uploads\\\/activitats-07.webp\",\"width\":700,\"height\":370},{\"@type\":\"BreadcrumbList\",\"@id\":\"https:\\\/\\\/elsroures.com\\\/es\\\/verano-2\\\/#breadcrumb\",\"itemListElement\":[{\"@type\":\"ListItem\",\"position\":1,\"name\":\"Inicio\",\"item\":\"https:\\\/\\\/elsroures.com\\\/es\\\/\"},{\"@type\":\"ListItem\",\"position\":2,\"name\":\"VERANO en el Camping\"}]},{\"@type\":\"WebSite\",\"@id\":\"https:\\\/\\\/elsroures.com\\\/es\\\/#website\",\"url\":\"https:\\\/\\\/elsroures.com\\\/es\\\/\",\"name\":\"Els Roures\",\"description\":\"Otro sitio realizado con WordPress\",\"publisher\":{\"@id\":\"https:\\\/\\\/elsroures.com\\\/es\\\/#organization\"},\"potentialAction\":[{\"@type\":\"SearchAction\",\"target\":{\"@type\":\"EntryPoint\",\"urlTemplate\":\"https:\\\/\\\/elsroures.com\\\/es\\\/?s={search_term_string}\"},\"query-input\":{\"@type\":\"PropertyValueSpecification\",\"valueRequired\":true,\"valueName\":\"search_term_string\"}}],\"inLanguage\":\"es\"},{\"@type\":\"Organization\",\"@id\":\"https:\\\/\\\/elsroures.com\\\/es\\\/#organization\",\"name\":\"Els Roures\",\"url\":\"https:\\\/\\\/elsroures.com\\\/es\\\/\",\"logo\":{\"@type\":\"ImageObject\",\"inLanguage\":\"es\",\"@id\":\"https:\\\/\\\/elsroures.com\\\/es\\\/#\\\/schema\\\/logo\\\/image\\\/\",\"url\":\"https:\\\/\\\/elsroures.com\\\/wp-content\\\/uploads\\\/logo-01.svg\",\"contentUrl\":\"https:\\\/\\\/elsroures.com\\\/wp-content\\\/uploads\\\/logo-01.svg\",\"width\":\"2048\",\"height\":\"2048\",\"caption\":\"Els Roures\"},\"image\":{\"@id\":\"https:\\\/\\\/elsroures.com\\\/es\\\/#\\\/schema\\\/logo\\\/image\\\/\"},\"sameAs\":[\"https:\\\/\\\/www.instagram.com\\\/campingelsroures\\\/\"]}]}<\/script>\n<!-- \/ Yoast SEO plugin. -->","yoast_head_json":{"title":"VERANO en el Camping | Els Roures","description":"Descubre todas las actividades de verano en el Camping els Roures: conciertos al aire libre, zumba y aquagym en la piscina, gincanas familiares, karaoke, DJ y mucho m\u00e1s. \u00a1Disfruta de un verano en familia en el Pirineo catal\u00e1n!","robots":{"index":"index","follow":"follow","max-snippet":"max-snippet:-1","max-image-preview":"max-image-preview:large","max-video-preview":"max-video-preview:-1"},"canonical":"https:\/\/elsroures.com\/es\/verano-2\/","og_locale":"es_ES","og_type":"article","og_title":"VERANO en el Camping | Els Roures","og_description":"Descubre todas las actividades de verano en el Camping els Roures: conciertos al aire libre, zumba y aquagym en la piscina, gincanas familiares, karaoke, DJ y mucho m\u00e1s. \u00a1Disfruta de un verano en familia en el Pirineo catal\u00e1n!","og_url":"https:\/\/elsroures.com\/es\/verano-2\/","og_site_name":"Els Roures","article_modified_time":"2025-06-12T06:24:23+00:00","og_image":[{"width":700,"height":370,"url":"https:\/\/elsroures.com\/wp-content\/uploads\/activitats-07.webp","type":"image\/webp"}],"twitter_card":"summary_large_image","twitter_misc":{"Tiempo de lectura":"5 minutos"},"schema":{"@context":"https:\/\/schema.org","@graph":[{"@type":"WebPage","@id":"https:\/\/elsroures.com\/es\/verano-2\/","url":"https:\/\/elsroures.com\/es\/verano-2\/","name":"VERANO en el Camping | Els Roures","isPartOf":{"@id":"https:\/\/elsroures.com\/es\/#website"},"primaryImageOfPage":{"@id":"https:\/\/elsroures.com\/es\/verano-2\/#primaryimage"},"image":{"@id":"https:\/\/elsroures.com\/es\/verano-2\/#primaryimage"},"thumbnailUrl":"https:\/\/elsroures.com\/wp-content\/uploads\/activitats-07.webp","datePublished":"2025-05-22T17:36:41+00:00","dateModified":"2025-06-12T06:24:23+00:00","description":"Descubre todas las actividades de verano en el Camping els Roures: conciertos al aire libre, zumba y aquagym en la piscina, gincanas familiares, karaoke, DJ y mucho m\u00e1s. \u00a1Disfruta de un verano en familia en el Pirineo catal\u00e1n!","breadcrumb":{"@id":"https:\/\/elsroures.com\/es\/verano-2\/#breadcrumb"},"inLanguage":"es","potentialAction":[{"@type":"ReadAction","target":["https:\/\/elsroures.com\/es\/verano-2\/"]}]},{"@type":"ImageObject","inLanguage":"es","@id":"https:\/\/elsroures.com\/es\/verano-2\/#primaryimage","url":"https:\/\/elsroures.com\/wp-content\/uploads\/activitats-07.webp","contentUrl":"https:\/\/elsroures.com\/wp-content\/uploads\/activitats-07.webp","width":700,"height":370},{"@type":"BreadcrumbList","@id":"https:\/\/elsroures.com\/es\/verano-2\/#breadcrumb","itemListElement":[{"@type":"ListItem","position":1,"name":"Inicio","item":"https:\/\/elsroures.com\/es\/"},{"@type":"ListItem","position":2,"name":"VERANO en el Camping"}]},{"@type":"WebSite","@id":"https:\/\/elsroures.com\/es\/#website","url":"https:\/\/elsroures.com\/es\/","name":"Els Roures","description":"Otro sitio realizado con WordPress","publisher":{"@id":"https:\/\/elsroures.com\/es\/#organization"},"potentialAction":[{"@type":"SearchAction","target":{"@type":"EntryPoint","urlTemplate":"https:\/\/elsroures.com\/es\/?s={search_term_string}"},"query-input":{"@type":"PropertyValueSpecification","valueRequired":true,"valueName":"search_term_string"}}],"inLanguage":"es"},{"@type":"Organization","@id":"https:\/\/elsroures.com\/es\/#organization","name":"Els Roures","url":"https:\/\/elsroures.com\/es\/","logo":{"@type":"ImageObject","inLanguage":"es","@id":"https:\/\/elsroures.com\/es\/#\/schema\/logo\/image\/","url":"https:\/\/elsroures.com\/wp-content\/uploads\/logo-01.svg","contentUrl":"https:\/\/elsroures.com\/wp-content\/uploads\/logo-01.svg","width":"2048","height":"2048","caption":"Els Roures"},"image":{"@id":"https:\/\/elsroures.com\/es\/#\/schema\/logo\/image\/"},"sameAs":["https:\/\/www.instagram.com\/campingelsroures\/"]}]}},"_links":{"self":[{"href":"https:\/\/elsroures.com\/es\/wp-json\/wp\/v2\/pages\/19858","targetHints":{"allow":["GET"]}}],"collection":[{"href":"https:\/\/elsroures.com\/es\/wp-json\/wp\/v2\/pages"}],"about":[{"href":"https:\/\/elsroures.com\/es\/wp-json\/wp\/v2\/types\/page"}],"author":[{"embeddable":true,"href":"https:\/\/elsroures.com\/es\/wp-json\/wp\/v2\/users\/2"}],"replies":[{"embeddable":true,"href":"https:\/\/elsroures.com\/es\/wp-json\/wp\/v2\/comments?post=19858"}],"version-history":[{"count":5,"href":"https:\/\/elsroures.com\/es\/wp-json\/wp\/v2\/pages\/19858\/revisions"}],"predecessor-version":[{"id":19880,"href":"https:\/\/elsroures.com\/es\/wp-json\/wp\/v2\/pages\/19858\/revisions\/19880"}],"wp:featuredmedia":[{"embeddable":true,"href":"https:\/\/elsroures.com\/es\/wp-json\/wp\/v2\/media\/2855"}],"wp:attachment":[{"href":"https:\/\/elsroures.com\/es\/wp-json\/wp\/v2\/media?parent=19858"}],"curies":[{"name":"wp","href":"https:\/\/api.w.org\/{rel}","templated":true}]}}