{"id":17450,"date":"2022-05-30T12:51:27","date_gmt":"2022-05-30T10:51:27","guid":{"rendered":"https:\/\/mflhhmub.lucusprueba.es\/?page_id=17450"},"modified":"2024-09-02T12:43:04","modified_gmt":"2024-09-02T10:43:04","slug":"aviso-legal","status":"publish","type":"page","link":"https:\/\/elsroures.com\/es\/aviso-legal\/","title":{"rendered":"Aviso legal"},"content":{"rendered":"\n<div class=\"wp-block-cover alignfull is-light has-custom-content-position is-position-bottom-center is-style-no-margin\"><span aria-hidden=\"true\" class=\"wp-block-cover__background has-background-dim-20 has-background-dim\"><\/span><img loading=\"lazy\" decoding=\"async\" width=\"1400\" height=\"930\" class=\"wp-block-cover__image-background wp-image-743\" alt=\"\" src=\"https:\/\/elsroures.com\/wp-content\/uploads\/serveis-esport-03.webp\" data-object-fit=\"cover\" srcset=\"https:\/\/elsroures.com\/wp-content\/uploads\/serveis-esport-03.webp 1400w, https:\/\/elsroures.com\/wp-content\/uploads\/serveis-esport-03-1024x680.webp 1024w, https:\/\/elsroures.com\/wp-content\/uploads\/serveis-esport-03-768x510.webp 768w, https:\/\/elsroures.com\/wp-content\/uploads\/serveis-esport-03-600x400.webp 600w, https:\/\/elsroures.com\/wp-content\/uploads\/serveis-esport-03-450x300.webp 450w, https:\/\/elsroures.com\/wp-content\/uploads\/serveis-esport-03-225x150.webp 225w\" sizes=\"auto, (max-width: 1400px) 100vw, 1400px\" \/><div class=\"wp-block-cover__inner-container is-layout-flow wp-block-cover-is-layout-flow\"><h1 class=\"has-text-align-center text-shadow animation--init wp-block-post-title has-text-color has-blank-white-color\">Aviso legal<\/h1><\/div><\/div>\n\n\n\n<div class=\"wp-block-group alignwide has-blank-dark-grey-color has-text-color has-link-color wp-elements-29e9bb7554928e4fd65d7ed208315484 is-content-justification-left is-layout-constrained wp-container-core-group-is-layout-b8f68c67 wp-block-group-is-layout-constrained\" style=\"margin-bottom:10vh\"><div class=\"yoast-breadcrumbs\"><span><span><a href=\"https:\/\/elsroures.com\/es\/\">Inicio<\/a><\/span> \u00bb <span class=\"breadcrumb_last\" aria-current=\"page\">Aviso legal<\/span><\/span><\/div><\/div>\n\n\n\n<h3 class=\"wp-block-heading\">Informaci\u00f3n de Conformidad con el Art\u00edculo 10 de la LSSI<\/h3>\n\n\n\n<p><strong>La titular de esta web es:<\/strong><\/p>\n\n\n\n<p><strong>Identidad:<\/strong> C\u00c0MPING CARAVANING ELS ROURES SL<br><strong>NIF:<\/strong> B08783243<br><strong>Direcci\u00f3n:<\/strong> Avinguda El Mariner, 34-36, 17864 Sant Pau de Seg\u00faries<br><strong>Tel.:<\/strong> 972747000<br><strong>Email:<\/strong> <a>info@elsroures.com<\/a><br>Inscrita en el Registro Mercantil de Girona \u2013 Libro 0, Tomo 603, Folio 58, Hoja GI-11647, Inscripci\u00f3n 10<br><\/p>\n\n\n\n<h3 class=\"wp-block-heading\">Condiciones de Uso<\/h3>\n\n\n\n<p>El uso de esta web implica la aceptaci\u00f3n plena de los t\u00e9rminos y condiciones del presente aviso legal. Los posibles conflictos relativos a esta web se regir\u00e1n exclusivamente por el derecho del Estado espa\u00f1ol. Toda persona usuaria del web, independientemente de la jurisdicci\u00f3n territorial desde la que acceda, acepta el cumplimiento y respeto de estas cl\u00e1usulas con renuncia expresa a cualquier otro fuero que pudiera corresponderle.<br><\/p>\n\n\n\n<h3 class=\"wp-block-heading\">Propiedad Intelectual e Industrial<\/h3>\n\n\n\n<p>La totalidad del contenido de este sitio web, ya sean textos, im\u00e1genes, sonidos, marcas, logotipos u otros elementos, as\u00ed como la estructura, dise\u00f1o, combinaciones de colores o forma de presentaci\u00f3n de los materiales, est\u00e1n protegidos por derechos de propiedad industrial e intelectual que el usuario de este sitio web debe respetar. No es l\u00edcita su transformaci\u00f3n o alteraci\u00f3n, comunicaci\u00f3n p\u00fablica o cualquier otra forma de explotaci\u00f3n por cualquier procedimiento sin la autorizaci\u00f3n expresa de C\u00c0MPING CARAVANING ELS ROURES SL.<br><\/p>\n\n\n\n<h3 class=\"wp-block-heading\">Responsabilidad sobre los Contenidos<\/h3>\n\n\n\n<p>Aunque C\u00c0MPING CARAVANING ELS ROURES SL act\u00faa con la m\u00e1xima diligencia posible, es posible que algunos datos o informaci\u00f3n no est\u00e9n totalmente actualizados en el momento en que el usuario del sitio web los consulte. Por lo tanto, la informaci\u00f3n presentada en esta web tiene una funci\u00f3n orientativa y no obliga a C\u00c0MPING CARAVANING ELS ROURES SL.<\/p>\n\n\n\n<p>C\u00c0MPING CARAVANING ELS ROURES SL no ser\u00e1 responsable de la informaci\u00f3n que se pueda obtener a trav\u00e9s de enlaces incluidos en su web.<\/p>\n\n\n\n<p>C\u00c0MPING CARAVANING ELS ROURES SL se reserva la facultad de realizar, en cualquier momento y sin necesidad de preaviso, modificaciones o actualizaciones de la informaci\u00f3n y de cualquiera de los elementos que integran el dise\u00f1o y configuraci\u00f3n de la p\u00e1gina web.<br><\/p>\n\n\n\n<h3 class=\"wp-block-heading\">Ley Aplicable y Jurisdicci\u00f3n<\/h3>\n\n\n\n<p>El uso de este sitio web implica la aceptaci\u00f3n plena de los t\u00e9rminos y condiciones en el presente aviso legal. Los posibles conflictos relativos a este web se regir\u00e1n exclusivamente por la legislaci\u00f3n espa\u00f1ola, siendo competentes los Juzgados y Tribunales espa\u00f1oles para conocer cualquier cuesti\u00f3n que se suscite sobre ella. El usuario, en virtud de su aceptaci\u00f3n, renuncia expresamente a cualquier otro fuero que por aplicaci\u00f3n de la Ley de Enjuiciamiento Civil vigente pudiera corresponderle.<br><\/p>\n","protected":false},"excerpt":{"rendered":"<p>Informaci\u00f3n de Conformidad con el Art\u00edculo 10 de la LSSI La titular de esta web es: Identidad: C\u00c0MPING CARAVANING ELS ROURES SLNIF: B08783243Direcci\u00f3n: Avinguda El&#8230;<\/p>\n","protected":false},"author":4,"featured_media":0,"parent":0,"menu_order":24,"comment_status":"closed","ping_status":"closed","template":"","meta":{"_acf_changed":false,"footnotes":""},"class_list":["post-17450","page","type-page","status-publish","hentry"],"acf":[],"yoast_head":"<!-- This site is optimized with the Yoast SEO plugin v27.3 - https:\/\/yoast.com\/product\/yoast-seo-wordpress\/ -->\n<title>Aviso legal | Els Roures<\/title>\n<meta name=\"robots\" content=\"index, follow, max-snippet:-1, max-image-preview:large, max-video-preview:-1\" \/>\n<link rel=\"canonical\" href=\"https:\/\/elsroures.com\/es\/aviso-legal\/\" \/>\n<meta property=\"og:locale\" content=\"es_ES\" \/>\n<meta property=\"og:type\" content=\"article\" \/>\n<meta property=\"og:title\" content=\"Aviso legal | Els Roures\" \/>\n<meta property=\"og:description\" content=\"Informaci\u00f3n de Conformidad con el Art\u00edculo 10 de la LSSI La titular de esta web es: Identidad: C\u00c0MPING CARAVANING ELS ROURES SLNIF: B08783243Direcci\u00f3n: Avinguda El...\" \/>\n<meta property=\"og:url\" content=\"https:\/\/elsroures.com\/es\/aviso-legal\/\" \/>\n<meta property=\"og:site_name\" content=\"Els Roures\" \/>\n<meta property=\"article:modified_time\" content=\"2024-09-02T10:43:04+00:00\" \/>\n<meta property=\"og:image\" content=\"https:\/\/elsroures.com\/wp-content\/uploads\/serveis-esport-03.webp\" \/>\n<meta name=\"twitter:card\" content=\"summary_large_image\" \/>\n<meta name=\"twitter:label1\" content=\"Tiempo de lectura\" \/>\n\t<meta name=\"twitter:data1\" content=\"3 minutos\" \/>\n<script type=\"application\/ld+json\" class=\"yoast-schema-graph\">{\"@context\":\"https:\\\/\\\/schema.org\",\"@graph\":[{\"@type\":\"WebPage\",\"@id\":\"https:\\\/\\\/elsroures.com\\\/es\\\/aviso-legal\\\/\",\"url\":\"https:\\\/\\\/elsroures.com\\\/es\\\/aviso-legal\\\/\",\"name\":\"Aviso legal | Els Roures\",\"isPartOf\":{\"@id\":\"https:\\\/\\\/elsroures.com\\\/es\\\/#website\"},\"primaryImageOfPage\":{\"@id\":\"https:\\\/\\\/elsroures.com\\\/es\\\/aviso-legal\\\/#primaryimage\"},\"image\":{\"@id\":\"https:\\\/\\\/elsroures.com\\\/es\\\/aviso-legal\\\/#primaryimage\"},\"thumbnailUrl\":\"https:\\\/\\\/elsroures.com\\\/wp-content\\\/uploads\\\/serveis-esport-03.webp\",\"datePublished\":\"2022-05-30T10:51:27+00:00\",\"dateModified\":\"2024-09-02T10:43:04+00:00\",\"breadcrumb\":{\"@id\":\"https:\\\/\\\/elsroures.com\\\/es\\\/aviso-legal\\\/#breadcrumb\"},\"inLanguage\":\"es\",\"potentialAction\":[{\"@type\":\"ReadAction\",\"target\":[\"https:\\\/\\\/elsroures.com\\\/es\\\/aviso-legal\\\/\"]}]},{\"@type\":\"ImageObject\",\"inLanguage\":\"es\",\"@id\":\"https:\\\/\\\/elsroures.com\\\/es\\\/aviso-legal\\\/#primaryimage\",\"url\":\"https:\\\/\\\/elsroures.com\\\/wp-content\\\/uploads\\\/serveis-esport-03.webp\",\"contentUrl\":\"https:\\\/\\\/elsroures.com\\\/wp-content\\\/uploads\\\/serveis-esport-03.webp\"},{\"@type\":\"BreadcrumbList\",\"@id\":\"https:\\\/\\\/elsroures.com\\\/es\\\/aviso-legal\\\/#breadcrumb\",\"itemListElement\":[{\"@type\":\"ListItem\",\"position\":1,\"name\":\"Inicio\",\"item\":\"https:\\\/\\\/elsroures.com\\\/es\\\/\"},{\"@type\":\"ListItem\",\"position\":2,\"name\":\"Aviso legal\"}]},{\"@type\":\"WebSite\",\"@id\":\"https:\\\/\\\/elsroures.com\\\/es\\\/#website\",\"url\":\"https:\\\/\\\/elsroures.com\\\/es\\\/\",\"name\":\"Els Roures\",\"description\":\"Otro sitio realizado con WordPress\",\"publisher\":{\"@id\":\"https:\\\/\\\/elsroures.com\\\/es\\\/#organization\"},\"potentialAction\":[{\"@type\":\"SearchAction\",\"target\":{\"@type\":\"EntryPoint\",\"urlTemplate\":\"https:\\\/\\\/elsroures.com\\\/es\\\/?s={search_term_string}\"},\"query-input\":{\"@type\":\"PropertyValueSpecification\",\"valueRequired\":true,\"valueName\":\"search_term_string\"}}],\"inLanguage\":\"es\"},{\"@type\":\"Organization\",\"@id\":\"https:\\\/\\\/elsroures.com\\\/es\\\/#organization\",\"name\":\"Els Roures\",\"url\":\"https:\\\/\\\/elsroures.com\\\/es\\\/\",\"logo\":{\"@type\":\"ImageObject\",\"inLanguage\":\"es\",\"@id\":\"https:\\\/\\\/elsroures.com\\\/es\\\/#\\\/schema\\\/logo\\\/image\\\/\",\"url\":\"https:\\\/\\\/elsroures.com\\\/wp-content\\\/uploads\\\/logo-01.svg\",\"contentUrl\":\"https:\\\/\\\/elsroures.com\\\/wp-content\\\/uploads\\\/logo-01.svg\",\"width\":\"2048\",\"height\":\"2048\",\"caption\":\"Els Roures\"},\"image\":{\"@id\":\"https:\\\/\\\/elsroures.com\\\/es\\\/#\\\/schema\\\/logo\\\/image\\\/\"},\"sameAs\":[\"https:\\\/\\\/www.instagram.com\\\/campingelsroures\\\/\"]}]}<\/script>\n<!-- \/ Yoast SEO plugin. -->","yoast_head_json":{"title":"Aviso legal | Els Roures","robots":{"index":"index","follow":"follow","max-snippet":"max-snippet:-1","max-image-preview":"max-image-preview:large","max-video-preview":"max-video-preview:-1"},"canonical":"https:\/\/elsroures.com\/es\/aviso-legal\/","og_locale":"es_ES","og_type":"article","og_title":"Aviso legal | Els Roures","og_description":"Informaci\u00f3n de Conformidad con el Art\u00edculo 10 de la LSSI La titular de esta web es: Identidad: C\u00c0MPING CARAVANING ELS ROURES SLNIF: B08783243Direcci\u00f3n: Avinguda El...","og_url":"https:\/\/elsroures.com\/es\/aviso-legal\/","og_site_name":"Els Roures","article_modified_time":"2024-09-02T10:43:04+00:00","og_image":[{"url":"https:\/\/elsroures.com\/wp-content\/uploads\/serveis-esport-03.webp","type":"","width":"","height":""}],"twitter_card":"summary_large_image","twitter_misc":{"Tiempo de lectura":"3 minutos"},"schema":{"@context":"https:\/\/schema.org","@graph":[{"@type":"WebPage","@id":"https:\/\/elsroures.com\/es\/aviso-legal\/","url":"https:\/\/elsroures.com\/es\/aviso-legal\/","name":"Aviso legal | Els Roures","isPartOf":{"@id":"https:\/\/elsroures.com\/es\/#website"},"primaryImageOfPage":{"@id":"https:\/\/elsroures.com\/es\/aviso-legal\/#primaryimage"},"image":{"@id":"https:\/\/elsroures.com\/es\/aviso-legal\/#primaryimage"},"thumbnailUrl":"https:\/\/elsroures.com\/wp-content\/uploads\/serveis-esport-03.webp","datePublished":"2022-05-30T10:51:27+00:00","dateModified":"2024-09-02T10:43:04+00:00","breadcrumb":{"@id":"https:\/\/elsroures.com\/es\/aviso-legal\/#breadcrumb"},"inLanguage":"es","potentialAction":[{"@type":"ReadAction","target":["https:\/\/elsroures.com\/es\/aviso-legal\/"]}]},{"@type":"ImageObject","inLanguage":"es","@id":"https:\/\/elsroures.com\/es\/aviso-legal\/#primaryimage","url":"https:\/\/elsroures.com\/wp-content\/uploads\/serveis-esport-03.webp","contentUrl":"https:\/\/elsroures.com\/wp-content\/uploads\/serveis-esport-03.webp"},{"@type":"BreadcrumbList","@id":"https:\/\/elsroures.com\/es\/aviso-legal\/#breadcrumb","itemListElement":[{"@type":"ListItem","position":1,"name":"Inicio","item":"https:\/\/elsroures.com\/es\/"},{"@type":"ListItem","position":2,"name":"Aviso legal"}]},{"@type":"WebSite","@id":"https:\/\/elsroures.com\/es\/#website","url":"https:\/\/elsroures.com\/es\/","name":"Els Roures","description":"Otro sitio realizado con WordPress","publisher":{"@id":"https:\/\/elsroures.com\/es\/#organization"},"potentialAction":[{"@type":"SearchAction","target":{"@type":"EntryPoint","urlTemplate":"https:\/\/elsroures.com\/es\/?s={search_term_string}"},"query-input":{"@type":"PropertyValueSpecification","valueRequired":true,"valueName":"search_term_string"}}],"inLanguage":"es"},{"@type":"Organization","@id":"https:\/\/elsroures.com\/es\/#organization","name":"Els Roures","url":"https:\/\/elsroures.com\/es\/","logo":{"@type":"ImageObject","inLanguage":"es","@id":"https:\/\/elsroures.com\/es\/#\/schema\/logo\/image\/","url":"https:\/\/elsroures.com\/wp-content\/uploads\/logo-01.svg","contentUrl":"https:\/\/elsroures.com\/wp-content\/uploads\/logo-01.svg","width":"2048","height":"2048","caption":"Els Roures"},"image":{"@id":"https:\/\/elsroures.com\/es\/#\/schema\/logo\/image\/"},"sameAs":["https:\/\/www.instagram.com\/campingelsroures\/"]}]}},"_links":{"self":[{"href":"https:\/\/elsroures.com\/es\/wp-json\/wp\/v2\/pages\/17450","targetHints":{"allow":["GET"]}}],"collection":[{"href":"https:\/\/elsroures.com\/es\/wp-json\/wp\/v2\/pages"}],"about":[{"href":"https:\/\/elsroures.com\/es\/wp-json\/wp\/v2\/types\/page"}],"author":[{"embeddable":true,"href":"https:\/\/elsroures.com\/es\/wp-json\/wp\/v2\/users\/4"}],"replies":[{"embeddable":true,"href":"https:\/\/elsroures.com\/es\/wp-json\/wp\/v2\/comments?post=17450"}],"version-history":[{"count":1,"href":"https:\/\/elsroures.com\/es\/wp-json\/wp\/v2\/pages\/17450\/revisions"}],"predecessor-version":[{"id":17454,"href":"https:\/\/elsroures.com\/es\/wp-json\/wp\/v2\/pages\/17450\/revisions\/17454"}],"wp:attachment":[{"href":"https:\/\/elsroures.com\/es\/wp-json\/wp\/v2\/media?parent=17450"}],"curies":[{"name":"wp","href":"https:\/\/api.w.org\/{rel}","templated":true}]}}