{"id":17359,"date":"2023-03-10T09:40:00","date_gmt":"2023-03-10T08:40:00","guid":{"rendered":"https:\/\/mflhhmub.lucusprueba.es\/?page_id=17359"},"modified":"2025-12-21T15:57:31","modified_gmt":"2025-12-21T14:57:31","slug":"seguro-de-cancelacion-de-reservas","status":"publish","type":"page","link":"https:\/\/elsroures.com\/es\/seguro-de-cancelacion-de-reservas\/","title":{"rendered":"Seguro de Cancelaci\u00f3n de Reservas"},"content":{"rendered":"\n<div class=\"wp-block-cover alignfull is-light has-custom-content-position is-position-bottom-center is-style-no-margin\"><img loading=\"lazy\" decoding=\"async\" width=\"640\" height=\"427\" class=\"wp-block-cover__image-background wp-image-7177\" alt=\"\" src=\"https:\/\/elsroures.com\/wp-content\/uploads\/5-beneficios-de-la-lectura-para-nuestra-salud.jpg\" data-object-fit=\"cover\" srcset=\"https:\/\/elsroures.com\/wp-content\/uploads\/5-beneficios-de-la-lectura-para-nuestra-salud.jpg 640w, https:\/\/elsroures.com\/wp-content\/uploads\/5-beneficios-de-la-lectura-para-nuestra-salud-600x400.jpg 600w, https:\/\/elsroures.com\/wp-content\/uploads\/5-beneficios-de-la-lectura-para-nuestra-salud-450x300.jpg 450w, https:\/\/elsroures.com\/wp-content\/uploads\/5-beneficios-de-la-lectura-para-nuestra-salud-225x150.jpg 225w\" sizes=\"auto, (max-width: 640px) 100vw, 640px\" \/><span aria-hidden=\"true\" class=\"wp-block-cover__background has-background-dim-20 has-background-dim\"><\/span><div class=\"wp-block-cover__inner-container is-layout-flow wp-block-cover-is-layout-flow\">\n<div class=\"wp-block-group is-layout-constrained wp-container-core-group-is-layout-f843088e wp-block-group-is-layout-constrained\"><h1 class=\"has-text-align-center text-shadow animation--init wp-block-post-title has-text-color has-blank-white-color\">Seguro de Cancelaci\u00f3n de Reservas<\/h1><\/div>\n<\/div><\/div>\n\n\n\n<p><strong>RESUMEN DE COBERTURAS DE LA P\u00d3LIZA POR CANCELACI\u00d3N E INTERRUPCI\u00d3N DE RESERVA:<\/strong><\/p>\n\n\n\n<p><strong>SEGURO TEMPORAL DE GASTOS DE CANCELACI\u00d3N DE RESERVAS<\/strong><br>(El suplemento para contratar este seguro lo encontrar\u00e1 directamente a la hora de hacer una reserva online. Tambi\u00e9n puede solicitarlo si hace la reserva por tel\u00e9fono o e-mail).<\/p>\n\n\n\n<p>\u00bfTe has puesto enfermo? \u00bfHas sufrido un accidente? \u00bfTe deben operar? No te preocupes\u2026 un a\u00f1o m\u00e1s, nuestros clientes podr\u00e1n beneficiarse de la tranquilidad de contratar una seguro de cancelaci\u00f3n con su reserva (del grupo <strong>OCCIDENT<\/strong>).<\/p>\n\n\n\n<p>Si el cliente contrata este seguro, le permitir\u00e1 cancelar la reserva hasta el mismo d\u00eda de la llegada y se realizar\u00e1 la devoluci\u00f3n del 100% del importe abonado hasta el momento. Tambi\u00e9n est\u00e1 cubierto en caso de tener que interrumpir la estancia contratada por algunos de los motivos mencionados en la p\u00f3liza.<\/p>\n\n\n\n<p>Importe del seguro (en funci\u00f3n del importe total de la reserva):<\/p>\n\n\n\n<ul class=\"wp-block-list\">\n<li>Reservas hasta 500\u20ac de importe global: 38\u20ac prima<\/li>\n\n\n\n<li>Reservas hasta 1000\u20ac de importe global: 49\u20ac prima<\/li>\n\n\n\n<li>Reservas hasta 2000\u20ac de importe global: 59\u20ac prima<\/li>\n\n\n\n<li>Reservas hasta 3000\u20ac de importe global: 69\u20ac prima<\/li>\n<\/ul>\n\n\n\n<p>Reserva con tranquilidad y si es necesario anular la reserva por una de las causas justificadas y estipuladas en las cl\u00e1usulas del contrato, le devolveremos el dinero pagado por la reserva.<\/p>\n\n\n\n<div class=\"wp-block-buttons is-layout-flex wp-block-buttons-is-layout-flex\">\n<div class=\"wp-block-button\"><a class=\"wp-block-button__link has-blank-yellow-background-color has-background wp-element-button\" href=\"https:\/\/elsroures.com\/wp-content\/uploads\/resumen-coberturas-occident-cast-2026.pdf\" target=\"_blank\" rel=\"noreferrer noopener\">Descarga aqu\u00ed el documento de CATALANA OCCIDENTE<\/a><\/div>\n<\/div>\n\n\n\n<p>Los sucesos que dan lugar al reembolso de gastos son los que se indican a continuaci\u00f3n siempre que estos sucesos tengan lugar con <strong>posterioridad a la realizaci\u00f3n de la reserva y que afecten directamente al asegurado:<\/strong><\/p>\n\n\n\n<p><strong>Garant\u00eda 1:<\/strong>&nbsp;Enfermedad grave, accidente grave o muerte, llamada inesperada para intervenci\u00f3n quir\u00fargica, complicaciones del embarazo o aborto espont\u00e1neo, o citaci\u00f3n para trasplante de \u00f3rgano del asegurado, c\u00f3nyuge, descendientes de primer y segundo grado o acompa\u00f1ante inscrito en la reserva, o cuarentena m\u00e9dica que afecte al asegurado.<\/p>\n\n\n\n<div class=\"wp-block-columns is-layout-flex wp-container-core-columns-is-layout-28f84493 wp-block-columns-is-layout-flex\">\n<div class=\"wp-block-column is-layout-flow wp-block-column-is-layout-flow\">\n<div class=\"wp-block-cover aligncenter is-light\"><img loading=\"lazy\" decoding=\"async\" width=\"640\" height=\"427\" class=\"wp-block-cover__image-background wp-image-7177\" alt=\"\" src=\"https:\/\/elsroures.com\/wp-content\/uploads\/5-beneficios-de-la-lectura-para-nuestra-salud.jpg\" data-object-fit=\"cover\" srcset=\"https:\/\/elsroures.com\/wp-content\/uploads\/5-beneficios-de-la-lectura-para-nuestra-salud.jpg 640w, https:\/\/elsroures.com\/wp-content\/uploads\/5-beneficios-de-la-lectura-para-nuestra-salud-600x400.jpg 600w, https:\/\/elsroures.com\/wp-content\/uploads\/5-beneficios-de-la-lectura-para-nuestra-salud-450x300.jpg 450w, https:\/\/elsroures.com\/wp-content\/uploads\/5-beneficios-de-la-lectura-para-nuestra-salud-225x150.jpg 225w\" sizes=\"auto, (max-width: 640px) 100vw, 640px\" \/><span aria-hidden=\"true\" class=\"wp-block-cover__background has-background-dim-0 has-background-dim\"><\/span><div class=\"wp-block-cover__inner-container is-layout-flow wp-block-cover-is-layout-flow\">\n<p class=\"has-text-align-center has-large-font-size\"><\/p>\n<\/div><\/div>\n<\/div>\n<\/div>\n\n\n\n<p>El asegurado, su c\u00f3nyuge, ascendientes o descendientes de primer o segundo grado, padres, hijos, hermanos, hermanas, abuelos, abuelas, nietos, nietas, cu\u00f1ados, yernos, nueras, suegros o parejas de hecho.<\/p>\n\n\n\n<p>El acompa\u00f1ante del asegurado, inscrito en la misma reserva. A efectos de la cobertura del seguro, se entiende por:<\/p>\n\n\n\n<p>A efectos de la cobertura del seguro, se entiende por:<\/p>\n\n\n\n<p>Enfermedad grave del asegurado, la alteraci\u00f3n de la salud, constatada por un profesional m\u00e9dico, que obligue al enfermo a hacer cama y que le implique el cese de cualquier actividad, profesional o privada.<\/p>\n\n\n\n<p>Accidente grave del asegurado, toda lesi\u00f3n corporal que deriva de una causa violenta, repentina, externa y ajena a la intencionalidad del accidentado, cuyas consecuencias le impidan el normal desplazamiento de su domicilio habitual.<\/p>\n\n\n\n<p><strong>Cuando la enfermedad o accidente afecte a alguna de las personas citadas, distintas del asegurado, se entiende como grave cuando implique hospitalizaci\u00f3n o comporte riesgo de muerte inminente.<\/strong><\/p>\n\n\n\n<p><strong>Quedan excluidas las consecuencias de enfermedad o accidente sobrevenidas con anterioridad a la fecha de efecto del seguro o las que sean de enfermedades preexistentes.<\/strong><\/p>\n\n\n\n<p><strong>Queda excluida la cancelaci\u00f3n de la reserva a consecuencia, as\u00ed como cualquier cancelaci\u00f3n derivada de restricciones o suspensiones decretadas por las autoridades civiles o militares a causa de las citadas enfermedades o epidemias, incluido el COVID-19.<\/strong><\/p>\n\n\n\n<p><strong>Garant\u00eda 2:<\/strong> Perjuicios graves a consecuencia de robo, incendios u otras causas similares que afecten a la vivienda del asegurado.<\/p>\n\n\n\n<p>La residencia habitual y\/o secundaria del asegurado.<\/p>\n\n\n\n<p>El local profesional en el que el asegurado ejerza una profesi\u00f3n liberal o sea el explotador directo (gerente).<\/p>\n\n\n\n<p>Y que necesariamente impliquen la presencia del asegurado.<\/p>\n\n\n\n<p><strong>Garant\u00eda 3: <\/strong>Despido laboral del asegurado, siempre que al inicio del seguro no exista comunicaci\u00f3n verbal o escrita.<\/p>\n\n\n\n<p><strong>Garant\u00eda 4: <\/strong>Convocatoria al asegurado como parte o miembro de un jurado o testigo de un tribunal de justicia o como miembro de una mesa electoral.<\/p>\n\n\n\n<p><strong>Garant\u00eda 5: <\/strong>Actas de pirater\u00eda a\u00e9rea, terrestre o naval, que imposibiliten al asegurado el inicio o continuaci\u00f3n de su viaje. <strong>Se excluyen todos los actos terroristas.<\/strong><\/p>\n\n\n\n<p><strong>Garant\u00eda 6:<\/strong> Robo de documentaci\u00f3n o equipaje que imposibilite al asegurado a iniciar o proseguir su viaje.<\/p>\n\n\n\n<p><strong>Garant\u00eda 7: <\/strong>Por aver\u00eda o accidente del veh\u00edculo propiedad del asegurado o de su c\u00f3nyuge, que le impida iniciar su viaje (\u00fanicamente cubierto en el viaje con destino Camping el d\u00eda de la entrada).<\/p>\n\n\n\n<p>Queda limitada esta cobertura a factura de reparaci\u00f3n de veh\u00edculo superior a 600 \u20ac y\/o un per\u00edodo de reparaci\u00f3n acreditado pericialmente superior a 8 horas.<\/p>\n\n\n\n<p><strong>Garant\u00eda 8: <\/strong>Convocatoria al asegurado para la presentaci\u00f3n y firma de documentos oficiales conocida y comunicada por escrito con posterioridad a la reserva del viaje.<\/p>\n\n\n\n<p><strong>FRANQUICIA: Ser\u00e1 de aplicaci\u00f3n por cada siniestro una franquicia correspondiente al 10% del siniestro, con un m\u00ednimo de 70 euros.<\/strong><\/p>\n\n\n\n<p><strong>Esta p\u00f3liza tiene una carencia de 30 d\u00edas. Adem\u00e1s, no otorga cobertura a las personas mayores de 70 a\u00f1os.<\/strong><\/p>\n\n\n\n<p><strong>Esta p\u00f3liza no cubre la cancelaci\u00f3n o interrupci\u00f3n de la reserva a consecuencia de enfermedades o defunciones de los animales de compa\u00f1\u00eda acompa\u00f1antes.<\/strong><\/p>\n\n\n\n<p><em>Este folleto cumple una funci\u00f3n totalmente orientativa y en ning\u00fan caso puede considerarse como definidor de las garant\u00edas contratadas ni de sus l\u00edmites.<\/em><\/p>\n\n\n\n<p>A tener en cuenta:<\/p>\n\n\n\n<ul class=\"wp-block-list\">\n<li>El importe del seguro no ser\u00e1 devuelto.<\/li>\n\n\n\n<li>Al hacer la reserva, es imprescindible dar los datos de sus acompa\u00f1ados, de lo contrario, \u00e9stos no estar\u00edan cubiertos (el camping contactar\u00e1 con el cliente si faltan datos adicionales para la compa\u00f1\u00eda).<\/li>\n\n\n\n<li>No otorga cobertura a los titulares del seguro mayores de 70 a\u00f1os.<\/li>\n\n\n\n<li>La p\u00f3liza tiene una carencia de 30 d\u00edas (para reservas con menos de 30 d\u00edas de antelaci\u00f3n, el sistema online ya no ofrece su contrataci\u00f3n).<\/li>\n\n\n\n<li>Franquicia:&nbsp;Ser\u00e1 de aplicaci\u00f3n por cada siniestro una franquicia correspondiente al 10% del siniestro, con un m\u00ednimo de 70 euros.<\/li>\n<\/ul>\n\n\n\n<p><strong>\u00a1RESERVA AHORA CON TOTAL TRANQUILIDAD!<\/strong><\/p>\n","protected":false},"excerpt":{"rendered":"<p>RESUMEN DE COBERTURAS DE LA P\u00d3LIZA POR CANCELACI\u00d3N E INTERRUPCI\u00d3N DE RESERVA: SEGURO TEMPORAL DE GASTOS DE CANCELACI\u00d3N DE RESERVAS(El suplemento para contratar este seguro&#8230;<\/p>\n","protected":false},"author":4,"featured_media":7180,"parent":0,"menu_order":22,"comment_status":"closed","ping_status":"closed","template":"","meta":{"_acf_changed":false,"footnotes":""},"class_list":["post-17359","page","type-page","status-publish","has-post-thumbnail","hentry"],"acf":[],"yoast_head":"<!-- This site is optimized with the Yoast SEO plugin v27.5 - https:\/\/yoast.com\/product\/yoast-seo-wordpress\/ -->\n<title>Seguro de Cancelaci\u00f3n de Reservas | Els Roures<\/title>\n<meta name=\"robots\" content=\"index, follow, max-snippet:-1, max-image-preview:large, max-video-preview:-1\" \/>\n<link rel=\"canonical\" href=\"https:\/\/elsroures.com\/es\/seguro-de-cancelacion-de-reservas\/\" \/>\n<meta property=\"og:locale\" content=\"es_ES\" \/>\n<meta property=\"og:type\" content=\"article\" \/>\n<meta property=\"og:title\" content=\"Seguro de Cancelaci\u00f3n de Reservas | Els Roures\" \/>\n<meta property=\"og:description\" content=\"RESUMEN DE COBERTURAS DE LA P\u00d3LIZA POR CANCELACI\u00d3N E INTERRUPCI\u00d3N DE RESERVA: SEGURO TEMPORAL DE GASTOS DE CANCELACI\u00d3N DE RESERVAS(El suplemento para contratar este seguro...\" \/>\n<meta property=\"og:url\" content=\"https:\/\/elsroures.com\/es\/seguro-de-cancelacion-de-reservas\/\" \/>\n<meta property=\"og:site_name\" content=\"Els Roures\" \/>\n<meta property=\"article:modified_time\" content=\"2025-12-21T14:57:31+00:00\" \/>\n<meta property=\"og:image\" content=\"https:\/\/elsroures.com\/wp-content\/uploads\/5-beneficios-de-la-lectura-para-nuestra-salud.jpg\" \/>\n\t<meta property=\"og:image:width\" content=\"640\" \/>\n\t<meta property=\"og:image:height\" content=\"427\" \/>\n\t<meta property=\"og:image:type\" content=\"image\/jpeg\" \/>\n<meta name=\"twitter:card\" content=\"summary_large_image\" \/>\n<meta name=\"twitter:label1\" content=\"Tiempo de lectura\" \/>\n\t<meta name=\"twitter:data1\" content=\"6 minutos\" \/>\n<script type=\"application\/ld+json\" class=\"yoast-schema-graph\">{\"@context\":\"https:\\\/\\\/schema.org\",\"@graph\":[{\"@type\":\"WebPage\",\"@id\":\"https:\\\/\\\/elsroures.com\\\/es\\\/seguro-de-cancelacion-de-reservas\\\/\",\"url\":\"https:\\\/\\\/elsroures.com\\\/es\\\/seguro-de-cancelacion-de-reservas\\\/\",\"name\":\"Seguro de Cancelaci\u00f3n de Reservas | Els Roures\",\"isPartOf\":{\"@id\":\"https:\\\/\\\/elsroures.com\\\/es\\\/#website\"},\"primaryImageOfPage\":{\"@id\":\"https:\\\/\\\/elsroures.com\\\/es\\\/seguro-de-cancelacion-de-reservas\\\/#primaryimage\"},\"image\":{\"@id\":\"https:\\\/\\\/elsroures.com\\\/es\\\/seguro-de-cancelacion-de-reservas\\\/#primaryimage\"},\"thumbnailUrl\":\"https:\\\/\\\/elsroures.com\\\/wp-content\\\/uploads\\\/5-beneficios-de-la-lectura-para-nuestra-salud.jpg\",\"datePublished\":\"2023-03-10T08:40:00+00:00\",\"dateModified\":\"2025-12-21T14:57:31+00:00\",\"breadcrumb\":{\"@id\":\"https:\\\/\\\/elsroures.com\\\/es\\\/seguro-de-cancelacion-de-reservas\\\/#breadcrumb\"},\"inLanguage\":\"es\",\"potentialAction\":[{\"@type\":\"ReadAction\",\"target\":[\"https:\\\/\\\/elsroures.com\\\/es\\\/seguro-de-cancelacion-de-reservas\\\/\"]}]},{\"@type\":\"ImageObject\",\"inLanguage\":\"es\",\"@id\":\"https:\\\/\\\/elsroures.com\\\/es\\\/seguro-de-cancelacion-de-reservas\\\/#primaryimage\",\"url\":\"https:\\\/\\\/elsroures.com\\\/wp-content\\\/uploads\\\/5-beneficios-de-la-lectura-para-nuestra-salud.jpg\",\"contentUrl\":\"https:\\\/\\\/elsroures.com\\\/wp-content\\\/uploads\\\/5-beneficios-de-la-lectura-para-nuestra-salud.jpg\",\"width\":640,\"height\":427},{\"@type\":\"BreadcrumbList\",\"@id\":\"https:\\\/\\\/elsroures.com\\\/es\\\/seguro-de-cancelacion-de-reservas\\\/#breadcrumb\",\"itemListElement\":[{\"@type\":\"ListItem\",\"position\":1,\"name\":\"Inicio\",\"item\":\"https:\\\/\\\/elsroures.com\\\/es\\\/\"},{\"@type\":\"ListItem\",\"position\":2,\"name\":\"Seguro de Cancelaci\u00f3n de Reservas\"}]},{\"@type\":\"WebSite\",\"@id\":\"https:\\\/\\\/elsroures.com\\\/es\\\/#website\",\"url\":\"https:\\\/\\\/elsroures.com\\\/es\\\/\",\"name\":\"Els Roures\",\"description\":\"Otro sitio realizado con WordPress\",\"publisher\":{\"@id\":\"https:\\\/\\\/elsroures.com\\\/es\\\/#organization\"},\"potentialAction\":[{\"@type\":\"SearchAction\",\"target\":{\"@type\":\"EntryPoint\",\"urlTemplate\":\"https:\\\/\\\/elsroures.com\\\/es\\\/?s={search_term_string}\"},\"query-input\":{\"@type\":\"PropertyValueSpecification\",\"valueRequired\":true,\"valueName\":\"search_term_string\"}}],\"inLanguage\":\"es\"},{\"@type\":\"Organization\",\"@id\":\"https:\\\/\\\/elsroures.com\\\/es\\\/#organization\",\"name\":\"Els Roures\",\"url\":\"https:\\\/\\\/elsroures.com\\\/es\\\/\",\"logo\":{\"@type\":\"ImageObject\",\"inLanguage\":\"es\",\"@id\":\"https:\\\/\\\/elsroures.com\\\/es\\\/#\\\/schema\\\/logo\\\/image\\\/\",\"url\":\"https:\\\/\\\/elsroures.com\\\/wp-content\\\/uploads\\\/logo-01.svg\",\"contentUrl\":\"https:\\\/\\\/elsroures.com\\\/wp-content\\\/uploads\\\/logo-01.svg\",\"width\":\"2048\",\"height\":\"2048\",\"caption\":\"Els Roures\"},\"image\":{\"@id\":\"https:\\\/\\\/elsroures.com\\\/es\\\/#\\\/schema\\\/logo\\\/image\\\/\"},\"sameAs\":[\"https:\\\/\\\/www.instagram.com\\\/campingelsroures\\\/\"]}]}<\/script>\n<!-- \/ Yoast SEO plugin. -->","yoast_head_json":{"title":"Seguro de Cancelaci\u00f3n de Reservas | Els Roures","robots":{"index":"index","follow":"follow","max-snippet":"max-snippet:-1","max-image-preview":"max-image-preview:large","max-video-preview":"max-video-preview:-1"},"canonical":"https:\/\/elsroures.com\/es\/seguro-de-cancelacion-de-reservas\/","og_locale":"es_ES","og_type":"article","og_title":"Seguro de Cancelaci\u00f3n de Reservas | Els Roures","og_description":"RESUMEN DE COBERTURAS DE LA P\u00d3LIZA POR CANCELACI\u00d3N E INTERRUPCI\u00d3N DE RESERVA: SEGURO TEMPORAL DE GASTOS DE CANCELACI\u00d3N DE RESERVAS(El suplemento para contratar este seguro...","og_url":"https:\/\/elsroures.com\/es\/seguro-de-cancelacion-de-reservas\/","og_site_name":"Els Roures","article_modified_time":"2025-12-21T14:57:31+00:00","og_image":[{"width":640,"height":427,"url":"https:\/\/elsroures.com\/wp-content\/uploads\/5-beneficios-de-la-lectura-para-nuestra-salud.jpg","type":"image\/jpeg"}],"twitter_card":"summary_large_image","twitter_misc":{"Tiempo de lectura":"6 minutos"},"schema":{"@context":"https:\/\/schema.org","@graph":[{"@type":"WebPage","@id":"https:\/\/elsroures.com\/es\/seguro-de-cancelacion-de-reservas\/","url":"https:\/\/elsroures.com\/es\/seguro-de-cancelacion-de-reservas\/","name":"Seguro de Cancelaci\u00f3n de Reservas | Els Roures","isPartOf":{"@id":"https:\/\/elsroures.com\/es\/#website"},"primaryImageOfPage":{"@id":"https:\/\/elsroures.com\/es\/seguro-de-cancelacion-de-reservas\/#primaryimage"},"image":{"@id":"https:\/\/elsroures.com\/es\/seguro-de-cancelacion-de-reservas\/#primaryimage"},"thumbnailUrl":"https:\/\/elsroures.com\/wp-content\/uploads\/5-beneficios-de-la-lectura-para-nuestra-salud.jpg","datePublished":"2023-03-10T08:40:00+00:00","dateModified":"2025-12-21T14:57:31+00:00","breadcrumb":{"@id":"https:\/\/elsroures.com\/es\/seguro-de-cancelacion-de-reservas\/#breadcrumb"},"inLanguage":"es","potentialAction":[{"@type":"ReadAction","target":["https:\/\/elsroures.com\/es\/seguro-de-cancelacion-de-reservas\/"]}]},{"@type":"ImageObject","inLanguage":"es","@id":"https:\/\/elsroures.com\/es\/seguro-de-cancelacion-de-reservas\/#primaryimage","url":"https:\/\/elsroures.com\/wp-content\/uploads\/5-beneficios-de-la-lectura-para-nuestra-salud.jpg","contentUrl":"https:\/\/elsroures.com\/wp-content\/uploads\/5-beneficios-de-la-lectura-para-nuestra-salud.jpg","width":640,"height":427},{"@type":"BreadcrumbList","@id":"https:\/\/elsroures.com\/es\/seguro-de-cancelacion-de-reservas\/#breadcrumb","itemListElement":[{"@type":"ListItem","position":1,"name":"Inicio","item":"https:\/\/elsroures.com\/es\/"},{"@type":"ListItem","position":2,"name":"Seguro de Cancelaci\u00f3n de Reservas"}]},{"@type":"WebSite","@id":"https:\/\/elsroures.com\/es\/#website","url":"https:\/\/elsroures.com\/es\/","name":"Els Roures","description":"Otro sitio realizado con WordPress","publisher":{"@id":"https:\/\/elsroures.com\/es\/#organization"},"potentialAction":[{"@type":"SearchAction","target":{"@type":"EntryPoint","urlTemplate":"https:\/\/elsroures.com\/es\/?s={search_term_string}"},"query-input":{"@type":"PropertyValueSpecification","valueRequired":true,"valueName":"search_term_string"}}],"inLanguage":"es"},{"@type":"Organization","@id":"https:\/\/elsroures.com\/es\/#organization","name":"Els Roures","url":"https:\/\/elsroures.com\/es\/","logo":{"@type":"ImageObject","inLanguage":"es","@id":"https:\/\/elsroures.com\/es\/#\/schema\/logo\/image\/","url":"https:\/\/elsroures.com\/wp-content\/uploads\/logo-01.svg","contentUrl":"https:\/\/elsroures.com\/wp-content\/uploads\/logo-01.svg","width":"2048","height":"2048","caption":"Els Roures"},"image":{"@id":"https:\/\/elsroures.com\/es\/#\/schema\/logo\/image\/"},"sameAs":["https:\/\/www.instagram.com\/campingelsroures\/"]}]}},"_links":{"self":[{"href":"https:\/\/elsroures.com\/es\/wp-json\/wp\/v2\/pages\/17359","targetHints":{"allow":["GET"]}}],"collection":[{"href":"https:\/\/elsroures.com\/es\/wp-json\/wp\/v2\/pages"}],"about":[{"href":"https:\/\/elsroures.com\/es\/wp-json\/wp\/v2\/types\/page"}],"author":[{"embeddable":true,"href":"https:\/\/elsroures.com\/es\/wp-json\/wp\/v2\/users\/4"}],"replies":[{"embeddable":true,"href":"https:\/\/elsroures.com\/es\/wp-json\/wp\/v2\/comments?post=17359"}],"version-history":[{"count":4,"href":"https:\/\/elsroures.com\/es\/wp-json\/wp\/v2\/pages\/17359\/revisions"}],"predecessor-version":[{"id":24370,"href":"https:\/\/elsroures.com\/es\/wp-json\/wp\/v2\/pages\/17359\/revisions\/24370"}],"wp:featuredmedia":[{"embeddable":true,"href":"https:\/\/elsroures.com\/es\/wp-json\/wp\/v2\/media\/7180"}],"wp:attachment":[{"href":"https:\/\/elsroures.com\/es\/wp-json\/wp\/v2\/media?parent=17359"}],"curies":[{"name":"wp","href":"https:\/\/api.w.org\/{rel}","templated":true}]}}