{"id":10948,"date":"2022-11-30T09:40:31","date_gmt":"2022-11-30T08:40:31","guid":{"rendered":"https:\/\/mflhhmub.lucusprueba.es\/fianza\/"},"modified":"2024-09-02T13:27:50","modified_gmt":"2024-09-02T11:27:50","slug":"fianza","status":"publish","type":"page","link":"https:\/\/elsroures.com\/es\/fianza\/","title":{"rendered":"Fianza de\nBungalows y Apartamentos"},"content":{"rendered":"\n<div class=\"wp-block-cover alignfull is-light cover-page is-style-no-margin\"><span aria-hidden=\"true\" class=\"wp-block-cover__background has-background-dim-20 has-background-dim\"><\/span><img loading=\"lazy\" decoding=\"async\" width=\"1600\" height=\"909\" class=\"wp-block-cover__image-background wp-image-6084\" alt=\"\" src=\"https:\/\/elsroures.com\/wp-content\/uploads\/camping-els-roures-vall-de-camprodon-catalunya-web.jpg\" data-object-fit=\"cover\" srcset=\"https:\/\/elsroures.com\/wp-content\/uploads\/camping-els-roures-vall-de-camprodon-catalunya-web.jpg 1600w, https:\/\/elsroures.com\/wp-content\/uploads\/camping-els-roures-vall-de-camprodon-catalunya-web-1024x582.jpg 1024w, https:\/\/elsroures.com\/wp-content\/uploads\/camping-els-roures-vall-de-camprodon-catalunya-web-768x436.jpg 768w, https:\/\/elsroures.com\/wp-content\/uploads\/camping-els-roures-vall-de-camprodon-catalunya-web-1536x873.jpg 1536w\" sizes=\"auto, (max-width: 1600px) 100vw, 1600px\" \/><div class=\"wp-block-cover__inner-container is-layout-flow wp-block-cover-is-layout-flow\">\n<div class=\"wp-block-group is-layout-constrained wp-container-core-group-is-layout-f843088e wp-block-group-is-layout-constrained\"><h1 class=\"has-text-align-center wp-block-post-title has-text-color has-blank-white-color\">Fianza de\nBungalows y Apartamentos<\/h1><\/div>\n\n\n\n<p>\/<\/p>\n<\/div><\/div>\n\n\n\n<div class=\"wp-block-group alignwide has-blank-dark-grey-color has-text-color has-link-color wp-elements-29e9bb7554928e4fd65d7ed208315484 is-content-justification-left is-layout-constrained wp-container-core-group-is-layout-b8f68c67 wp-block-group-is-layout-constrained\" style=\"margin-bottom:10vh\"><div class=\"yoast-breadcrumbs\"><span><span><a href=\"https:\/\/elsroures.com\/es\/\">Inicio<\/a><\/span> \u00bb <span class=\"breadcrumb_last\" aria-current=\"page\">Fianza de Bungalows y Apartamentos<\/span><\/span><\/div><\/div>\n\n\n\n<h2 class=\"wp-block-heading has-text-align-center has-blank-green-color has-text-color has-link-color wp-elements-71043ab349625af8922469f351dbc0af\">\u00bfC\u00f3mo se gestiona la fianza de <br>Bungalows y Apartamentos?<\/h2>\n\n\n\n<p>En Camping els Roures trabajamos d\u00eda a d\u00eda por para mantener todos nuestros alojamientos en perfecto estado y para que todas las familias disfrut\u00e9is al m\u00e1ximo de vuestra estancia.<\/p>\n\n\n\n<p>La fianza es una herramienta para garantizar el buen estado de los alojamientos desde el momento de vuestra llegada y hasta la salida. <\/p>\n\n\n\n<p>Si realiz\u00e1is el <em>check-<\/em>in ONLINE, guardaremos los datos de la tarjeta bancaria. Si prefer\u00eds hacer el <em>Check-<\/em>in de manera presencial al llegar a la recepci\u00f3n, se har\u00e1 un cargo a vuestra tarjeta bancaria de 100 \u20ac (150 \u20ac estancias con mascota) como fianza.<\/p>\n\n\n\n<p><strong>\u00bfQU\u00c9 INCIDENCIAS CUBRE LA FIANZA?<\/strong><\/p>\n\n\n\n<p>El alojamiento se tiene que devolver en las mismas condiciones en que se ha encontrado en el momento de la entrada<\/p>\n\n\n\n<p>La devoluci\u00f3n de la fianza se realizar\u00e1 con un m\u00e1ximo de 8 d\u00edas naturales posteriores a la fecha de salida siempre y cuando el alojamiento se encuentre en condiciones de limpieza y sin desperfectos, es decir en iguales condiciones en que se ha encontrado en el momento de la entrada. En caso contrario, se cargar\u00e1 el importe que se considere. <\/p>\n\n\n\n<p>Camping els Roures har\u00e1 uso de la fianza en los siguientes casos:<\/p>\n\n\n\n<ul class=\"wp-block-list\">\n<li>Producci\u00f3n de desperfectos en el alojamiento y\/o su mobiliario, tanto interior como exterior.<\/li>\n\n\n\n<li>Mal estado o desperfectos en el equipamiento y\/o en los enseres como decoraci\u00f3n, textiles o menaje del hogar, entre otros.<\/li>\n\n\n\n<li>Falta de enseres y\/o falta del equipamiento como decoraci\u00f3n, textiles o menaje del hogar entre otros.<\/li>\n\n\n\n<li>Exceso de basuras, suciedad y\/o desorden.<br><br><br><\/li>\n<\/ul>\n","protected":false},"excerpt":{"rendered":"<p>\u00bfC\u00f3mo se gestiona la fianza de Bungalows y Apartamentos? En Camping els Roures trabajamos d\u00eda a d\u00eda por para mantener todos nuestros alojamientos en perfecto&#8230;<\/p>\n","protected":false},"author":2,"featured_media":0,"parent":0,"menu_order":8,"comment_status":"closed","ping_status":"closed","template":"","meta":{"_acf_changed":false,"footnotes":""},"class_list":["post-10948","page","type-page","status-publish","hentry"],"acf":[],"yoast_head":"<!-- This site is optimized with the Yoast SEO plugin v27.3 - https:\/\/yoast.com\/product\/yoast-seo-wordpress\/ -->\n<title>Fianza de Bungalows y Apartamentos | Els Roures<\/title>\n<meta name=\"robots\" content=\"index, follow, max-snippet:-1, max-image-preview:large, max-video-preview:-1\" \/>\n<link rel=\"canonical\" href=\"https:\/\/elsroures.com\/es\/fianza\/\" \/>\n<meta property=\"og:locale\" content=\"es_ES\" \/>\n<meta property=\"og:type\" content=\"article\" \/>\n<meta property=\"og:title\" content=\"Fianza de Bungalows y Apartamentos | Els Roures\" \/>\n<meta property=\"og:description\" content=\"\u00bfC\u00f3mo se gestiona la fianza de Bungalows y Apartamentos? En Camping els Roures trabajamos d\u00eda a d\u00eda por para mantener todos nuestros alojamientos en perfecto...\" \/>\n<meta property=\"og:url\" content=\"https:\/\/elsroures.com\/es\/fianza\/\" \/>\n<meta property=\"og:site_name\" content=\"Els Roures\" \/>\n<meta property=\"article:modified_time\" content=\"2024-09-02T11:27:50+00:00\" \/>\n<meta property=\"og:image\" content=\"https:\/\/elsroures.com\/wp-content\/uploads\/camping-els-roures-vall-de-camprodon-catalunya-web.jpg\" \/>\n<meta name=\"twitter:card\" content=\"summary_large_image\" \/>\n<meta name=\"twitter:label1\" content=\"Tiempo de lectura\" \/>\n\t<meta name=\"twitter:data1\" content=\"2 minutos\" \/>\n<script type=\"application\/ld+json\" class=\"yoast-schema-graph\">{\"@context\":\"https:\\\/\\\/schema.org\",\"@graph\":[{\"@type\":\"WebPage\",\"@id\":\"https:\\\/\\\/elsroures.com\\\/es\\\/fianza\\\/\",\"url\":\"https:\\\/\\\/elsroures.com\\\/es\\\/fianza\\\/\",\"name\":\"Fianza de Bungalows y Apartamentos | Els Roures\",\"isPartOf\":{\"@id\":\"https:\\\/\\\/elsroures.com\\\/es\\\/#website\"},\"primaryImageOfPage\":{\"@id\":\"https:\\\/\\\/elsroures.com\\\/es\\\/fianza\\\/#primaryimage\"},\"image\":{\"@id\":\"https:\\\/\\\/elsroures.com\\\/es\\\/fianza\\\/#primaryimage\"},\"thumbnailUrl\":\"https:\\\/\\\/elsroures.com\\\/wp-content\\\/uploads\\\/camping-els-roures-vall-de-camprodon-catalunya-web.jpg\",\"datePublished\":\"2022-11-30T08:40:31+00:00\",\"dateModified\":\"2024-09-02T11:27:50+00:00\",\"breadcrumb\":{\"@id\":\"https:\\\/\\\/elsroures.com\\\/es\\\/fianza\\\/#breadcrumb\"},\"inLanguage\":\"es\",\"potentialAction\":[{\"@type\":\"ReadAction\",\"target\":[\"https:\\\/\\\/elsroures.com\\\/es\\\/fianza\\\/\"]}]},{\"@type\":\"ImageObject\",\"inLanguage\":\"es\",\"@id\":\"https:\\\/\\\/elsroures.com\\\/es\\\/fianza\\\/#primaryimage\",\"url\":\"https:\\\/\\\/elsroures.com\\\/wp-content\\\/uploads\\\/camping-els-roures-vall-de-camprodon-catalunya-web.jpg\",\"contentUrl\":\"https:\\\/\\\/elsroures.com\\\/wp-content\\\/uploads\\\/camping-els-roures-vall-de-camprodon-catalunya-web.jpg\"},{\"@type\":\"BreadcrumbList\",\"@id\":\"https:\\\/\\\/elsroures.com\\\/es\\\/fianza\\\/#breadcrumb\",\"itemListElement\":[{\"@type\":\"ListItem\",\"position\":1,\"name\":\"Inicio\",\"item\":\"https:\\\/\\\/elsroures.com\\\/es\\\/\"},{\"@type\":\"ListItem\",\"position\":2,\"name\":\"Fianza de Bungalows y Apartamentos\"}]},{\"@type\":\"WebSite\",\"@id\":\"https:\\\/\\\/elsroures.com\\\/es\\\/#website\",\"url\":\"https:\\\/\\\/elsroures.com\\\/es\\\/\",\"name\":\"Els Roures\",\"description\":\"Otro sitio realizado con WordPress\",\"publisher\":{\"@id\":\"https:\\\/\\\/elsroures.com\\\/es\\\/#organization\"},\"potentialAction\":[{\"@type\":\"SearchAction\",\"target\":{\"@type\":\"EntryPoint\",\"urlTemplate\":\"https:\\\/\\\/elsroures.com\\\/es\\\/?s={search_term_string}\"},\"query-input\":{\"@type\":\"PropertyValueSpecification\",\"valueRequired\":true,\"valueName\":\"search_term_string\"}}],\"inLanguage\":\"es\"},{\"@type\":\"Organization\",\"@id\":\"https:\\\/\\\/elsroures.com\\\/es\\\/#organization\",\"name\":\"Els Roures\",\"url\":\"https:\\\/\\\/elsroures.com\\\/es\\\/\",\"logo\":{\"@type\":\"ImageObject\",\"inLanguage\":\"es\",\"@id\":\"https:\\\/\\\/elsroures.com\\\/es\\\/#\\\/schema\\\/logo\\\/image\\\/\",\"url\":\"https:\\\/\\\/elsroures.com\\\/wp-content\\\/uploads\\\/logo-01.svg\",\"contentUrl\":\"https:\\\/\\\/elsroures.com\\\/wp-content\\\/uploads\\\/logo-01.svg\",\"width\":\"2048\",\"height\":\"2048\",\"caption\":\"Els Roures\"},\"image\":{\"@id\":\"https:\\\/\\\/elsroures.com\\\/es\\\/#\\\/schema\\\/logo\\\/image\\\/\"},\"sameAs\":[\"https:\\\/\\\/www.instagram.com\\\/campingelsroures\\\/\"]}]}<\/script>\n<!-- \/ Yoast SEO plugin. -->","yoast_head_json":{"title":"Fianza de Bungalows y Apartamentos | Els Roures","robots":{"index":"index","follow":"follow","max-snippet":"max-snippet:-1","max-image-preview":"max-image-preview:large","max-video-preview":"max-video-preview:-1"},"canonical":"https:\/\/elsroures.com\/es\/fianza\/","og_locale":"es_ES","og_type":"article","og_title":"Fianza de Bungalows y Apartamentos | Els Roures","og_description":"\u00bfC\u00f3mo se gestiona la fianza de Bungalows y Apartamentos? En Camping els Roures trabajamos d\u00eda a d\u00eda por para mantener todos nuestros alojamientos en perfecto...","og_url":"https:\/\/elsroures.com\/es\/fianza\/","og_site_name":"Els Roures","article_modified_time":"2024-09-02T11:27:50+00:00","og_image":[{"url":"https:\/\/elsroures.com\/wp-content\/uploads\/camping-els-roures-vall-de-camprodon-catalunya-web.jpg","type":"","width":"","height":""}],"twitter_card":"summary_large_image","twitter_misc":{"Tiempo de lectura":"2 minutos"},"schema":{"@context":"https:\/\/schema.org","@graph":[{"@type":"WebPage","@id":"https:\/\/elsroures.com\/es\/fianza\/","url":"https:\/\/elsroures.com\/es\/fianza\/","name":"Fianza de Bungalows y Apartamentos | Els Roures","isPartOf":{"@id":"https:\/\/elsroures.com\/es\/#website"},"primaryImageOfPage":{"@id":"https:\/\/elsroures.com\/es\/fianza\/#primaryimage"},"image":{"@id":"https:\/\/elsroures.com\/es\/fianza\/#primaryimage"},"thumbnailUrl":"https:\/\/elsroures.com\/wp-content\/uploads\/camping-els-roures-vall-de-camprodon-catalunya-web.jpg","datePublished":"2022-11-30T08:40:31+00:00","dateModified":"2024-09-02T11:27:50+00:00","breadcrumb":{"@id":"https:\/\/elsroures.com\/es\/fianza\/#breadcrumb"},"inLanguage":"es","potentialAction":[{"@type":"ReadAction","target":["https:\/\/elsroures.com\/es\/fianza\/"]}]},{"@type":"ImageObject","inLanguage":"es","@id":"https:\/\/elsroures.com\/es\/fianza\/#primaryimage","url":"https:\/\/elsroures.com\/wp-content\/uploads\/camping-els-roures-vall-de-camprodon-catalunya-web.jpg","contentUrl":"https:\/\/elsroures.com\/wp-content\/uploads\/camping-els-roures-vall-de-camprodon-catalunya-web.jpg"},{"@type":"BreadcrumbList","@id":"https:\/\/elsroures.com\/es\/fianza\/#breadcrumb","itemListElement":[{"@type":"ListItem","position":1,"name":"Inicio","item":"https:\/\/elsroures.com\/es\/"},{"@type":"ListItem","position":2,"name":"Fianza de Bungalows y Apartamentos"}]},{"@type":"WebSite","@id":"https:\/\/elsroures.com\/es\/#website","url":"https:\/\/elsroures.com\/es\/","name":"Els Roures","description":"Otro sitio realizado con WordPress","publisher":{"@id":"https:\/\/elsroures.com\/es\/#organization"},"potentialAction":[{"@type":"SearchAction","target":{"@type":"EntryPoint","urlTemplate":"https:\/\/elsroures.com\/es\/?s={search_term_string}"},"query-input":{"@type":"PropertyValueSpecification","valueRequired":true,"valueName":"search_term_string"}}],"inLanguage":"es"},{"@type":"Organization","@id":"https:\/\/elsroures.com\/es\/#organization","name":"Els Roures","url":"https:\/\/elsroures.com\/es\/","logo":{"@type":"ImageObject","inLanguage":"es","@id":"https:\/\/elsroures.com\/es\/#\/schema\/logo\/image\/","url":"https:\/\/elsroures.com\/wp-content\/uploads\/logo-01.svg","contentUrl":"https:\/\/elsroures.com\/wp-content\/uploads\/logo-01.svg","width":"2048","height":"2048","caption":"Els Roures"},"image":{"@id":"https:\/\/elsroures.com\/es\/#\/schema\/logo\/image\/"},"sameAs":["https:\/\/www.instagram.com\/campingelsroures\/"]}]}},"_links":{"self":[{"href":"https:\/\/elsroures.com\/es\/wp-json\/wp\/v2\/pages\/10948","targetHints":{"allow":["GET"]}}],"collection":[{"href":"https:\/\/elsroures.com\/es\/wp-json\/wp\/v2\/pages"}],"about":[{"href":"https:\/\/elsroures.com\/es\/wp-json\/wp\/v2\/types\/page"}],"author":[{"embeddable":true,"href":"https:\/\/elsroures.com\/es\/wp-json\/wp\/v2\/users\/2"}],"replies":[{"embeddable":true,"href":"https:\/\/elsroures.com\/es\/wp-json\/wp\/v2\/comments?post=10948"}],"version-history":[{"count":4,"href":"https:\/\/elsroures.com\/es\/wp-json\/wp\/v2\/pages\/10948\/revisions"}],"predecessor-version":[{"id":17461,"href":"https:\/\/elsroures.com\/es\/wp-json\/wp\/v2\/pages\/10948\/revisions\/17461"}],"wp:attachment":[{"href":"https:\/\/elsroures.com\/es\/wp-json\/wp\/v2\/media?parent=10948"}],"curies":[{"name":"wp","href":"https:\/\/api.w.org\/{rel}","templated":true}]}}